{"id":24,"date":"2025-08-19T20:12:22","date_gmt":"2025-08-19T20:12:22","guid":{"rendered":"https:\/\/rmff2025.test\/?page_id=24"},"modified":"2026-03-19T20:22:52","modified_gmt":"2026-03-19T20:22:52","slug":"home","status":"publish","type":"page","link":"http:\/\/rmff.org\/de\/","title":{"rendered":"Startseite"},"content":{"rendered":"<div data-elementor-type=\"wp-page\" data-elementor-id=\"24\" class=\"elementor elementor-24\" data-elementor-post-type=\"page\">\n\t\t\t\t<div class=\"elementor-element elementor-element-814d305 hero-video e-flex e-con-boxed e-con e-parent\" data-id=\"814d305\" data-element_type=\"container\" data-e-type=\"container\" data-settings=\"{&quot;background_background&quot;:&quot;video&quot;,&quot;background_video_link&quot;:&quot;\\\/wp-content\\\/uploads\\\/2025\\\/11\\\/RMFF-Hero-Video.mp4&quot;,&quot;background_play_on_mobile&quot;:&quot;yes&quot;}\">\n\t\t\t\t\t<div class=\"e-con-inner\">\n\t\t<div class=\"elementor-background-video-container\">\n\t\t\t\t\t\t\t<video class=\"elementor-background-video-hosted\" role=\"presentation\" autoplay muted playsinline loop><\/video>\n\t\t\t\t\t<\/div>\t\t<div class=\"elementor-element elementor-element-ac593a4 elementor-widget elementor-widget-rmff-hero\" data-id=\"ac593a4\" data-element_type=\"widget\" data-e-type=\"widget\" data-widget_type=\"rmff-hero.default\">\n\t\t\t\t<div class=\"elementor-widget-container\">\n\t\t\t\t\t<div class=\"hero-widget home\"><div class=\"hero-overlay\"><\/div><div class=\"hero-content\"><h1><p>Bed\u00fcrfnisse aufsp\u00fcren.<br \/>Treibstoff f\u00fcr das Potenzial.<\/p><\/h1><\/div><div class=\"hero-video-controls\"><button class=\"hero-pause-btn\" id=\"hero-pause-btn\" style=\"display: none;\"><svg class=\"pause-icon\" viewbox=\"0 0 24 24\" fill=\"currentColor\"><path d=\"M6 19h4V5H6v14zm8-14v14h4V5h-4z\"\/><\/svg><svg class=\"play-icon\" viewbox=\"0 0 24 24\" fill=\"currentColor\" style=\"display: none;\"><path d=\"M8 5v14l11-7z\"\/><\/svg><\/button><\/div><\/div>\t\t\t\t<\/div>\n\t\t\t\t<\/div>\n\t\t\t\t\t<\/div>\n\t\t\t\t<\/div>\n\t\t<div class=\"elementor-element elementor-element-621df99 e-flex e-con-boxed e-con e-parent\" data-id=\"621df99\" data-element_type=\"container\" data-e-type=\"container\">\n\t\t\t\t\t<div class=\"e-con-inner\">\n\t\t\t\t<div class=\"elementor-element elementor-element-c2dcc95 elementor-widget elementor-widget-rmff-image-link-blocks\" data-id=\"c2dcc95\" data-element_type=\"widget\" data-e-type=\"widget\" data-widget_type=\"rmff-image-link-blocks.default\">\n\t\t\t\t<div class=\"elementor-widget-container\">\n\t\t\t\t\t<div class=\"image-link-blocks-widget\"><h2 class=\"image-link-blocks-headline\">Siehe unsere Arbeit<\/h2><div class=\"image-link-blocks-grid\"><a href=\"\/funding\/education\" class=\"image-link-block fade-in-up\" data-area=\"education\" style=\"background-image: url(https:\/\/rmff.org\/wp-content\/uploads\/2025\/09\/shutterstock_2492761215-1-1.png);\"><div class=\"image-link-block-overlay\"><img decoding=\"async\" src=\"http:\/\/rmff.org\/wp-content\/themes\/rmff2025\/assets\/images\/icon-education.svg\" alt=\"Education\" class=\"image-link-block-area-icon\"><\/div><div class=\"image-link-block-content\"><div class=\"image-link-block-text\"><h3 class=\"image-link-block-title\">Bildung<\/h3><p class=\"image-link-block-hover-text\">Verbesserung der Ergebnisse in den Bereichen Bildung und Arbeitskr\u00e4fte<\/p><\/div><div class=\"image-link-block-arrow\"><svg viewbox=\"0 0 24 24\" fill=\"currentColor\"><path d=\"M8.59 16.59L13.17 12 8.59 7.41 10 6l6 6-6 6-1.41-1.41z\"\/><\/svg><\/div><\/div><\/a><a href=\"\/funding\/health\" class=\"image-link-block fade-in-up\" data-area=\"health\" style=\"background-image: url(https:\/\/rmff.org\/wp-content\/uploads\/2025\/08\/shutterstock_2276001457-1.png);\"><div class=\"image-link-block-overlay\"><img decoding=\"async\" src=\"http:\/\/rmff.org\/wp-content\/themes\/rmff2025\/assets\/images\/icon-health.svg\" alt=\"Health\" class=\"image-link-block-area-icon\"><\/div><div class=\"image-link-block-content\"><div class=\"image-link-block-text\"><h3 class=\"image-link-block-title\">Gesundheit<\/h3><p class=\"image-link-block-hover-text\">Verbesserung der Gesundheitsergebnisse<\/p><\/div><div class=\"image-link-block-arrow\"><svg viewbox=\"0 0 24 24\" fill=\"currentColor\"><path d=\"M8.59 16.59L13.17 12 8.59 7.41 10 6l6 6-6 6-1.41-1.41z\"\/><\/svg><\/div><\/div><\/a><a href=\"\/funding\/vitality-of-indianapolis\" class=\"image-link-block fade-in-up\" data-area=\"vitality\" style=\"background-image: url(https:\/\/rmff.org\/wp-content\/uploads\/2025\/10\/shutterstock_2503767829-scaled-e1760102864210.jpg);\"><div class=\"image-link-block-overlay\"><img decoding=\"async\" src=\"http:\/\/rmff.org\/wp-content\/themes\/rmff2025\/assets\/images\/icon-vitality.svg\" alt=\"Vitality\" class=\"image-link-block-area-icon\"><\/div><div class=\"image-link-block-content\"><div class=\"image-link-block-text\"><h3 class=\"image-link-block-title\">Vitalit\u00e4t von Indianapolis<\/h3><p class=\"image-link-block-hover-text\">Ein lebendigeres Indianapolis schaffen<\/p><\/div><div class=\"image-link-block-arrow\"><svg viewbox=\"0 0 24 24\" fill=\"currentColor\"><path d=\"M8.59 16.59L13.17 12 8.59 7.41 10 6l6 6-6 6-1.41-1.41z\"\/><\/svg><\/div><\/div><\/a><\/div><\/div>\t\t\t\t<\/div>\n\t\t\t\t<\/div>\n\t\t\t\t\t<\/div>\n\t\t\t\t<\/div>\n\t\t<div class=\"elementor-element elementor-element-79da9f2 e-flex e-con-boxed e-con e-parent\" data-id=\"79da9f2\" data-element_type=\"container\" data-e-type=\"container\" data-settings=\"{&quot;background_background&quot;:&quot;classic&quot;}\">\n\t\t\t\t\t<div class=\"e-con-inner\">\n\t\t\t\t<div class=\"elementor-element elementor-element-f6c75b8 elementor-widget elementor-widget-rmff-statement-callout\" data-id=\"f6c75b8\" data-element_type=\"widget\" data-e-type=\"widget\" data-widget_type=\"rmff-statement-callout.default\">\n\t\t\t\t<div class=\"elementor-widget-container\">\n\t\t\t\t\t<div class=\"statement-callout-widget fade-in-up\"><div class=\"eyebrow-text\">Unser Auftrag <\/div><h2 class=\"statement-text\">F\u00f6rderung der Vitalit\u00e4t von Indianapolis und des Wohlergehens seiner Einwohner<\/h2><\/div>\t\t\t\t<\/div>\n\t\t\t\t<\/div>\n\t\t\t\t\t<\/div>\n\t\t\t\t<\/div>\n\t\t<div class=\"elementor-element elementor-element-079d93e e-flex e-con-boxed e-con e-parent\" data-id=\"079d93e\" data-element_type=\"container\" data-e-type=\"container\" data-settings=\"{&quot;background_background&quot;:&quot;classic&quot;}\">\n\t\t\t\t\t<div class=\"e-con-inner\">\n\t\t\t\t<div class=\"elementor-element elementor-element-43a31a4 elementor-widget elementor-widget-rmff-horizontal-stats\" data-id=\"43a31a4\" data-element_type=\"widget\" data-e-type=\"widget\" data-widget_type=\"rmff-horizontal-stats.default\">\n\t\t\t\t<div class=\"elementor-widget-container\">\n\t\t\t\t\t<div class=\"horizontal-stats-widget\"><h2 class=\"horizontal-stats-headline\">Unser Auftrag in Aktion<\/h2><div class=\"horizontal-stats-grid\"><div class=\"horizontal-stat-item fade-in-up\"><a href=\"\/grants\/all-grants-awarded\/\" class=\"stat-number-link\"><div class=\"stat-number metric-text\"><span class=\"stat-number-prefix\">$<\/span><span class=\"stat-number-value\" data-target=\"326.7\">0<\/span><span class=\"stat-number-suffix\">M<\/span><\/div><\/a><div class=\"stat-bold-descriptor\">in Gesamtzusch\u00fcssen<\/div><div class=\"stat-light-descriptor\">von 1986-2024<\/div><a href=\"\/grants\/all-grants-awarded\/\" class=\"cta-button secondary\">Alle bewilligten Zusch\u00fcsse anzeigen<\/a><\/div><div class=\"horizontal-stat-item fade-in-up\"><a href=\"\/grants\/the-grants-process\/\" class=\"stat-number-link\"><div class=\"stat-number metric-text\"><span class=\"stat-number-value\" data-target=\"160\">0<\/span><\/div><\/a><div class=\"stat-bold-descriptor\">Zusch\u00fcsse<\/div><div class=\"stat-light-descriptor\">von 2020-2024<\/div><a href=\"\/grants\/the-grants-process\/\" class=\"cta-button secondary\">Unser Finanzierungsprozess<\/a><\/div><div class=\"horizontal-stat-item fade-in-up\"><a href=\"\/research\/reports\/\" class=\"stat-number-link\"><div class=\"stat-number metric-text\"><span class=\"stat-number-value\" data-target=\"22\">0<\/span><\/div><\/a><div class=\"stat-bold-descriptor\">Berichte<\/div><div class=\"stat-light-descriptor\">von 2020-2024<\/div><a href=\"\/research\/reports\/\" class=\"cta-button secondary\">Alle Berichte durchsuchen<\/a><\/div><div class=\"horizontal-stat-item fade-in-up\"><a href=\"\/funding\/collaboration-convenings\/%20\" class=\"stat-number-link\"><div class=\"stat-number metric-text\"><span class=\"stat-number-value\" data-target=\"158\">0<\/span><\/div><\/a><div class=\"stat-bold-descriptor\">Einberufungen<\/div><div class=\"stat-light-descriptor\">von 2020-2024<\/div><a href=\"\/funding\/collaboration-convenings\/%20\" class=\"cta-button secondary\">Wie wir zusammenarbeiten<\/a><\/div><\/div><\/div>\t\t\t\t<\/div>\n\t\t\t\t<\/div>\n\t\t\t\t\t<\/div>\n\t\t\t\t<\/div>\n\t\t<div class=\"elementor-element elementor-element-5f15870 e-flex e-con-boxed e-con e-parent\" data-id=\"5f15870\" data-element_type=\"container\" data-e-type=\"container\">\n\t\t\t\t\t<div class=\"e-con-inner\">\n\t\t\t\t<div class=\"elementor-element elementor-element-1d5ddca elementor-widget elementor-widget-stories\" data-id=\"1d5ddca\" data-element_type=\"widget\" data-e-type=\"widget\" data-widget_type=\"stories.default\">\n\t\t\t\t<div class=\"elementor-widget-container\">\n\t\t\t\t\t<div class=\"stories-widget stories-widget--vertical\"><div class=\"stories-header\"><h2 class=\"stories-headline\">Sinnvollen Fortschritt unterst\u00fctzen<\/h2><a href=\"#signup\" class=\"stories-cta-button cta-button underlined\">E-Mail-Updates erhalten<\/a><\/div><div class=\"stories-grid\"><div class=\"story-item fade-in-up\"><a href=\"http:\/\/rmff.org\/de\/2025\/10\/fairbanks-foundation-cohosts-pathways-convening\/\" class=\"story-image-link\"><div class=\"story-image\" style=\"background-image: url('https:\/\/rmff.org\/wp-content\/uploads\/2025\/10\/Image-2025-09-24T093807.516-600x450-1-e1765211036209.jpg');\"><\/div><\/a><div class=\"story-content\"><a href=\"http:\/\/rmff.org\/de\/2025\/10\/fairbanks-foundation-cohosts-pathways-convening\/\" class=\"story-headline-link\"><h3 class=\"story-headline\">Fairbanks Foundation ist Mitveranstalter des Pathways Convening<\/h3><\/a><div class=\"story-description\">Im Oktober veranstalteten die Fairbanks Foundation und CareerWise USA gemeinsam das erste U.S. Advanced CEMETS Institute in Zusammenarbeit mit CEMETS.<\/div><a href=\"http:\/\/rmff.org\/de\/2025\/10\/fairbanks-foundation-cohosts-pathways-convening\/\" class=\"story-cta-button cta-button\">Mehr lesen<\/a><\/div><\/div><div class=\"story-item fade-in-up\"><a href=\"http:\/\/rmff.org\/de\/2025\/10\/the-impact-of-college-matters-meeting-the-moment\/\" class=\"story-image-link\"><div class=\"story-image\" style=\"background-image: url('https:\/\/rmff.org\/wp-content\/uploads\/2025\/10\/shutterstock_2345710741-2-scaled-e1765823564842.jpg');\"><\/div><\/a><div class=\"story-content\"><a href=\"http:\/\/rmff.org\/de\/2025\/10\/the-impact-of-college-matters-meeting-the-moment\/\" class=\"story-headline-link\"><h3 class=\"story-headline\">Die Auswirkungen der <i>College-Angelegenheiten: Den Moment treffen<\/i><\/h3><\/a><div class=\"story-description\">Im Jahr 2023 startete die Richard M. Fairbanks Foundation College Matters, eine zweistufige F\u00f6rderinitiative mit einem Volumen von $14 Millionen, um die Zahl der College-Besuche von High-School-Abg\u00e4ngern in Marion County zu erh\u00f6hen.<\/div><a href=\"http:\/\/rmff.org\/de\/2025\/10\/the-impact-of-college-matters-meeting-the-moment\/\" class=\"story-cta-button cta-button\">Mehr lesen<\/a><\/div><\/div><div class=\"story-item fade-in-up\"><a href=\"http:\/\/rmff.org\/de\/2025\/11\/fairbanks-foundation-awards-grants-to-support-food-insecurity-efforts\/\" class=\"story-image-link\"><div class=\"story-image\" style=\"background-image: url('https:\/\/rmff.org\/wp-content\/uploads\/2025\/11\/shutterstock_2165751001-2.jpg');\"><\/div><\/a><div class=\"story-content\"><a href=\"http:\/\/rmff.org\/de\/2025\/11\/fairbanks-foundation-awards-grants-to-support-food-insecurity-efforts\/\" class=\"story-headline-link\"><h3 class=\"story-headline\">Fairbanks Foundation vergibt Zusch\u00fcsse zur Unterst\u00fctzung von Bem\u00fchungen um Ern\u00e4hrungssicherheit<\/h3><\/a><div class=\"story-description\">Anfang dieses Monats vergab die Richard M. Fairbanks Foundation $25.000 Zusch\u00fcsse an sieben gemeinn\u00fctzige Organisationen, die sich mit der Ern\u00e4hrungsunsicherheit in Indianapolis befassen.<\/div><a href=\"http:\/\/rmff.org\/de\/2025\/11\/fairbanks-foundation-awards-grants-to-support-food-insecurity-efforts\/\" class=\"story-cta-button cta-button\">Mehr lesen<\/a><\/div><\/div><\/div><\/div>\t\t\t\t<\/div>\n\t\t\t\t<\/div>\n\t\t\t\t\t<\/div>\n\t\t\t\t<\/div>\n\t\t<div class=\"elementor-element elementor-element-2ed8cf2 e-flex e-con-boxed e-con e-parent\" data-id=\"2ed8cf2\" data-element_type=\"container\" data-e-type=\"container\" data-settings=\"{&quot;background_background&quot;:&quot;classic&quot;}\">\n\t\t\t\t\t<div class=\"e-con-inner\">\n\t\t\t\t<div class=\"elementor-element elementor-element-c069f71 elementor-widget elementor-widget-rmff_tabs\" data-id=\"c069f71\" data-element_type=\"widget\" data-e-type=\"widget\" data-widget_type=\"rmff_tabs.default\">\n\t\t\t\t<div class=\"elementor-widget-container\">\n\t\t\t\t\t<div class=\"rmff-tabs-widget fade-in-up\"><div class=\"rmff-tabs-header\"><h2 class=\"rmff-tabs-headline\">Gemeinsame Nutzung kritischer Daten<\/h2><a href=\"\/community-data-snapshot\" class=\"rmff-tabs-cta-button underlined cta-button\">Alle Daten erkunden<\/a><\/div><div class=\"rmff-tabs-container\"><div class=\"rmff-tabs-navigation\"><button class=\"rmff-tab-button active\" data-tab=\"0\">Gemeinschaftlicher Daten-Snapshot<\/button><button class=\"rmff-tab-button\" data-tab=\"1\">Bildung<\/button><button class=\"rmff-tab-button\" data-tab=\"2\">Gesundheit<\/button><button class=\"rmff-tab-button\" data-tab=\"3\">Vitalit\u00e4t von Indianapolis<\/button><button class=\"rmff-tab-button\" data-tab=\"4\">Demografische Daten<\/button><\/div><div class=\"rmff-tabs-content\"><div class=\"rmff-tab-content active\" data-tab=\"0\"><div class=\"rmff-tab-text\"><div class=\"rmff-tab-description\"><h3>300+ kostenlose Diagramme und Grafiken f\u00fcr den \u00f6ffentlichen Gebrauch<\/h3><p>Wir glauben an datengest\u00fctzte Entscheidungen und teilen unsere Daten, um anderen dabei zu helfen, dasselbe zu tun. Unser Community Data Snapshot fasst Daten aus verschiedenen Quellen zusammen und bietet Einblicke in <a href=\"\/community-data-snapshot\/?topic=education&amp;subtopic=early-childhood-education&amp;graph=early-childhood-education-providerscenters\">Bildung<\/a>, <a href=\"\/community-data-snapshot\/?topic=health&amp;subtopic=cause-of-death&amp;graph=cause-of-death\">Gesundheit<\/a>, die <a href=\"\/community-data-snapshot\/?topic=vitality-of-indianapolis&amp;subtopic=employment&amp;graph=labor-force\">Vitalit\u00e4t von Indianapolis<\/a>, und <a href=\"\/community-data-snapshot\/?topic=demographics&amp;subtopic=demographic-characteristics&amp;graph=total-population\">Demografische Daten<\/a>. Mit \u00fcber 300 Diagrammen und Schaubildern soll dieses Instrument unseren Zuschussempf\u00e4ngern und Partnern sowie den Interessenvertretern der Gemeinschaft und anderen helfen, fundierte Entscheidungen zu treffen, die zu besseren Ergebnissen f\u00fchren.<\/p><\/div><a href=\"\/community-data-snapshot\" class=\"rmff-tab-cta-button cta-button\">Alle interaktiven Diagramme anzeigen<\/a><\/div><div class=\"rmff-tab-image\"><img decoding=\"async\" src=\"https:\/\/rmff.org\/wp-content\/uploads\/2025\/08\/Graph-2.svg\" alt=\"Community Data Snapshot\"><\/div><\/div><div class=\"rmff-tab-content\" data-tab=\"1\"><div class=\"rmff-tab-text\"><div class=\"rmff-tab-description\"><h3>Bildungsdaten Highlights<\/h3><p><strong>23.1%<\/strong>\u00a0 der Achtkl\u00e4ssler in Marion County bestanden die <a href=\"https:\/\/rmff.org\/community-data-snapshot\/?topic=education&amp;subtopic=academic-achievement&amp;graph=ilearn\">ILEARN-Mathematikbewertung<\/a> im Jahr 2025.<\/p><p><strong>89.1%\u00a0 <\/strong>der Oberstufensch\u00fcler in Marion County <a href=\"https:\/\/rmff.org\/community-data-snapshot\/?topic=education&amp;subtopic=college-and-career-readiness&amp;graph=high-school-graduation\">p\u00fcnktlich graduiert<\/a> im Jahr 2025.<\/p><p><strong>42.5%\u00a0 <\/strong>der Einwohner von Marion County hatten <a href=\"https:\/\/rmff.org\/community-data-snapshot\/?topic=education&amp;subtopic=degree-and-credential-attainment&amp;graph=educational-attainment\">einen Associate Degree oder h\u00f6her<\/a> im Jahr 2024.<\/p><\/div><a href=\"\/community-data-snapshot\/?topic=education&#038;subtopic=early-childhood-education&#038;graph=early-childhood-education-providerscenters\" class=\"rmff-tab-cta-button cta-button\">Alle Bildungsdiagramme anzeigen<\/a><\/div><div class=\"rmff-tab-image\"><img decoding=\"async\" src=\"https:\/\/rmff.org\/wp-content\/uploads\/2025\/08\/Education-Graph.svg\" alt=\"Education\"><\/div><\/div><div class=\"rmff-tab-content\" data-tab=\"2\"><div class=\"rmff-tab-text\"><div class=\"rmff-tab-description\"><h3>H\u00f6hepunkte der Gesundheitsdaten<\/h3><p><strong>70%\u00a0 <\/strong>der Einwohner des Stadtgebiets von Indianapolis wurden als <a href=\"https:\/\/rmff.org\/community-data-snapshot\/?topic=health&amp;subtopic=health-status&amp;graph=weight-status\">\u00fcbergewichtig oder fettleibig<\/a> im Jahr 2023.<\/p><p><strong>14.5%\u00a0 <\/strong>von Marion County Jugend <a href=\"https:\/\/rmff.org\/community-data-snapshot\/?topic=health&amp;subtopic=mental-health&amp;graph=youth-mental-health\">einen Selbstmordversuch in Erw\u00e4gung zog<\/a> im Jahr 2024.<\/p><p><strong>422\u00a0 <\/strong><a href=\"https:\/\/rmff.org\/community-data-snapshot\/?topic=health&amp;subtopic=substance-use-disorder&amp;graph=drug-and-alcohol-induced-deaths\">t\u00f6dliche Drogenvergiftungen<\/a> (overdoses) occurred in Marion County in 2024.<\/p><\/div><a href=\"\/community-data-snapshot\/?topic=health&#038;subtopic=cause-of-death&#038;graph=cause-of-death\" class=\"rmff-tab-cta-button cta-button\">Alle Gesundheitsgrafiken anzeigen<\/a><\/div><div class=\"rmff-tab-image\"><img decoding=\"async\" src=\"https:\/\/rmff.org\/wp-content\/uploads\/2025\/09\/Health-Graph.svg\" alt=\"Health\"><\/div><\/div><div class=\"rmff-tab-content\" data-tab=\"3\"><div class=\"rmff-tab-text\"><div class=\"rmff-tab-description\"><h3>Vitalit\u00e4t von Indianapolis Daten Highlights<\/h3><p><strong>82.8%\u00a0 <\/strong>der Einwohner von Marion County waren <a href=\"https:\/\/rmff.org\/community-data-snapshot\/?topic=vitality-of-indianapolis&amp;subtopic=employment&amp;graph=labor-force\">besch\u00e4ftigt oder arbeitssuchend<\/a> im Jahr 2024.<\/p><p><strong>15.9%\u00a0 <\/strong>der Einwohner von Marion County lebten in einem <a href=\"https:\/\/rmff.org\/community-data-snapshot\/?topic=vitality-of-indianapolis&amp;subtopic=incomepoverty&amp;graph=food-insecurity\">ern\u00e4hrungsunsicherer Haushalt<\/a> im Jahr 2023.<\/p><p><strong>25.9%\u00a0 <\/strong>der Mieter in Marion County gaben <a href=\"https:\/\/rmff.org\/community-data-snapshot\/?topic=vitality-of-indianapolis&amp;subtopic=housing&amp;graph=rent-burden\">mehr als 50% ihres Haushaltseinkommens f\u00fcr Miete ausgeben<\/a> im Jahr 2024.<\/p><\/div><a href=\"\/community-data-snapshot\/?topic=vitality-of-indianapolis&#038;subtopic=employment&#038;graph=labor-force\" class=\"rmff-tab-cta-button cta-button\">Alle Diagramme zur Vitalit\u00e4t von Indianapolis anzeigen<\/a><\/div><div class=\"rmff-tab-image\"><img decoding=\"async\" src=\"https:\/\/rmff.org\/wp-content\/uploads\/2025\/09\/Vitality-Graph.svg\" alt=\"Vitality of Indianapolis\"><\/div><\/div><div class=\"rmff-tab-content\" data-tab=\"4\"><div class=\"rmff-tab-text\"><div class=\"rmff-tab-description\"><h3>Demografische Daten Highlights<\/h3><p><strong>981,628\u00a0<\/strong> <a href=\"https:\/\/rmff.org\/community-data-snapshot\/?topic=demographics&amp;subtopic=demographic-characteristics&amp;graph=total-population\">lebte in Marion County<\/a> im Jahr 2024.<\/p><p><strong>34.6<\/strong>\u00a0 war die <a href=\"https:\/\/rmff.org\/community-data-snapshot\/?topic=demographics&amp;subtopic=demographic-characteristics&amp;graph=age\">medianes Alter<\/a> in Marion County im Jahr 2023.<\/p><p><strong>5.6%\u00a0<\/strong> der Haushalte in Marion County hatten <a href=\"https:\/\/rmff.org\/community-data-snapshot\/?topic=demographics&amp;subtopic=demographic-characteristics&amp;graph=households-with-limited-english-speaking-proficiency\">eingeschr\u00e4nkte englische Sprachkenntnisse<\/a> im Jahr 2024.<\/p><\/div><a href=\"\/community-data-snapshot\/?topic=demographics&#038;subtopic=demographic-characteristics&#038;graph=total-population\" class=\"rmff-tab-cta-button cta-button\">Alle demografischen Diagramme anzeigen<\/a><\/div><div class=\"rmff-tab-image\"><img decoding=\"async\" src=\"https:\/\/rmff.org\/wp-content\/uploads\/2025\/09\/Demographic-Graph.svg\" alt=\"Demographics\"><\/div><\/div><\/div><\/div><\/div>\t\t\t\t<\/div>\n\t\t\t\t<\/div>\n\t\t\t\t\t<\/div>\n\t\t\t\t<\/div>\n\t\t\t\t<\/div>","protected":false},"excerpt":{"rendered":"<p>Pinpointing Needs.Fueling Potential. See Our Work Education Strengthening education and workforce outcomes Health Improving health outcomes Vitality of Indianapolis Creating a more vibrant Indianapolis Our Mission Advancing the Vitality of Indianapolis and the Well-Being of Its People Our Mission In Action $0Min total grantsfrom 1986-2024See All Awarded Grants0grantsfrom 2020-2024Our Funding Process0reportsfrom 2020-2024Browse All Reports0conveningsfrom 2020-2024How [&hellip;]<\/p>\n","protected":false},"author":1,"featured_media":0,"parent":0,"menu_order":0,"comment_status":"closed","ping_status":"closed","template":"","meta":{"_acf_changed":false,"footnotes":""},"class_list":["post-24","page","type-page","status-publish","hentry"],"acf":[],"_links":{"self":[{"href":"http:\/\/rmff.org\/de\/wp-json\/wp\/v2\/pages\/24","targetHints":{"allow":["GET"]}}],"collection":[{"href":"http:\/\/rmff.org\/de\/wp-json\/wp\/v2\/pages"}],"about":[{"href":"http:\/\/rmff.org\/de\/wp-json\/wp\/v2\/types\/page"}],"author":[{"embeddable":true,"href":"http:\/\/rmff.org\/de\/wp-json\/wp\/v2\/users\/1"}],"replies":[{"embeddable":true,"href":"http:\/\/rmff.org\/de\/wp-json\/wp\/v2\/comments?post=24"}],"version-history":[{"count":0,"href":"http:\/\/rmff.org\/de\/wp-json\/wp\/v2\/pages\/24\/revisions"}],"wp:attachment":[{"href":"http:\/\/rmff.org\/de\/wp-json\/wp\/v2\/media?parent=24"}],"curies":[{"name":"wp","href":"https:\/\/api.w.org\/{rel}","templated":true}]}}