{"id":15464,"date":"2025-09-24T12:36:21","date_gmt":"2025-09-24T12:36:21","guid":{"rendered":"https:\/\/staging.rmff.org\/?page_id=15464"},"modified":"2026-02-23T16:46:01","modified_gmt":"2026-02-23T16:46:01","slug":"board-of-directors","status":"publish","type":"page","link":"http:\/\/rmff.org\/pl\/about\/board-of-directors\/","title":{"rendered":"Rada Dyrektor\u00f3w"},"content":{"rendered":"<div data-elementor-type=\"wp-page\" data-elementor-id=\"15464\" class=\"elementor elementor-15464\" data-elementor-post-type=\"page\">\n\t\t\t\t<div class=\"elementor-element elementor-element-885a957 e-flex e-con-boxed e-con e-parent\" data-id=\"885a957\" data-element_type=\"container\" data-e-type=\"container\" data-settings=\"{&quot;background_background&quot;:&quot;classic&quot;}\">\n\t\t\t\t\t<div class=\"e-con-inner\">\n\t\t\t\t<div class=\"elementor-element elementor-element-5d4a9ef elementor-widget elementor-widget-rmff-hero\" data-id=\"5d4a9ef\" data-element_type=\"widget\" data-e-type=\"widget\" data-widget_type=\"rmff-hero.default\">\n\t\t\t\t<div class=\"elementor-widget-container\">\n\t\t\t\t\t<div class=\"hero-widget home\"><div class=\"hero-overlay\"><\/div><div class=\"hero-content\"><div class=\"eyebrow-text\">Zesp\u00f3\u0142 Fundacji<\/div><h1><p>Rada Dyrektor\u00f3w<\/p><\/h1><\/div><div class=\"hero-video-controls\"><button class=\"hero-pause-btn\" id=\"hero-pause-btn\" style=\"display: none;\"><svg class=\"pause-icon\" viewbox=\"0 0 24 24\" fill=\"currentColor\"><path d=\"M6 19h4V5H6v14zm8-14v14h4V5h-4z\"\/><\/svg><svg class=\"play-icon\" viewbox=\"0 0 24 24\" fill=\"currentColor\" style=\"display: none;\"><path d=\"M8 5v14l11-7z\"\/><\/svg><\/button><\/div><\/div>\t\t\t\t<\/div>\n\t\t\t\t<\/div>\n\t\t\t\t\t<\/div>\n\t\t\t\t<\/div>\n\t\t<div class=\"elementor-element elementor-element-792a928 e-flex e-con-boxed e-con e-parent\" data-id=\"792a928\" data-element_type=\"container\" data-e-type=\"container\">\n\t\t\t\t\t<div class=\"e-con-inner\">\n\t\t\t\t<div class=\"elementor-element elementor-element-1b60caa elementor-widget elementor-widget-text-editor\" data-id=\"1b60caa\" data-element_type=\"widget\" data-e-type=\"widget\" data-widget_type=\"text-editor.default\">\n\t\t\t\t\t\t\t\t\t<p>Zarz\u0105d Fundacji Fairbanks sk\u0142ada si\u0119 z dziewi\u0119ciu cz\u0142onk\u00f3w, z kt\u00f3rych wielu zasiada w co najmniej jednym komitecie.<\/p>\t\t\t\t\t\t\t\t<\/div>\n\t\t<div class=\"elementor-element elementor-element-a482966 e-con-full e-flex e-con e-child\" data-id=\"a482966\" data-element_type=\"container\" data-e-type=\"container\">\n\t\t<div class=\"elementor-element elementor-element-b590c65 e-con-full e-flex e-con e-child\" data-id=\"b590c65\" data-element_type=\"container\" data-e-type=\"container\">\n\t\t\t\t<div class=\"elementor-element elementor-element-4f74721 elementor-widget elementor-widget-heading\" data-id=\"4f74721\" data-element_type=\"widget\" data-e-type=\"widget\" data-widget_type=\"heading.default\">\n\t\t\t\t\t<h3 class=\"elementor-heading-title elementor-size-default\">Rada Dyrektor\u00f3w<\/h3>\t\t\t\t<\/div>\n\t\t\t\t<div class=\"elementor-element elementor-element-5086b49 elementor-widget elementor-widget-text-editor\" data-id=\"5086b49\" data-element_type=\"widget\" data-e-type=\"widget\" data-widget_type=\"text-editor.default\">\n\t\t\t\t\t\t\t\t\t<ul><li><strong>Daniel C. Appel, przewodnicz\u0105cy<br \/><\/strong>Emerytowany dyrektor generalny i prezes Gregory &amp; Appel Insurance<\/li><li><strong>Amandula N. Anderson<\/strong><br \/>Pierwszy wiceprezes i kierownik ds. us\u0142ug non-profit, The National Bank of Indianapolis<\/li><li><strong>Zainab Bass<\/strong><br \/>Dyrektor, Periculum Capital Company<\/li><li><strong>Christopher M. Callahan, MD, FACP<\/strong><br \/>Pettinga, profesor medycyny i dyrektor Centrum Bada\u0144 nad Starzeniem, Indiana University School of Medicine oraz dyrektor ds. bada\u0144 i rozwoju, Eskenazi Health<\/li><li><strong>Jonathan B. Fairbanks<\/strong><br \/>Partner i wsp\u00f3\u0142za\u0142o\u017cyciel, Global Energy Capital<\/li><li><strong>Jeffrey A. Harrison<\/strong><br \/>Prezes i dyrektor generalny, Citizens Energy Group<\/li><li><strong>Chris Lowery<\/strong><br \/>By\u0142y komisarz ds. szkolnictwa wy\u017cszego w stanie Indiana<\/li><li><strong>Bryan A. Mills<\/strong><br \/>Emerytowany prezes i dyrektor generalny Community Health Network<\/li><li><strong>Mario Rodriguez<\/strong><br \/>Dyrektor wykonawczy, Indianapolis Airport Authority<\/li><\/ul>\t\t\t\t\t\t\t\t<\/div>\n\t\t\t\t<\/div>\n\t\t<div class=\"elementor-element elementor-element-20b4b86 e-con-full e-flex e-con e-child\" data-id=\"20b4b86\" data-element_type=\"container\" data-e-type=\"container\">\n\t\t\t\t<div class=\"elementor-element elementor-element-58269cc elementor-widget elementor-widget-heading\" data-id=\"58269cc\" data-element_type=\"widget\" data-e-type=\"widget\" data-widget_type=\"heading.default\">\n\t\t\t\t\t<h3 class=\"elementor-heading-title elementor-size-default\">Komitet Audytu<\/h3>\t\t\t\t<\/div>\n\t\t\t\t<div class=\"elementor-element elementor-element-54da323 elementor-widget elementor-widget-text-editor\" data-id=\"54da323\" data-element_type=\"widget\" data-e-type=\"widget\" data-widget_type=\"text-editor.default\">\n\t\t\t\t\t\t\t\t\t<ul><li>Christopher M. Callahan, przewodnicz\u0105cy<\/li><li>Amandula N. Anderson<\/li><li>Chris Lowery<\/li><li>Bryan A. Mills<\/li><\/ul>\t\t\t\t\t\t\t\t<\/div>\n\t\t\t\t<div class=\"elementor-element elementor-element-d23bc1e elementor-widget elementor-widget-heading\" data-id=\"d23bc1e\" data-element_type=\"widget\" data-e-type=\"widget\" data-widget_type=\"heading.default\">\n\t\t\t\t\t<h3 class=\"elementor-heading-title elementor-size-default\">Komitet inwestycyjny<\/h3>\t\t\t\t<\/div>\n\t\t\t\t<div class=\"elementor-element elementor-element-85d97a7 elementor-widget elementor-widget-text-editor\" data-id=\"85d97a7\" data-element_type=\"widget\" data-e-type=\"widget\" data-widget_type=\"text-editor.default\">\n\t\t\t\t\t\t\t\t\t<ul class=\"wp-block-list\"><li>Daniel C. Appel, przewodnicz\u0105cy<\/li><li>Zainab Bass<\/li><li>Jonathan B. Fairbanks<\/li><\/ul>\t\t\t\t\t\t\t\t<\/div>\n\t\t\t\t<div class=\"elementor-element elementor-element-d8ee161 elementor-widget elementor-widget-heading\" data-id=\"d8ee161\" data-element_type=\"widget\" data-e-type=\"widget\" data-widget_type=\"heading.default\">\n\t\t\t\t\t<h3 class=\"elementor-heading-title elementor-size-default\">Komitet ds. wynagrodze\u0144<\/h3>\t\t\t\t<\/div>\n\t\t\t\t<div class=\"elementor-element elementor-element-5745a40 elementor-widget elementor-widget-text-editor\" data-id=\"5745a40\" data-element_type=\"widget\" data-e-type=\"widget\" data-widget_type=\"text-editor.default\">\n\t\t\t\t\t\t\t\t\t<ul class=\"wp-block-list\"><li>Jeffrey A. Harrison, przewodnicz\u0105cy<\/li><li>Daniel C. Appel<\/li><li>Bryan A. Mills<\/li><\/ul>\t\t\t\t\t\t\t\t<\/div>\n\t\t\t\t<div class=\"elementor-element elementor-element-1453b00 elementor-widget elementor-widget-heading\" data-id=\"1453b00\" data-element_type=\"widget\" data-e-type=\"widget\" data-widget_type=\"heading.default\">\n\t\t\t\t\t<h3 class=\"elementor-heading-title elementor-size-default\">Funkcjonariusze<\/h3>\t\t\t\t<\/div>\n\t\t\t\t<div class=\"elementor-element elementor-element-c3bc227 elementor-widget elementor-widget-text-editor\" data-id=\"c3bc227\" data-element_type=\"widget\" data-e-type=\"widget\" data-widget_type=\"text-editor.default\">\n\t\t\t\t\t\t\t\t\t<ul class=\"wp-block-list\"><li>Claire Fiddian-Green, prezes i dyrektor generalny<\/li><li>Andrea Farmer, Secretary<\/li><li>Kevin Kessinger, skarbnik<\/li><\/ul>\t\t\t\t\t\t\t\t<\/div>\n\t\t\t\t<\/div>\n\t\t\t\t<\/div>\n\t\t\t\t\t<\/div>\n\t\t\t\t<\/div>\n\t\t\t\t<\/div>","protected":false},"excerpt":{"rendered":"<p>Foundation Team Board of Directors The Fairbanks Foundation&#8217;s board of directors is made up of nine members, many of whom serve on at least one committee. Board of Directors Daniel C. Appel, ChairRetired CEO and Chairman, Gregory &amp; Appel Insurance Amandula N. AndersonFirst Vice President &amp; Manager, Nonprofit Services, The National Bank of Indianapolis Zainab [&hellip;]<\/p>\n","protected":false},"author":1,"featured_media":0,"parent":16202,"menu_order":0,"comment_status":"closed","ping_status":"closed","template":"","meta":{"_acf_changed":false,"footnotes":""},"class_list":["post-15464","page","type-page","status-publish","hentry"],"acf":[],"_links":{"self":[{"href":"http:\/\/rmff.org\/pl\/wp-json\/wp\/v2\/pages\/15464","targetHints":{"allow":["GET"]}}],"collection":[{"href":"http:\/\/rmff.org\/pl\/wp-json\/wp\/v2\/pages"}],"about":[{"href":"http:\/\/rmff.org\/pl\/wp-json\/wp\/v2\/types\/page"}],"author":[{"embeddable":true,"href":"http:\/\/rmff.org\/pl\/wp-json\/wp\/v2\/users\/1"}],"replies":[{"embeddable":true,"href":"http:\/\/rmff.org\/pl\/wp-json\/wp\/v2\/comments?post=15464"}],"version-history":[{"count":0,"href":"http:\/\/rmff.org\/pl\/wp-json\/wp\/v2\/pages\/15464\/revisions"}],"up":[{"embeddable":true,"href":"http:\/\/rmff.org\/pl\/wp-json\/wp\/v2\/pages\/16202"}],"wp:attachment":[{"href":"http:\/\/rmff.org\/pl\/wp-json\/wp\/v2\/media?parent=15464"}],"curies":[{"name":"wp","href":"https:\/\/api.w.org\/{rel}","templated":true}]}}