{"id":24,"date":"2025-08-19T20:12:22","date_gmt":"2025-08-19T20:12:22","guid":{"rendered":"https:\/\/rmff2025.test\/?page_id=24"},"modified":"2026-03-19T20:22:52","modified_gmt":"2026-03-19T20:22:52","slug":"home","status":"publish","type":"page","link":"http:\/\/rmff.org\/pl\/","title":{"rendered":"Strona g\u0142\u00f3wna"},"content":{"rendered":"<div data-elementor-type=\"wp-page\" data-elementor-id=\"24\" class=\"elementor elementor-24\" data-elementor-post-type=\"page\">\n\t\t\t\t<div class=\"elementor-element elementor-element-814d305 hero-video e-flex e-con-boxed e-con e-parent\" data-id=\"814d305\" data-element_type=\"container\" data-e-type=\"container\" data-settings=\"{&quot;background_background&quot;:&quot;video&quot;,&quot;background_video_link&quot;:&quot;\\\/wp-content\\\/uploads\\\/2025\\\/11\\\/RMFF-Hero-Video.mp4&quot;,&quot;background_play_on_mobile&quot;:&quot;yes&quot;}\">\n\t\t\t\t\t<div class=\"e-con-inner\">\n\t\t<div class=\"elementor-background-video-container\">\n\t\t\t\t\t\t\t<video class=\"elementor-background-video-hosted\" role=\"presentation\" autoplay muted playsinline loop><\/video>\n\t\t\t\t\t<\/div>\t\t<div class=\"elementor-element elementor-element-ac593a4 elementor-widget elementor-widget-rmff-hero\" data-id=\"ac593a4\" data-element_type=\"widget\" data-e-type=\"widget\" data-widget_type=\"rmff-hero.default\">\n\t\t\t\t<div class=\"elementor-widget-container\">\n\t\t\t\t\t<div class=\"hero-widget home\"><div class=\"hero-overlay\"><\/div><div class=\"hero-content\"><h1><p>Okre\u015blanie potrzeb.<br \/>Nap\u0119dzanie potencja\u0142u.<\/p><\/h1><\/div><div class=\"hero-video-controls\"><button class=\"hero-pause-btn\" id=\"hero-pause-btn\" style=\"display: none;\"><svg class=\"pause-icon\" viewbox=\"0 0 24 24\" fill=\"currentColor\"><path d=\"M6 19h4V5H6v14zm8-14v14h4V5h-4z\"\/><\/svg><svg class=\"play-icon\" viewbox=\"0 0 24 24\" fill=\"currentColor\" style=\"display: none;\"><path d=\"M8 5v14l11-7z\"\/><\/svg><\/button><\/div><\/div>\t\t\t\t<\/div>\n\t\t\t\t<\/div>\n\t\t\t\t\t<\/div>\n\t\t\t\t<\/div>\n\t\t<div class=\"elementor-element elementor-element-621df99 e-flex e-con-boxed e-con e-parent\" data-id=\"621df99\" data-element_type=\"container\" data-e-type=\"container\">\n\t\t\t\t\t<div class=\"e-con-inner\">\n\t\t\t\t<div class=\"elementor-element elementor-element-c2dcc95 elementor-widget elementor-widget-rmff-image-link-blocks\" data-id=\"c2dcc95\" data-element_type=\"widget\" data-e-type=\"widget\" data-widget_type=\"rmff-image-link-blocks.default\">\n\t\t\t\t<div class=\"elementor-widget-container\">\n\t\t\t\t\t<div class=\"image-link-blocks-widget\"><h2 class=\"image-link-blocks-headline\">Zobacz nasz\u0105 prac\u0119<\/h2><div class=\"image-link-blocks-grid\"><a href=\"\/funding\/education\" class=\"image-link-block fade-in-up\" data-area=\"education\" style=\"background-image: url(https:\/\/rmff.org\/wp-content\/uploads\/2025\/09\/shutterstock_2492761215-1-1.png);\"><div class=\"image-link-block-overlay\"><img decoding=\"async\" src=\"http:\/\/rmff.org\/wp-content\/themes\/rmff2025\/assets\/images\/icon-education.svg\" alt=\"Education\" class=\"image-link-block-area-icon\"><\/div><div class=\"image-link-block-content\"><div class=\"image-link-block-text\"><h3 class=\"image-link-block-title\">Edukacja<\/h3><p class=\"image-link-block-hover-text\">Poprawa wynik\u00f3w w zakresie edukacji i si\u0142y roboczej<\/p><\/div><div class=\"image-link-block-arrow\"><svg viewbox=\"0 0 24 24\" fill=\"currentColor\"><path d=\"M8.59 16.59L13.17 12 8.59 7.41 10 6l6 6-6 6-1.41-1.41z\"\/><\/svg><\/div><\/div><\/a><a href=\"\/funding\/health\" class=\"image-link-block fade-in-up\" data-area=\"health\" style=\"background-image: url(https:\/\/rmff.org\/wp-content\/uploads\/2025\/08\/shutterstock_2276001457-1.png);\"><div class=\"image-link-block-overlay\"><img decoding=\"async\" src=\"http:\/\/rmff.org\/wp-content\/themes\/rmff2025\/assets\/images\/icon-health.svg\" alt=\"Health\" class=\"image-link-block-area-icon\"><\/div><div class=\"image-link-block-content\"><div class=\"image-link-block-text\"><h3 class=\"image-link-block-title\">Zdrowie<\/h3><p class=\"image-link-block-hover-text\">Poprawa wynik\u00f3w zdrowotnych<\/p><\/div><div class=\"image-link-block-arrow\"><svg viewbox=\"0 0 24 24\" fill=\"currentColor\"><path d=\"M8.59 16.59L13.17 12 8.59 7.41 10 6l6 6-6 6-1.41-1.41z\"\/><\/svg><\/div><\/div><\/a><a href=\"\/funding\/vitality-of-indianapolis\" class=\"image-link-block fade-in-up\" data-area=\"vitality\" style=\"background-image: url(https:\/\/rmff.org\/wp-content\/uploads\/2025\/10\/shutterstock_2503767829-scaled-e1760102864210.jpg);\"><div class=\"image-link-block-overlay\"><img decoding=\"async\" src=\"http:\/\/rmff.org\/wp-content\/themes\/rmff2025\/assets\/images\/icon-vitality.svg\" alt=\"Vitality\" class=\"image-link-block-area-icon\"><\/div><div class=\"image-link-block-content\"><div class=\"image-link-block-text\"><h3 class=\"image-link-block-title\">Witalno\u015b\u0107 Indianapolis<\/h3><p class=\"image-link-block-hover-text\">Tworzenie bardziej t\u0119tni\u0105cego \u017cyciem Indianapolis<\/p><\/div><div class=\"image-link-block-arrow\"><svg viewbox=\"0 0 24 24\" fill=\"currentColor\"><path d=\"M8.59 16.59L13.17 12 8.59 7.41 10 6l6 6-6 6-1.41-1.41z\"\/><\/svg><\/div><\/div><\/a><\/div><\/div>\t\t\t\t<\/div>\n\t\t\t\t<\/div>\n\t\t\t\t\t<\/div>\n\t\t\t\t<\/div>\n\t\t<div class=\"elementor-element elementor-element-79da9f2 e-flex e-con-boxed e-con e-parent\" data-id=\"79da9f2\" data-element_type=\"container\" data-e-type=\"container\" data-settings=\"{&quot;background_background&quot;:&quot;classic&quot;}\">\n\t\t\t\t\t<div class=\"e-con-inner\">\n\t\t\t\t<div class=\"elementor-element elementor-element-f6c75b8 elementor-widget elementor-widget-rmff-statement-callout\" data-id=\"f6c75b8\" data-element_type=\"widget\" data-e-type=\"widget\" data-widget_type=\"rmff-statement-callout.default\">\n\t\t\t\t<div class=\"elementor-widget-container\">\n\t\t\t\t\t<div class=\"statement-callout-widget fade-in-up\"><div class=\"eyebrow-text\">Nasza misja <\/div><h2 class=\"statement-text\">Wspieranie witalno\u015bci Indianapolis i dobrobytu jego mieszka\u0144c\u00f3w<\/h2><\/div>\t\t\t\t<\/div>\n\t\t\t\t<\/div>\n\t\t\t\t\t<\/div>\n\t\t\t\t<\/div>\n\t\t<div class=\"elementor-element elementor-element-079d93e e-flex e-con-boxed e-con e-parent\" data-id=\"079d93e\" data-element_type=\"container\" data-e-type=\"container\" data-settings=\"{&quot;background_background&quot;:&quot;classic&quot;}\">\n\t\t\t\t\t<div class=\"e-con-inner\">\n\t\t\t\t<div class=\"elementor-element elementor-element-43a31a4 elementor-widget elementor-widget-rmff-horizontal-stats\" data-id=\"43a31a4\" data-element_type=\"widget\" data-e-type=\"widget\" data-widget_type=\"rmff-horizontal-stats.default\">\n\t\t\t\t<div class=\"elementor-widget-container\">\n\t\t\t\t\t<div class=\"horizontal-stats-widget\"><h2 class=\"horizontal-stats-headline\">Nasza misja w dzia\u0142aniu<\/h2><div class=\"horizontal-stats-grid\"><div class=\"horizontal-stat-item fade-in-up\"><a href=\"\/grants\/all-grants-awarded\/\" class=\"stat-number-link\"><div class=\"stat-number metric-text\"><span class=\"stat-number-prefix\">$<\/span><span class=\"stat-number-value\" data-target=\"326.7\">0<\/span><span class=\"stat-number-suffix\">M<\/span><\/div><\/a><div class=\"stat-bold-descriptor\">w dotacjach og\u00f3\u0142em<\/div><div class=\"stat-light-descriptor\">w latach 1986-2024<\/div><a href=\"\/grants\/all-grants-awarded\/\" class=\"cta-button secondary\">Zobacz wszystkie przyznane dotacje<\/a><\/div><div class=\"horizontal-stat-item fade-in-up\"><a href=\"\/grants\/the-grants-process\/\" class=\"stat-number-link\"><div class=\"stat-number metric-text\"><span class=\"stat-number-value\" data-target=\"160\">0<\/span><\/div><\/a><div class=\"stat-bold-descriptor\">dotacje<\/div><div class=\"stat-light-descriptor\">w latach 2020-2024<\/div><a href=\"\/grants\/the-grants-process\/\" class=\"cta-button secondary\">Nasz proces finansowania<\/a><\/div><div class=\"horizontal-stat-item fade-in-up\"><a href=\"\/research\/reports\/\" class=\"stat-number-link\"><div class=\"stat-number metric-text\"><span class=\"stat-number-value\" data-target=\"22\">0<\/span><\/div><\/a><div class=\"stat-bold-descriptor\">raporty<\/div><div class=\"stat-light-descriptor\">w latach 2020-2024<\/div><a href=\"\/research\/reports\/\" class=\"cta-button secondary\">Przegl\u0105daj wszystkie raporty<\/a><\/div><div class=\"horizontal-stat-item fade-in-up\"><a href=\"\/funding\/collaboration-convenings\/%20\" class=\"stat-number-link\"><div class=\"stat-number metric-text\"><span class=\"stat-number-value\" data-target=\"158\">0<\/span><\/div><\/a><div class=\"stat-bold-descriptor\">zjazdy<\/div><div class=\"stat-light-descriptor\">w latach 2020-2024<\/div><a href=\"\/funding\/collaboration-convenings\/%20\" class=\"cta-button secondary\">Jak wsp\u00f3\u0142pracujemy<\/a><\/div><\/div><\/div>\t\t\t\t<\/div>\n\t\t\t\t<\/div>\n\t\t\t\t\t<\/div>\n\t\t\t\t<\/div>\n\t\t<div class=\"elementor-element elementor-element-5f15870 e-flex e-con-boxed e-con e-parent\" data-id=\"5f15870\" data-element_type=\"container\" data-e-type=\"container\">\n\t\t\t\t\t<div class=\"e-con-inner\">\n\t\t\t\t<div class=\"elementor-element elementor-element-1d5ddca elementor-widget elementor-widget-stories\" data-id=\"1d5ddca\" data-element_type=\"widget\" data-e-type=\"widget\" data-widget_type=\"stories.default\">\n\t\t\t\t<div class=\"elementor-widget-container\">\n\t\t\t\t\t<div class=\"stories-widget stories-widget--vertical\"><div class=\"stories-header\"><h2 class=\"stories-headline\">Wspieranie znacz\u0105cych post\u0119p\u00f3w<\/h2><a href=\"#signup\" class=\"stories-cta-button cta-button underlined\">Aktualizacje e-mail<\/a><\/div><div class=\"stories-grid\"><div class=\"story-item fade-in-up\"><a href=\"http:\/\/rmff.org\/pl\/2025\/10\/fairbanks-foundation-cohosts-pathways-convening\/\" class=\"story-image-link\"><div class=\"story-image\" style=\"background-image: url('https:\/\/rmff.org\/wp-content\/uploads\/2025\/10\/Image-2025-09-24T093807.516-600x450-1-e1765211036209.jpg');\"><\/div><\/a><div class=\"story-content\"><a href=\"http:\/\/rmff.org\/pl\/2025\/10\/fairbanks-foundation-cohosts-pathways-convening\/\" class=\"story-headline-link\"><h3 class=\"story-headline\">Fundacja Fairbanks wsp\u00f3\u0142organizuje spotkanie dotycz\u0105ce \u015bcie\u017cek rozwoju<\/h3><\/a><div class=\"story-description\">W pa\u017adzierniku Fundacja Fairbanks i CareerWise USA by\u0142y wsp\u00f3\u0142gospodarzami inauguracyjnego ameryka\u0144skiego Advanced CEMETS Institute, we wsp\u00f3\u0142pracy z CEMETS.<\/div><a href=\"http:\/\/rmff.org\/pl\/2025\/10\/fairbanks-foundation-cohosts-pathways-convening\/\" class=\"story-cta-button cta-button\">Czytaj wi\u0119cej<\/a><\/div><\/div><div class=\"story-item fade-in-up\"><a href=\"http:\/\/rmff.org\/pl\/2025\/10\/the-impact-of-college-matters-meeting-the-moment\/\" class=\"story-image-link\"><div class=\"story-image\" style=\"background-image: url('https:\/\/rmff.org\/wp-content\/uploads\/2025\/10\/shutterstock_2345710741-2-scaled-e1765823564842.jpg');\"><\/div><\/a><div class=\"story-content\"><a href=\"http:\/\/rmff.org\/pl\/2025\/10\/the-impact-of-college-matters-meeting-the-moment\/\" class=\"story-headline-link\"><h3 class=\"story-headline\">Wp\u0142yw <i>College Matters: Sprosta\u0107 chwili<\/i><\/h3><\/a><div class=\"story-description\">W 2023 r. Fundacja Richarda M. Fairbanksa uruchomi\u0142a College Matters, dwuetapow\u0105 inicjatyw\u0119 grantow\u0105 o warto\u015bci $14 milion\u00f3w, maj\u0105c\u0105 na celu zwi\u0119kszenie wska\u017anik\u00f3w zapis\u00f3w na studia dla senior\u00f3w szk\u00f3\u0142 \u015brednich hrabstwa Marion.<\/div><a href=\"http:\/\/rmff.org\/pl\/2025\/10\/the-impact-of-college-matters-meeting-the-moment\/\" class=\"story-cta-button cta-button\">Czytaj wi\u0119cej<\/a><\/div><\/div><div class=\"story-item fade-in-up\"><a href=\"http:\/\/rmff.org\/pl\/2025\/11\/fairbanks-foundation-awards-grants-to-support-food-insecurity-efforts\/\" class=\"story-image-link\"><div class=\"story-image\" style=\"background-image: url('https:\/\/rmff.org\/wp-content\/uploads\/2025\/11\/shutterstock_2165751001-2.jpg');\"><\/div><\/a><div class=\"story-content\"><a href=\"http:\/\/rmff.org\/pl\/2025\/11\/fairbanks-foundation-awards-grants-to-support-food-insecurity-efforts\/\" class=\"story-headline-link\"><h3 class=\"story-headline\">Fundacja Fairbanks przyznaje dotacje na wsparcie dzia\u0142a\u0144 zwi\u0105zanych z brakiem bezpiecze\u0144stwa \u017cywno\u015bciowego<\/h3><\/a><div class=\"story-description\">Na pocz\u0105tku tego miesi\u0105ca Fundacja Richarda M. Fairbanksa przyzna\u0142a $25,000 dotacji siedmiu organizacjom non-profit zajmuj\u0105cym si\u0119 brakiem bezpiecze\u0144stwa \u017cywno\u015bciowego w Indianapolis.<\/div><a href=\"http:\/\/rmff.org\/pl\/2025\/11\/fairbanks-foundation-awards-grants-to-support-food-insecurity-efforts\/\" class=\"story-cta-button cta-button\">Czytaj wi\u0119cej<\/a><\/div><\/div><\/div><\/div>\t\t\t\t<\/div>\n\t\t\t\t<\/div>\n\t\t\t\t\t<\/div>\n\t\t\t\t<\/div>\n\t\t<div class=\"elementor-element elementor-element-2ed8cf2 e-flex e-con-boxed e-con e-parent\" data-id=\"2ed8cf2\" data-element_type=\"container\" data-e-type=\"container\" data-settings=\"{&quot;background_background&quot;:&quot;classic&quot;}\">\n\t\t\t\t\t<div class=\"e-con-inner\">\n\t\t\t\t<div class=\"elementor-element elementor-element-c069f71 elementor-widget elementor-widget-rmff_tabs\" data-id=\"c069f71\" data-element_type=\"widget\" data-e-type=\"widget\" data-widget_type=\"rmff_tabs.default\">\n\t\t\t\t<div class=\"elementor-widget-container\">\n\t\t\t\t\t<div class=\"rmff-tabs-widget fade-in-up\"><div class=\"rmff-tabs-header\"><h2 class=\"rmff-tabs-headline\">Udost\u0119pnianie krytycznych danych<\/h2><a href=\"\/community-data-snapshot\" class=\"rmff-tabs-cta-button underlined cta-button\">Przegl\u0105daj wszystkie dane<\/a><\/div><div class=\"rmff-tabs-container\"><div class=\"rmff-tabs-navigation\"><button class=\"rmff-tab-button active\" data-tab=\"0\">Przegl\u0105d danych spo\u0142eczno\u015bci<\/button><button class=\"rmff-tab-button\" data-tab=\"1\">Edukacja<\/button><button class=\"rmff-tab-button\" data-tab=\"2\">Zdrowie<\/button><button class=\"rmff-tab-button\" data-tab=\"3\">Witalno\u015b\u0107 Indianapolis<\/button><button class=\"rmff-tab-button\" data-tab=\"4\">Dane demograficzne<\/button><\/div><div class=\"rmff-tabs-content\"><div class=\"rmff-tab-content active\" data-tab=\"0\"><div class=\"rmff-tab-text\"><div class=\"rmff-tab-description\"><h3>Ponad 300 darmowych wykres\u00f3w do u\u017cytku publicznego<\/h3><p>Wierzymy w podejmowanie decyzji opartych na danych i dzielimy si\u0119 tym, co zebrali\u015bmy, aby pom\u00f3c innym zrobi\u0107 to samo. Nasza migawka danych spo\u0142eczno\u015bci konsoliduje dane z wielu \u017ar\u00f3de\u0142, aby zapewni\u0107 wgl\u0105d w <a href=\"\/community-data-snapshot\/?topic=education&amp;subtopic=early-childhood-education&amp;graph=early-childhood-education-providerscenters\">Edukacja<\/a>, <a href=\"\/community-data-snapshot\/?topic=health&amp;subtopic=cause-of-death&amp;graph=cause-of-death\">Zdrowie<\/a>, w <a href=\"\/community-data-snapshot\/?topic=vitality-of-indianapolis&amp;subtopic=employment&amp;graph=labor-force\">Witalno\u015b\u0107 Indianapolis<\/a>, oraz <a href=\"\/community-data-snapshot\/?topic=demographics&amp;subtopic=demographic-characteristics&amp;graph=total-population\">Dane demograficzne<\/a>. Narz\u0119dzie to, zawieraj\u0105ce ponad 300 wykres\u00f3w i graf\u00f3w, zosta\u0142o zaprojektowane, aby pom\u00f3c naszym grantobiorcom i partnerom, a tak\u017ce interesariuszom ze spo\u0142eczno\u015bci i innym, w podejmowaniu \u015bwiadomych decyzji, kt\u00f3re prowadz\u0105 do poprawy wynik\u00f3w.<\/p><\/div><a href=\"\/community-data-snapshot\" class=\"rmff-tab-cta-button cta-button\">Wy\u015bwietl wszystkie interaktywne wykresy<\/a><\/div><div class=\"rmff-tab-image\"><img decoding=\"async\" src=\"https:\/\/rmff.org\/wp-content\/uploads\/2025\/08\/Graph-2.svg\" alt=\"Community Data Snapshot\"><\/div><\/div><div class=\"rmff-tab-content\" data-tab=\"1\"><div class=\"rmff-tab-text\"><div class=\"rmff-tab-description\"><h3>Najwa\u017cniejsze dane dotycz\u0105ce edukacji<\/h3><p><strong>23.1%<\/strong>\u00a0 \u00f3smoklasist\u00f3w z hrabstwa Marion zda\u0142o egzamin <a href=\"https:\/\/rmff.org\/community-data-snapshot\/?topic=education&amp;subtopic=academic-achievement&amp;graph=ilearn\">Ocena matematyczna ILEARN<\/a> w 2025 roku.<\/p><p><strong>89.1%\u00a0 <\/strong>uczni\u00f3w szk\u00f3\u0142 \u015brednich w hrabstwie Marion <a href=\"https:\/\/rmff.org\/community-data-snapshot\/?topic=education&amp;subtopic=college-and-career-readiness&amp;graph=high-school-graduation\">uko\u0144czy\u0142 w terminie<\/a> w 2025 roku.<\/p><p><strong>42.5%\u00a0 <\/strong>mieszka\u0144c\u00f3w hrabstwa Marion mia\u0142o <a href=\"https:\/\/rmff.org\/community-data-snapshot\/?topic=education&amp;subtopic=degree-and-credential-attainment&amp;graph=educational-attainment\">stopie\u0144 naukowy lub wy\u017cszy<\/a> w 2024 roku.<\/p><\/div><a href=\"\/community-data-snapshot\/?topic=education&#038;subtopic=early-childhood-education&#038;graph=early-childhood-education-providerscenters\" class=\"rmff-tab-cta-button cta-button\">Zobacz wszystkie wykresy dotycz\u0105ce edukacji<\/a><\/div><div class=\"rmff-tab-image\"><img decoding=\"async\" src=\"https:\/\/rmff.org\/wp-content\/uploads\/2025\/08\/Education-Graph.svg\" alt=\"Education\"><\/div><\/div><div class=\"rmff-tab-content\" data-tab=\"2\"><div class=\"rmff-tab-text\"><div class=\"rmff-tab-description\"><h3>Najwa\u017cniejsze dane dotycz\u0105ce zdrowia<\/h3><p><strong>70%\u00a0 <\/strong>mieszka\u0144c\u00f3w obszaru metropolitalnego Indianapolis zosta\u0142o uznanych za <a href=\"https:\/\/rmff.org\/community-data-snapshot\/?topic=health&amp;subtopic=health-status&amp;graph=weight-status\">nadwaga lub oty\u0142o\u015b\u0107<\/a> w 2023 roku.<\/p><p><strong>14.5%\u00a0 <\/strong>m\u0142odzie\u017cy z hrabstwa Marion <a href=\"https:\/\/rmff.org\/community-data-snapshot\/?topic=health&amp;subtopic=mental-health&amp;graph=youth-mental-health\">rozwa\u017ca\u0142 pr\u00f3b\u0119 samob\u00f3jcz\u0105<\/a> w 2024 roku.<\/p><p><strong>422\u00a0 <\/strong><a href=\"https:\/\/rmff.org\/community-data-snapshot\/?topic=health&amp;subtopic=substance-use-disorder&amp;graph=drug-and-alcohol-induced-deaths\">\u015bmiertelne zatrucia narkotykami<\/a> (overdoses) occurred in Marion County in 2024.<\/p><\/div><a href=\"\/community-data-snapshot\/?topic=health&#038;subtopic=cause-of-death&#038;graph=cause-of-death\" class=\"rmff-tab-cta-button cta-button\">Wy\u015bwietl wszystkie wykresy dotycz\u0105ce zdrowia<\/a><\/div><div class=\"rmff-tab-image\"><img decoding=\"async\" src=\"https:\/\/rmff.org\/wp-content\/uploads\/2025\/09\/Health-Graph.svg\" alt=\"Health\"><\/div><\/div><div class=\"rmff-tab-content\" data-tab=\"3\"><div class=\"rmff-tab-text\"><div class=\"rmff-tab-description\"><h3>Najwa\u017cniejsze dane dotycz\u0105ce Vitality of Indianapolis<\/h3><p><strong>82.8%\u00a0 <\/strong>mieszka\u0144c\u00f3w hrabstwa Marion by\u0142o <a href=\"https:\/\/rmff.org\/community-data-snapshot\/?topic=vitality-of-indianapolis&amp;subtopic=employment&amp;graph=labor-force\">zatrudniony lub poszukuj\u0105cy pracy<\/a> w 2024 roku.<\/p><p><strong>15.9%\u00a0 <\/strong>mieszka\u0144c\u00f3w hrabstwa Marion mieszka\u0142o w <a href=\"https:\/\/rmff.org\/community-data-snapshot\/?topic=vitality-of-indianapolis&amp;subtopic=incomepoverty&amp;graph=food-insecurity\">Gospodarstwo domowe bez bezpiecze\u0144stwa \u017cywno\u015bciowego<\/a> w 2023 roku.<\/p><p><strong>25.9%\u00a0 <\/strong>najemc\u00f3w w hrabstwie Marion wyda\u0142o <a href=\"https:\/\/rmff.org\/community-data-snapshot\/?topic=vitality-of-indianapolis&amp;subtopic=housing&amp;graph=rent-burden\">wi\u0119cej ni\u017c 50% dochodu gospodarstwa domowego na czynsz<\/a> w 2024 roku.<\/p><\/div><a href=\"\/community-data-snapshot\/?topic=vitality-of-indianapolis&#038;subtopic=employment&#038;graph=labor-force\" class=\"rmff-tab-cta-button cta-button\">Wy\u015bwietl wszystkie wykresy Vitality of Indianapolis<\/a><\/div><div class=\"rmff-tab-image\"><img decoding=\"async\" src=\"https:\/\/rmff.org\/wp-content\/uploads\/2025\/09\/Vitality-Graph.svg\" alt=\"Vitality of Indianapolis\"><\/div><\/div><div class=\"rmff-tab-content\" data-tab=\"4\"><div class=\"rmff-tab-text\"><div class=\"rmff-tab-description\"><h3>Najwa\u017cniejsze dane demograficzne<\/h3><p><strong>981,628\u00a0<\/strong> <a href=\"https:\/\/rmff.org\/community-data-snapshot\/?topic=demographics&amp;subtopic=demographic-characteristics&amp;graph=total-population\">mieszka\u0142 w hrabstwie Marion<\/a> w 2024 roku.<\/p><p><strong>34.6<\/strong>\u00a0 by\u0142 <a href=\"https:\/\/rmff.org\/community-data-snapshot\/?topic=demographics&amp;subtopic=demographic-characteristics&amp;graph=age\">mediana wieku<\/a> w hrabstwie Marion w 2023 roku.<\/p><p><strong>5.6%\u00a0<\/strong> gospodarstw domowych w hrabstwie Marion mia\u0142o <a href=\"https:\/\/rmff.org\/community-data-snapshot\/?topic=demographics&amp;subtopic=demographic-characteristics&amp;graph=households-with-limited-english-speaking-proficiency\">ograniczona znajomo\u015b\u0107 j\u0119zyka angielskiego<\/a> w 2024 roku.<\/p><\/div><a href=\"\/community-data-snapshot\/?topic=demographics&#038;subtopic=demographic-characteristics&#038;graph=total-population\" class=\"rmff-tab-cta-button cta-button\">Wy\u015bwietl wszystkie wykresy demograficzne<\/a><\/div><div class=\"rmff-tab-image\"><img decoding=\"async\" src=\"https:\/\/rmff.org\/wp-content\/uploads\/2025\/09\/Demographic-Graph.svg\" alt=\"Demographics\"><\/div><\/div><\/div><\/div><\/div>\t\t\t\t<\/div>\n\t\t\t\t<\/div>\n\t\t\t\t\t<\/div>\n\t\t\t\t<\/div>\n\t\t\t\t<\/div>","protected":false},"excerpt":{"rendered":"<p>Pinpointing Needs.Fueling Potential. See Our Work Education Strengthening education and workforce outcomes Health Improving health outcomes Vitality of Indianapolis Creating a more vibrant Indianapolis Our Mission Advancing the Vitality of Indianapolis and the Well-Being of Its People Our Mission In Action $0Min total grantsfrom 1986-2024See All Awarded Grants0grantsfrom 2020-2024Our Funding Process0reportsfrom 2020-2024Browse All Reports0conveningsfrom 2020-2024How [&hellip;]<\/p>\n","protected":false},"author":1,"featured_media":0,"parent":0,"menu_order":0,"comment_status":"closed","ping_status":"closed","template":"","meta":{"_acf_changed":false,"footnotes":""},"class_list":["post-24","page","type-page","status-publish","hentry"],"acf":[],"_links":{"self":[{"href":"http:\/\/rmff.org\/pl\/wp-json\/wp\/v2\/pages\/24","targetHints":{"allow":["GET"]}}],"collection":[{"href":"http:\/\/rmff.org\/pl\/wp-json\/wp\/v2\/pages"}],"about":[{"href":"http:\/\/rmff.org\/pl\/wp-json\/wp\/v2\/types\/page"}],"author":[{"embeddable":true,"href":"http:\/\/rmff.org\/pl\/wp-json\/wp\/v2\/users\/1"}],"replies":[{"embeddable":true,"href":"http:\/\/rmff.org\/pl\/wp-json\/wp\/v2\/comments?post=24"}],"version-history":[{"count":0,"href":"http:\/\/rmff.org\/pl\/wp-json\/wp\/v2\/pages\/24\/revisions"}],"wp:attachment":[{"href":"http:\/\/rmff.org\/pl\/wp-json\/wp\/v2\/media?parent=24"}],"curies":[{"name":"wp","href":"https:\/\/api.w.org\/{rel}","templated":true}]}}