{"id":16163,"date":"2025-10-07T18:25:02","date_gmt":"2025-10-07T18:25:02","guid":{"rendered":"https:\/\/staging.rmff.org\/?page_id=16163"},"modified":"2025-12-05T21:41:04","modified_gmt":"2025-12-05T21:41:04","slug":"collaboration-convenings","status":"publish","type":"page","link":"http:\/\/rmff.org\/vi\/funding\/collaboration-convenings\/","title":{"rendered":"H\u1ee3p t\u00e1c &amp; C\u00e1c cu\u1ed9c h\u1ecdp"},"content":{"rendered":"<div data-elementor-type=\"wp-page\" data-elementor-id=\"16163\" class=\"elementor elementor-16163\" data-elementor-post-type=\"page\">\n\t\t\t\t<div class=\"elementor-element elementor-element-7f1dde9 e-flex e-con-boxed e-con e-parent\" data-id=\"7f1dde9\" data-element_type=\"container\" data-e-type=\"container\" data-settings=\"{&quot;background_background&quot;:&quot;classic&quot;}\">\n\t\t\t\t\t<div class=\"e-con-inner\">\n\t\t\t\t<div class=\"elementor-element elementor-element-1c9317f elementor-widget elementor-widget-rmff-hero\" data-id=\"1c9317f\" data-element_type=\"widget\" data-e-type=\"widget\" data-widget_type=\"rmff-hero.default\">\n\t\t\t\t<div class=\"elementor-widget-container\">\n\t\t\t\t\t<div class=\"hero-widget home\"><div class=\"hero-overlay\"><\/div><div class=\"hero-content\"><div class=\"eyebrow-text\">C\u00e1ch ch\u00fang t\u00f4i t\u01b0\u01a1ng t\u00e1c<\/div><h1><p>H\u1ee3p t\u00e1c &amp; C\u00e1c cu\u1ed9c h\u1ecdp<\/p><\/h1><\/div><div class=\"hero-video-controls\"><button class=\"hero-pause-btn\" id=\"hero-pause-btn\" style=\"display: none;\"><svg class=\"pause-icon\" viewbox=\"0 0 24 24\" fill=\"currentColor\"><path d=\"M6 19h4V5H6v14zm8-14v14h4V5h-4z\"\/><\/svg><svg class=\"play-icon\" viewbox=\"0 0 24 24\" fill=\"currentColor\" style=\"display: none;\"><path d=\"M8 5v14l11-7z\"\/><\/svg><\/button><\/div><\/div>\t\t\t\t<\/div>\n\t\t\t\t<\/div>\n\t\t\t\t\t<\/div>\n\t\t\t\t<\/div>\n\t\t<div class=\"elementor-element elementor-element-403796f e-flex e-con-boxed e-con e-parent\" data-id=\"403796f\" data-element_type=\"container\" data-e-type=\"container\">\n\t\t\t\t\t<div class=\"e-con-inner\">\n\t\t\t\t<div class=\"elementor-element elementor-element-55d10e9 elementor-widget elementor-widget-heading\" data-id=\"55d10e9\" data-element_type=\"widget\" data-e-type=\"widget\" data-widget_type=\"heading.default\">\n\t\t\t\t\t<h2 class=\"elementor-heading-title elementor-size-default\">Partnering for Progress: Supporting Lasting Change <\/h2>\t\t\t\t<\/div>\n\t\t\t\t<div class=\"elementor-element elementor-element-71bfeb2 elementor-widget elementor-widget-text-editor\" data-id=\"71bfeb2\" data-element_type=\"widget\" data-e-type=\"widget\" data-widget_type=\"text-editor.default\">\n\t\t\t\t\t\t\t\t\t<p>The Fairbanks Foundation regularly collaborates with local and national stakeholders on a variety of convenings and projects. We recognize that the potential for impact is greatest when we leverage the combined expertise of our team alongside our grantees, partners, fellow funders, and community members. This cross-sector engagement is critical to advancing our mission.<\/p>\t\t\t\t\t\t\t\t<\/div>\n\t\t\t\t<div class=\"elementor-element elementor-element-6bf17a9 elementor-widget elementor-widget-heading\" data-id=\"6bf17a9\" data-element_type=\"widget\" data-e-type=\"widget\" data-widget_type=\"heading.default\">\n\t\t\t\t\t<h3 class=\"elementor-heading-title elementor-size-default\">Bringing People Together for a Common Purpose<\/h3>\t\t\t\t<\/div>\n\t\t\t\t<div class=\"elementor-element elementor-element-d1aed2d elementor-widget elementor-widget-text-editor\" data-id=\"d1aed2d\" data-element_type=\"widget\" data-e-type=\"widget\" data-widget_type=\"text-editor.default\">\n\t\t\t\t\t\t\t\t\t<p>The Fairbanks Foundation believes in collaborating with other organizations to share best practices, address challenges, and align strategies moving forward. To that end, we regularly convene stakeholder groups that share common interests or are implementing similar initiatives. These gatherings help ensure effectiveness and efficiency among various initiatives while also allowing us to continually improve our own work.<\/p>\t\t\t\t\t\t\t\t<\/div>\n\t\t\t\t<div class=\"elementor-element elementor-element-ae6e814 elementor-widget elementor-widget-spacer\" data-id=\"ae6e814\" data-element_type=\"widget\" data-e-type=\"widget\" data-widget_type=\"spacer.default\">\n\t\t\t\t\t\t\t<div class=\"elementor-spacer\">\n\t\t\t<div class=\"elementor-spacer-inner\"><\/div>\n\t\t<\/div>\n\t\t\t\t\t\t<\/div>\n\t\t\t\t\t<\/div>\n\t\t\t\t<\/div>\n\t\t<div class=\"elementor-element elementor-element-57e4a1d e-flex e-con-boxed e-con e-parent\" data-id=\"57e4a1d\" data-element_type=\"container\" data-e-type=\"container\" data-settings=\"{&quot;background_background&quot;:&quot;classic&quot;}\">\n\t\t\t\t\t<div class=\"e-con-inner\">\n\t\t\t\t<div class=\"elementor-element elementor-element-aa0c521 elementor-widget elementor-widget-rmff-quote\" data-id=\"aa0c521\" data-element_type=\"widget\" data-e-type=\"widget\" data-widget_type=\"rmff-quote.default\">\n\t\t\t\t<div class=\"elementor-widget-container\">\n\t\t\t\t\t        <div class=\"rmff-quote-widget fade-in-up\">\n                            <blockquote class=\"rmff-quote-text\">\n                    \u201cOur work does not exist in a vacuum. We collaborate with local and national partners to engage with a broad range of perspectives and ideas.\u201d                 <\/blockquote>\n                        \n                            <div class=\"rmff-quote-attribution\">\n                                            <cite class=\"rmff-quote-name\">Kami Nielsen<\/cite>\n                                        \n                                            <span class=\"rmff-quote-job-title\">Senior Director of Programs <\/span>\n                                    <\/div>\n                    <\/div>\n        \t\t\t\t<\/div>\n\t\t\t\t<\/div>\n\t\t\t\t\t<\/div>\n\t\t\t\t<\/div>\n\t\t<div class=\"elementor-element elementor-element-148b28d e-flex e-con-boxed e-con e-parent\" data-id=\"148b28d\" data-element_type=\"container\" data-e-type=\"container\">\n\t\t\t\t\t<div class=\"e-con-inner\">\n\t\t\t\t<div class=\"elementor-element elementor-element-4a86240 elementor-widget elementor-widget-stories\" data-id=\"4a86240\" data-element_type=\"widget\" data-e-type=\"widget\" data-widget_type=\"stories.default\">\n\t\t\t\t<div class=\"elementor-widget-container\">\n\t\t\t\t\t<div class=\"stories-widget stories-widget--vertical\"><div class=\"stories-header\"><h2 class=\"stories-headline\">Highlighting Our Collaborative Efforts <\/h2><a href=\"#signup\" class=\"stories-cta-button cta-button underlined\">Nh\u1eadn th\u00f4ng b\u00e1o qua email<\/a><div class=\"stories-intro-text\">From convening a diverse group of Hoosier leaders to address workforce needs to gathering school leaders and fellow funders, the Fairbanks Foundation intentionally collaborates with partners that align with our mission and focus areas. <\/div><\/div><div class=\"stories-grid\"><div class=\"story-item fade-in-up\"><a href=\"https:\/\/rmff.org\/funding\/ilab-indiana\/\" class=\"story-image-link\"><div class=\"story-image\" style=\"background-image: url('https:\/\/rmff.org\/wp-content\/uploads\/2025\/10\/INCAP-Article-Image.jpg');\"><\/div><\/a><div class=\"story-content\"><a href=\"https:\/\/rmff.org\/funding\/ilab-indiana\/\" class=\"story-headline-link\"><h3 class=\"story-headline\"><p>CEMETS iLab Indiana Supports Creation of INCAP<\/p><\/h3><\/a><div class=\"story-description\"><p>In December 2023, the Fairbanks Foundation launched CEMETS iLab Indiana, a coalition of over 300 Hoosier leaders representing a variety of sectors including business, K-12 education, higher education, and government. Since 2023, the group has focused on building the Indiana Career Apprenticeship Pathway, a new way for high schoolers and adults to prepare for in-demand careers.<\/p><\/div><a href=\"https:\/\/rmff.org\/funding\/ilab-indiana\/\" class=\"story-cta-button cta-button\">Find Out More<\/a><\/div><\/div><div class=\"story-item fade-in-up\"><a href=\"https:\/\/rmff.org\/funding\/past-initiatives\/\" class=\"story-image-link\"><div class=\"story-image\" style=\"background-image: url('https:\/\/rmff.org\/wp-content\/uploads\/2025\/10\/RMFF_Prevention-Matters-Report_15-1.jpeg');\"><\/div><\/a><div class=\"story-content\"><a href=\"https:\/\/rmff.org\/funding\/past-initiatives\/\" class=\"story-headline-link\"><h3 class=\"story-headline\"><p><em>Ph\u00f2ng ng\u1eeba l\u00e0 quan tr\u1ecdng<\/em> Lessons Learned Shared at YES! Summit<\/p><\/h3><\/a><div class=\"story-description\"><p>In 2023, the Fairbanks Foundation co-hosted the Youth Emerging Stronger (YES!) Summit alongside several state and local partners. Outcomes and lessons learned from the <em>Ph\u00f2ng ng\u1eeba l\u00e0 quan tr\u1ecdng<\/em> initiative were featured prominently. Our staff led the Summit\u2019s content track designed to provide guidance to funders looking to support similar initiatives, and <em>Ph\u00f2ng ng\u1eeba l\u00e0 quan tr\u1ecdng<\/em> grantees discussed their successes and challenges.<\/p><\/div><a href=\"https:\/\/rmff.org\/funding\/past-initiatives\/\" class=\"story-cta-button cta-button\">\u0110\u1ecdc th\u00eam<\/a><\/div><\/div><\/div><\/div>\t\t\t\t<\/div>\n\t\t\t\t<\/div>\n\t\t\t\t\t<\/div>\n\t\t\t\t<\/div>\n\t\t<div class=\"elementor-element elementor-element-3d9915b e-flex e-con-boxed e-con e-parent\" data-id=\"3d9915b\" data-element_type=\"container\" data-e-type=\"container\" data-settings=\"{&quot;background_background&quot;:&quot;classic&quot;}\">\n\t\t\t\t\t<div class=\"e-con-inner\">\n\t\t\t\t<div class=\"elementor-element elementor-element-9fb1bcf elementor-widget elementor-widget-rmff-expandable-containers\" data-id=\"9fb1bcf\" data-element_type=\"widget\" data-e-type=\"widget\" data-widget_type=\"rmff-expandable-containers.default\">\n\t\t\t\t<div class=\"elementor-widget-container\">\n\t\t\t\t\t        <div class=\"rmff-expandable-containers-widget fade-in-up\">\n                            <h2 class=\"rmff-expandable-headline\">Collaboration &amp; Convenings FAQs<\/h2>\n                        \n                            <div class=\"rmff-expandable-items\">\n                                                                    \n                        <div class=\"rmff-expandable-item\" data-item-id=\"expandable-item-0\">\n                            <div class=\"rmff-expandable-trigger\" tabindex=\"0\" role=\"button\" aria-expanded=\"false\" aria-controls=\"expandable-item-0\">\n                                <span class=\"rmff-expandable-icon\">\n                                    <svg width=\"24\" height=\"24\" viewbox=\"0 0 24 24\" fill=\"none\" xmlns=\"http:\/\/www.w3.org\/2000\/svg\">\n                                        <path d=\"M12 5V19M5 12H19\" stroke=\"currentColor\" stroke-width=\"2\" stroke-linecap=\"round\" stroke-linejoin=\"round\"\/>\n                                    <\/svg>\n                                <\/span>    \n                                <span class=\"rmff-expandable-title\">Who should I contact if I am interested in collaborating with the Fairbanks Foundation? <\/span>\n                            <\/div>\n                            \n                            <div class=\"rmff-expandable-content\" id=\"expandable-item-0\" aria-hidden=\"true\">\n                                <div class=\"rmff-expandable-content-inner\">\n                                    <p>To connect with the Fairbanks Foundation, please fill out our <a href=\"https:\/\/rmff.org\/contact-us\/\">contact form<\/a>.<\/p>                                <\/div>\n                            <\/div>\n                        <\/div>\n                                                                    \n                        <div class=\"rmff-expandable-item\" data-item-id=\"expandable-item-1\">\n                            <div class=\"rmff-expandable-trigger\" tabindex=\"0\" role=\"button\" aria-expanded=\"false\" aria-controls=\"expandable-item-1\">\n                                <span class=\"rmff-expandable-icon\">\n                                    <svg width=\"24\" height=\"24\" viewbox=\"0 0 24 24\" fill=\"none\" xmlns=\"http:\/\/www.w3.org\/2000\/svg\">\n                                        <path d=\"M12 5V19M5 12H19\" stroke=\"currentColor\" stroke-width=\"2\" stroke-linecap=\"round\" stroke-linejoin=\"round\"\/>\n                                    <\/svg>\n                                <\/span>    \n                                <span class=\"rmff-expandable-title\">L\u00e0m th\u1ebf n\u00e0o \u0111\u1ec3 t\u00f4i c\u00f3 th\u1ec3 c\u1eadp nh\u1eadt th\u00f4ng tin v\u1ec1 c\u00e1c ho\u1ea1t \u0111\u1ed9ng c\u1ee7a Qu\u1ef9?<\/span>\n                            <\/div>\n                            \n                            <div class=\"rmff-expandable-content\" id=\"expandable-item-1\" aria-hidden=\"true\">\n                                <div class=\"rmff-expandable-content-inner\">\n                                    <p>\u0110\u1ec3 c\u1eadp nh\u1eadt th\u00f4ng tin v\u1ec1 c\u00f4ng vi\u1ec7c c\u1ee7a ch\u00fang t\u00f4i v\u00e0 c\u00f4ng vi\u1ec7c c\u1ee7a c\u00e1c \u0111\u1ed1i t\u00e1c nh\u1eadn t\u00e0i tr\u1ee3 v\u00e0 \u0111\u1ed1i t\u00e1c c\u1ee7a ch\u00fang t\u00f4i, <a href=\"#signup\">\u0110\u0103ng k\u00fd nh\u1eadn b\u1ea3n tin c\u1ee7a ch\u00fang t\u00f4i<\/a> ho\u1eb7c theo d\u00f5i ch\u00fang t\u00f4i tr\u00ean <a href=\"http:\/\/linkedin.com\/company\/richard-m.-fairbanks-foundation\/\" target=\"_blank\" rel=\"noopener\">LinkedIn<\/a>.<\/p>                                <\/div>\n                            <\/div>\n                        <\/div>\n                                    <\/div>\n                    <\/div>\n        \t\t\t\t<\/div>\n\t\t\t\t<\/div>\n\t\t\t\t\t<\/div>\n\t\t\t\t<\/div>\n\t\t<div class=\"elementor-element elementor-element-ccc9d39 e-flex e-con-boxed e-con e-parent\" data-id=\"ccc9d39\" data-element_type=\"container\" data-e-type=\"container\">\n\t\t\t\t\t<div class=\"e-con-inner\">\n\t\t\t\t<div class=\"elementor-element elementor-element-d06b154 elementor-widget elementor-widget-rmff-text-link-blocks\" data-id=\"d06b154\" data-element_type=\"widget\" data-e-type=\"widget\" data-widget_type=\"rmff-text-link-blocks.default\">\n\t\t\t\t<div class=\"elementor-widget-container\">\n\t\t\t\t\t        <div class=\"rmff-text-link-blocks-widget\">\n                                            \n                <a href=\"\/funding\/research-evaluation\/\" class=\"rmff-text-link-block fade-in-up\">\n                                            <div class=\"rmff-text-link-eyebrow eyebrow-text\">C\u00e1ch ch\u00fang t\u00f4i t\u01b0\u01a1ng t\u00e1c<\/div>\n                                        \n                                            <h3 class=\"rmff-text-link-text\">Nghi\u00ean c\u1ee9u &amp; \u0110\u00e1nh gi\u00e1<\/h3>\n                    \n                    <div class=\"rmff-text-link-arrow\">\n                        <svg viewbox=\"0 0 24 24\" fill=\"currentColor\">\n                            <path d=\"M8.59 16.59L13.17 12 8.59 7.41 10 6l6 6-6 6-1.41-1.41z\"\/>\n                        <\/svg>\n                    <\/div>\n                <\/a>\n                                            \n                <a href=\"\/grants\" class=\"rmff-text-link-block fade-in-up\">\n                                            <div class=\"rmff-text-link-eyebrow eyebrow-text\">C\u00e1ch ch\u00fang t\u00f4i t\u01b0\u01a1ng t\u00e1c<\/div>\n                                        \n                                            <h3 class=\"rmff-text-link-text\">Ho\u1ea1t \u0111\u1ed9ng t\u00e0i tr\u1ee3 chi\u1ebfn l\u01b0\u1ee3c<\/h3>\n                    \n                    <div class=\"rmff-text-link-arrow\">\n                        <svg viewbox=\"0 0 24 24\" fill=\"currentColor\">\n                            <path d=\"M8.59 16.59L13.17 12 8.59 7.41 10 6l6 6-6 6-1.41-1.41z\"\/>\n                        <\/svg>\n                    <\/div>\n                <\/a>\n                                            \n                <a href=\"\/research\/reports\" class=\"rmff-text-link-block fade-in-up\">\n                                            <div class=\"rmff-text-link-eyebrow eyebrow-text\">Th\u01b0 vi\u1ec7n B\u00e1o c\u00e1o<\/div>\n                                        \n                                            <h3 class=\"rmff-text-link-text\">Xem t\u1ea5t c\u1ea3 b\u00e1o c\u00e1o<\/h3>\n                    \n                    <div class=\"rmff-text-link-arrow\">\n                        <svg viewbox=\"0 0 24 24\" fill=\"currentColor\">\n                            <path d=\"M8.59 16.59L13.17 12 8.59 7.41 10 6l6 6-6 6-1.41-1.41z\"\/>\n                        <\/svg>\n                    <\/div>\n                <\/a>\n                    <\/div>\n        \t\t\t\t<\/div>\n\t\t\t\t<\/div>\n\t\t\t\t\t<\/div>\n\t\t\t\t<\/div>\n\t\t\t\t<\/div>","protected":false},"excerpt":{"rendered":"<p>How We Engage Collaboration &amp; Convenings Partnering for Progress: Supporting Lasting Change The Fairbanks Foundation regularly collaborates with local and national stakeholders on a variety of convenings and projects. We recognize that the potential for impact is greatest when we leverage the combined expertise of our team alongside our grantees, partners, fellow funders, and community [&hellip;]<\/p>\n","protected":false},"author":1,"featured_media":0,"parent":16204,"menu_order":0,"comment_status":"closed","ping_status":"closed","template":"","meta":{"_acf_changed":false,"footnotes":""},"class_list":["post-16163","page","type-page","status-publish","hentry"],"acf":[],"_links":{"self":[{"href":"http:\/\/rmff.org\/vi\/wp-json\/wp\/v2\/pages\/16163","targetHints":{"allow":["GET"]}}],"collection":[{"href":"http:\/\/rmff.org\/vi\/wp-json\/wp\/v2\/pages"}],"about":[{"href":"http:\/\/rmff.org\/vi\/wp-json\/wp\/v2\/types\/page"}],"author":[{"embeddable":true,"href":"http:\/\/rmff.org\/vi\/wp-json\/wp\/v2\/users\/1"}],"replies":[{"embeddable":true,"href":"http:\/\/rmff.org\/vi\/wp-json\/wp\/v2\/comments?post=16163"}],"version-history":[{"count":0,"href":"http:\/\/rmff.org\/vi\/wp-json\/wp\/v2\/pages\/16163\/revisions"}],"up":[{"embeddable":true,"href":"http:\/\/rmff.org\/vi\/wp-json\/wp\/v2\/pages\/16204"}],"wp:attachment":[{"href":"http:\/\/rmff.org\/vi\/wp-json\/wp\/v2\/media?parent=16163"}],"curies":[{"name":"wp","href":"https:\/\/api.w.org\/{rel}","templated":true}]}}