{"id":16174,"date":"2025-10-07T18:36:45","date_gmt":"2025-10-07T18:36:45","guid":{"rendered":"https:\/\/staging.rmff.org\/?page_id=16174"},"modified":"2025-12-03T16:52:00","modified_gmt":"2025-12-03T16:52:00","slug":"mission","status":"publish","type":"page","link":"https:\/\/rmff.org\/de\/about\/mission\/","title":{"rendered":"Unser Auftrag"},"content":{"rendered":"<div data-elementor-type=\"wp-page\" data-elementor-id=\"16174\" class=\"elementor elementor-16174\" data-elementor-post-type=\"page\">\n\t\t\t\t<div class=\"elementor-element elementor-element-7f1dde9 e-flex e-con-boxed e-con e-parent\" data-id=\"7f1dde9\" data-element_type=\"container\" data-e-type=\"container\" data-settings=\"{&quot;background_background&quot;:&quot;classic&quot;}\">\n\t\t\t\t\t<div class=\"e-con-inner\">\n\t\t\t\t<div class=\"elementor-element elementor-element-1c9317f elementor-widget elementor-widget-rmff-hero\" data-id=\"1c9317f\" data-element_type=\"widget\" data-e-type=\"widget\" data-widget_type=\"rmff-hero.default\">\n\t\t\t\t<div class=\"elementor-widget-container\">\n\t\t\t\t\t<div class=\"hero-widget home\"><div class=\"hero-overlay\"><\/div><div class=\"hero-content\"><div class=\"eyebrow-text\">\u00dcber die Stiftung<\/div><h1><p>Unser Auftrag<\/p><\/h1><\/div><div class=\"hero-video-controls\"><button class=\"hero-pause-btn\" id=\"hero-pause-btn\" style=\"display: none;\"><svg class=\"pause-icon\" viewbox=\"0 0 24 24\" fill=\"currentColor\"><path d=\"M6 19h4V5H6v14zm8-14v14h4V5h-4z\"\/><\/svg><svg class=\"play-icon\" viewbox=\"0 0 24 24\" fill=\"currentColor\" style=\"display: none;\"><path d=\"M8 5v14l11-7z\"\/><\/svg><\/button><\/div><\/div>\t\t\t\t<\/div>\n\t\t\t\t<\/div>\n\t\t\t\t\t<\/div>\n\t\t\t\t<\/div>\n\t\t<div class=\"elementor-element elementor-element-403796f e-flex e-con-boxed e-con e-parent\" data-id=\"403796f\" data-element_type=\"container\" data-e-type=\"container\">\n\t\t\t\t\t<div class=\"e-con-inner\">\n\t\t\t\t<div class=\"elementor-element elementor-element-55d10e9 elementor-widget elementor-widget-heading\" data-id=\"55d10e9\" data-element_type=\"widget\" data-e-type=\"widget\" data-widget_type=\"heading.default\">\n\t\t\t\t\t<h2 class=\"elementor-heading-title elementor-size-default\">F\u00f6rderung der Vitalit\u00e4t von Indianapolis <\/h2>\t\t\t\t<\/div>\n\t\t\t\t<div class=\"elementor-element elementor-element-71bfeb2 elementor-widget elementor-widget-text-editor\" data-id=\"71bfeb2\" data-element_type=\"widget\" data-e-type=\"widget\" data-widget_type=\"text-editor.default\">\n\t\t\t\t\t\t\t\t\t<p>Der Auftrag der Fairbanks Foundation besteht darin, die Vitalit\u00e4t von Indianapolis und das Wohlergehen seiner Einwohner zu f\u00f6rdern. Wir bem\u00fchen uns, diesen Auftrag zu erf\u00fcllen, indem wir uns mit einigen der wichtigsten Herausforderungen und Chancen der Stadt befassen.<\/p>\t\t\t\t\t\t\t\t<\/div>\n\t\t\t\t<div class=\"elementor-element elementor-element-6bf17a9 elementor-widget elementor-widget-heading\" data-id=\"6bf17a9\" data-element_type=\"widget\" data-e-type=\"widget\" data-widget_type=\"heading.default\">\n\t\t\t\t\t<h3 class=\"elementor-heading-title elementor-size-default\">Unsere Geschichte <\/h3>\t\t\t\t<\/div>\n\t\t\t\t<div class=\"elementor-element elementor-element-d1aed2d elementor-widget elementor-widget-text-editor\" data-id=\"d1aed2d\" data-element_type=\"widget\" data-e-type=\"widget\" data-widget_type=\"text-editor.default\">\n\t\t\t\t\t\t\t\t\t<p><strong>Ein Verm\u00e4chtnis schaffen<br \/><\/strong>1986 gr\u00fcndete Richard M. \u201cDick\u201d Fairbanks, der Gr\u00fcnder und Eigent\u00fcmer von Fairbanks Communications, Inc. eine unabh\u00e4ngige, private Stiftung, die seinen Namen tr\u00e4gt. Er gr\u00fcndete die Stiftung, um die Stadt Indianapolis zu st\u00e4rken und das Erbe der Fairbanks in der Stadt, in der die Familie mehr als ein Jahrhundert lang erfolgreich war, zu bewahren. Dick war bis zu seinem Tod im August 2000 der Pr\u00e4sident der Stiftung.<\/p><p>Heute konzentriert sich der neunk\u00f6pfige Vorstand der Fairbanks Foundation bei der Vergabe von Zusch\u00fcssen und anderen strategischen Initiativen weiterhin auf die Stadt Indianapolis. Bis heute haben wir mehr als $300 Millionen an Zusch\u00fcssen an steuerbefreite Organisationen im Gro\u00dfraum Indianapolis vergeben.<\/p>\t\t\t\t\t\t\t\t<\/div>\n\t\t\t\t<div class=\"elementor-element elementor-element-8c3018d secondary white elementor-widget elementor-widget-button\" data-id=\"8c3018d\" data-element_type=\"widget\" data-e-type=\"widget\" data-widget_type=\"button.default\">\n\t\t\t\t\t\t\t\t\t\t<a class=\"elementor-button elementor-button-link elementor-size-sm\" href=\"\/about\/richard-m-fairbanks\/\">\n\t\t\t\t\t\t<span class=\"elementor-button-content-wrapper\">\n\t\t\t\t\t\t\t\t\t<span class=\"elementor-button-text\">Erfahren Sie mehr \u00fcber Richard M. Fairbanks und die Geschichte der Stiftung<\/span>\n\t\t\t\t\t<\/span>\n\t\t\t\t\t<\/a>\n\t\t\t\t\t\t\t\t<\/div>\n\t\t\t\t<div class=\"elementor-element elementor-element-487d582 elementor-widget elementor-widget-spacer\" data-id=\"487d582\" data-element_type=\"widget\" data-e-type=\"widget\" data-widget_type=\"spacer.default\">\n\t\t\t\t\t\t\t<div class=\"elementor-spacer\">\n\t\t\t<div class=\"elementor-spacer-inner\"><\/div>\n\t\t<\/div>\n\t\t\t\t\t\t<\/div>\n\t\t\t\t<div class=\"elementor-element elementor-element-28f0244 elementor-widget elementor-widget-heading\" data-id=\"28f0244\" data-element_type=\"widget\" data-e-type=\"widget\" data-widget_type=\"heading.default\">\n\t\t\t\t\t<h3 class=\"elementor-heading-title elementor-size-default\">Unsere Grundwerte <\/h3>\t\t\t\t<\/div>\n\t\t\t\t<div class=\"elementor-element elementor-element-fd447a6 elementor-widget elementor-widget-text-editor\" data-id=\"fd447a6\" data-element_type=\"widget\" data-e-type=\"widget\" data-widget_type=\"text-editor.default\">\n\t\t\t\t\t\t\t\t\t<p><strong>Leitfaden f\u00fcr unsere Arbeit<br \/><\/strong>Die Fairbanks Foundation wird von drei Grundwerten geleitet:<\/p><ul><li>Wir halten uns an die Grund\u00fcberzeugungen und Absichten unseres Gr\u00fcnders Richard M. Fairbanks, der die Stiftung zum Wohle der Menschen in Indianapolis gr\u00fcndete.<\/li><li>Wir f\u00fchren unsere Arbeit mit Unternehmergeist, Risikobereitschaft und Ergebnisorientierung aus und bleiben dabei flexibel und opportunistisch.<\/li><li>Wir respektieren die Perspektiven und Erfahrungen aller, mit denen wir zu tun haben. <\/li><\/ul>\t\t\t\t\t\t\t\t<\/div>\n\t\t\t\t<div class=\"elementor-element elementor-element-a5eef9f secondary white elementor-widget elementor-widget-button\" data-id=\"a5eef9f\" data-element_type=\"widget\" data-e-type=\"widget\" data-widget_type=\"button.default\">\n\t\t\t\t\t\t\t\t\t\t<a class=\"elementor-button elementor-button-link elementor-size-sm\" href=\"\/about\/impact-report-2020-2024\/\">\n\t\t\t\t\t\t<span class=\"elementor-button-content-wrapper\">\n\t\t\t\t\t\t\t\t\t<span class=\"elementor-button-text\">Unser neuester Wirkungsbericht<\/span>\n\t\t\t\t\t<\/span>\n\t\t\t\t\t<\/a>\n\t\t\t\t\t\t\t\t<\/div>\n\t\t\t\t<div class=\"elementor-element elementor-element-ae6e814 elementor-widget elementor-widget-spacer\" data-id=\"ae6e814\" data-element_type=\"widget\" data-e-type=\"widget\" data-widget_type=\"spacer.default\">\n\t\t\t\t\t\t\t<div class=\"elementor-spacer\">\n\t\t\t<div class=\"elementor-spacer-inner\"><\/div>\n\t\t<\/div>\n\t\t\t\t\t\t<\/div>\n\t\t\t\t<div class=\"elementor-element elementor-element-f2663ed elementor-widget elementor-widget-heading\" data-id=\"f2663ed\" data-element_type=\"widget\" data-e-type=\"widget\" data-widget_type=\"heading.default\">\n\t\t\t\t\t<h3 class=\"elementor-heading-title elementor-size-default\">Unsere Schwerpunktbereiche<\/h3>\t\t\t\t<\/div>\n\t\t\t\t<div class=\"elementor-element elementor-element-c2118c6 elementor-widget elementor-widget-text-editor\" data-id=\"c2118c6\" data-element_type=\"widget\" data-e-type=\"widget\" data-widget_type=\"text-editor.default\">\n\t\t\t\t\t\t\t\t\t<p><strong>Unerf\u00fcllte Bed\u00fcrfnisse befriedigen<br \/><\/strong>Alle f\u00fcnf Jahre denkt der Vorstand der Fairbanks Foundation \u00fcber die Herausforderungen und Chancen nach, denen sich Indianapolis gegen\u00fcbersieht, um unsere Arbeit in die Zukunft zu lenken. Im Jahr 2025 bekr\u00e4ftigte unser Vorstand sein Engagement f\u00fcr unsere drei Schwerpunktbereiche: <a href=\"\/funding\/education\">Bildung<\/a>, <a href=\"\/funding\/health\">Gesundheit<\/a>, und die <a href=\"\/funding\/vitality-of-indianapolis\">Vitalit\u00e4t von Indianapolis<\/a>, Ziele und Strategien f\u00fcr jeden Bereich festlegen.<\/p>\t\t\t\t\t\t\t\t<\/div>\n\t\t\t\t<div class=\"elementor-element elementor-element-9e98da1 secondary white elementor-widget elementor-widget-button\" data-id=\"9e98da1\" data-element_type=\"widget\" data-e-type=\"widget\" data-widget_type=\"button.default\">\n\t\t\t\t\t\t\t\t\t\t<a class=\"elementor-button elementor-button-link elementor-size-sm\" href=\"\/about\/goals-2025-and-beyond\/\">\n\t\t\t\t\t\t<span class=\"elementor-button-content-wrapper\">\n\t\t\t\t\t\t\t\t\t<span class=\"elementor-button-text\">Entdecken Sie unsere Schwerpunktbereiche<\/span>\n\t\t\t\t\t<\/span>\n\t\t\t\t\t<\/a>\n\t\t\t\t\t\t\t\t<\/div>\n\t\t\t\t<div class=\"elementor-element elementor-element-05d358a elementor-widget elementor-widget-spacer\" data-id=\"05d358a\" data-element_type=\"widget\" data-e-type=\"widget\" data-widget_type=\"spacer.default\">\n\t\t\t\t\t\t\t<div class=\"elementor-spacer\">\n\t\t\t<div class=\"elementor-spacer-inner\"><\/div>\n\t\t<\/div>\n\t\t\t\t\t\t<\/div>\n\t\t\t\t\t<\/div>\n\t\t\t\t<\/div>\n\t\t<div class=\"elementor-element elementor-element-3d9915b e-flex e-con-boxed e-con e-parent\" data-id=\"3d9915b\" data-element_type=\"container\" data-e-type=\"container\" data-settings=\"{&quot;background_background&quot;:&quot;classic&quot;}\">\n\t\t\t\t\t<div class=\"e-con-inner\">\n\t\t\t\t<div class=\"elementor-element elementor-element-9fb1bcf elementor-widget elementor-widget-rmff-expandable-containers\" data-id=\"9fb1bcf\" data-element_type=\"widget\" data-e-type=\"widget\" data-widget_type=\"rmff-expandable-containers.default\">\n\t\t\t\t<div class=\"elementor-widget-container\">\n\t\t\t\t\t        <div class=\"rmff-expandable-containers-widget fade-in-up\">\n                            <h2 class=\"rmff-expandable-headline\">FAQs zur Fairbanks-Stiftung  <\/h2>\n                        \n                            <div class=\"rmff-expandable-items\">\n                                                                    \n                        <div class=\"rmff-expandable-item\" data-item-id=\"expandable-item-0\">\n                            <div class=\"rmff-expandable-trigger\" tabindex=\"0\" role=\"button\" aria-expanded=\"false\" aria-controls=\"expandable-item-0\">\n                                <span class=\"rmff-expandable-icon\">\n                                    <svg width=\"24\" height=\"24\" viewbox=\"0 0 24 24\" fill=\"none\" xmlns=\"http:\/\/www.w3.org\/2000\/svg\">\n                                        <path d=\"M12 5V19M5 12H19\" stroke=\"currentColor\" stroke-width=\"2\" stroke-linecap=\"round\" stroke-linejoin=\"round\"\/>\n                                    <\/svg>\n                                <\/span>    \n                                <span class=\"rmff-expandable-title\"><p>Was macht die Fairbanks Foundation?<\/p><\/span>\n                            <\/div>\n                            \n                            <div class=\"rmff-expandable-content\" id=\"expandable-item-0\" aria-hidden=\"true\">\n                                <div class=\"rmff-expandable-content-inner\">\n                                    <p>Die 1986 gegr\u00fcndete Richard M. Fairbanks Foundation ist eine unabh\u00e4ngige, private Stiftung, deren Aufgabe es ist, die Vitalit\u00e4t von Indianapolis und das Wohlergehen seiner Einwohner zu f\u00f6rdern. Seit ihrer Gr\u00fcndung hat die Stiftung mehr als $300 Millionen an Zusch\u00fcssen vergeben.<\/p><p>Die Stiftung hat drei Schwerpunktbereiche: <a href=\"\/funding\/education\">Bildung<\/a>, <a href=\"\/funding\/health\">Gesundheit<\/a>, und die <a href=\"\/funding\/vitality-of-indianapolis\">Vitalit\u00e4t von Indianapolis<\/a>.<\/p>                                <\/div>\n                            <\/div>\n                        <\/div>\n                                                                    \n                        <div class=\"rmff-expandable-item\" data-item-id=\"expandable-item-1\">\n                            <div class=\"rmff-expandable-trigger\" tabindex=\"0\" role=\"button\" aria-expanded=\"false\" aria-controls=\"expandable-item-1\">\n                                <span class=\"rmff-expandable-icon\">\n                                    <svg width=\"24\" height=\"24\" viewbox=\"0 0 24 24\" fill=\"none\" xmlns=\"http:\/\/www.w3.org\/2000\/svg\">\n                                        <path d=\"M12 5V19M5 12H19\" stroke=\"currentColor\" stroke-width=\"2\" stroke-linecap=\"round\" stroke-linejoin=\"round\"\/>\n                                    <\/svg>\n                                <\/span>    \n                                <span class=\"rmff-expandable-title\"><p>Befindet sich die Stiftung im Besitz der Familie Fairbanks und wird von ihr betrieben?<\/p><\/span>\n                            <\/div>\n                            \n                            <div class=\"rmff-expandable-content\" id=\"expandable-item-1\" aria-hidden=\"true\">\n                                <div class=\"rmff-expandable-content-inner\">\n                                    <p>Nein. Die Fairbanks Foundation wird von unserem Vorstand und seinen leitenden Angestellten verwaltet. Erfahren Sie mehr \u00fcber unser <a href=\"\/about\/board-of-directors\/\">Vorstand<\/a>.<\/p>                                <\/div>\n                            <\/div>\n                        <\/div>\n                                                                    \n                        <div class=\"rmff-expandable-item\" data-item-id=\"expandable-item-2\">\n                            <div class=\"rmff-expandable-trigger\" tabindex=\"0\" role=\"button\" aria-expanded=\"false\" aria-controls=\"expandable-item-2\">\n                                <span class=\"rmff-expandable-icon\">\n                                    <svg width=\"24\" height=\"24\" viewbox=\"0 0 24 24\" fill=\"none\" xmlns=\"http:\/\/www.w3.org\/2000\/svg\">\n                                        <path d=\"M12 5V19M5 12H19\" stroke=\"currentColor\" stroke-width=\"2\" stroke-linecap=\"round\" stroke-linejoin=\"round\"\/>\n                                    <\/svg>\n                                <\/span>    \n                                <span class=\"rmff-expandable-title\"><p>Kann ich einen Finanzierungsvorschlag im Namen meiner Organisation einreichen?<\/p><\/span>\n                            <\/div>\n                            \n                            <div class=\"rmff-expandable-content\" id=\"expandable-item-2\" aria-hidden=\"true\">\n                                <div class=\"rmff-expandable-content-inner\">\n                                    <p><strong>Die Stiftung nimmt keine unaufgeforderten Vorschl\u00e4ge an.<\/strong> Stattdessen freuen wir uns \u00fcber Anfragen, die Informationen \u00fcber Ihre Organisation, Ihr Programm oder Ihr Projekt enthalten und die mit unseren Finanzierungsstrategien in unserem Schwerpunktbereich Bildung \u00fcbereinstimmen.<\/p><p>Bitte beachten Sie, dass wir in unseren Schwerpunktbereichen Gesundheit und Vitalit\u00e4t von Indianapolis derzeit keine Vorschl\u00e4ge einholen oder Anfragen annehmen.<\/p><p>F\u00fcr weitere Informationen lesen Sie bitte \u00fcber unsere <a href=\"\/grants\/the-grants-process\/\">Finanzhilfeverfahren<\/a>.<\/p>                                <\/div>\n                            <\/div>\n                        <\/div>\n                                                                    \n                        <div class=\"rmff-expandable-item\" data-item-id=\"expandable-item-3\">\n                            <div class=\"rmff-expandable-trigger\" tabindex=\"0\" role=\"button\" aria-expanded=\"false\" aria-controls=\"expandable-item-3\">\n                                <span class=\"rmff-expandable-icon\">\n                                    <svg width=\"24\" height=\"24\" viewbox=\"0 0 24 24\" fill=\"none\" xmlns=\"http:\/\/www.w3.org\/2000\/svg\">\n                                        <path d=\"M12 5V19M5 12H19\" stroke=\"currentColor\" stroke-width=\"2\" stroke-linecap=\"round\" stroke-linejoin=\"round\"\/>\n                                    <\/svg>\n                                <\/span>    \n                                <span class=\"rmff-expandable-title\"><p>Ist die Stiftung mit dem Community Fairbanks Recovery Center verbunden?<\/p><\/span>\n                            <\/div>\n                            \n                            <div class=\"rmff-expandable-content\" id=\"expandable-item-3\" aria-hidden=\"true\">\n                                <div class=\"rmff-expandable-content-inner\">\n                                    <p>Die Richard M. Fairbanks Foundation ist eine von der gemeinn\u00fctzigen Alkohol- und Drogenbehandlungseinrichtung Community Fairbanks Recovery Center v\u00f6llig unabh\u00e4ngige Einrichtung.<\/p><p>Es gibt jedoch eine famili\u00e4re Verbindung zwischen den beiden Organisationen. Das Behandlungszentrum ist zu Ehren von Cornelia Cole Fairbanks, der Frau von Charles Warren Fairbanks, benannt. Charles Warren und Cornelia Cole Fairbanks waren die Gro\u00dfeltern von Richard M. (\u201cDick\u201d) Fairbanks. F\u00fcr weitere Informationen \u00fcber das Community Fairbanks Recovery Center besuchen Sie bitte die Website <a href=\"https:\/\/www.ecommunity.com\/locations\/community-fairbanks-recovery-center\" target=\"_blank\" rel=\"noopener\">Website<\/a>.<\/p>                                <\/div>\n                            <\/div>\n                        <\/div>\n                                                                    \n                        <div class=\"rmff-expandable-item\" data-item-id=\"expandable-item-4\">\n                            <div class=\"rmff-expandable-trigger\" tabindex=\"0\" role=\"button\" aria-expanded=\"false\" aria-controls=\"expandable-item-4\">\n                                <span class=\"rmff-expandable-icon\">\n                                    <svg width=\"24\" height=\"24\" viewbox=\"0 0 24 24\" fill=\"none\" xmlns=\"http:\/\/www.w3.org\/2000\/svg\">\n                                        <path d=\"M12 5V19M5 12H19\" stroke=\"currentColor\" stroke-width=\"2\" stroke-linecap=\"round\" stroke-linejoin=\"round\"\/>\n                                    <\/svg>\n                                <\/span>    \n                                <span class=\"rmff-expandable-title\"><p>Wie kann ich mich \u00fcber die Arbeit der Stiftung auf dem Laufenden halten?<\/p><\/span>\n                            <\/div>\n                            \n                            <div class=\"rmff-expandable-content\" id=\"expandable-item-4\" aria-hidden=\"true\">\n                                <div class=\"rmff-expandable-content-inner\">\n                                    <p>Um \u00fcber unsere Arbeit und die Arbeit unserer Zuschussempf\u00e4nger und Partner auf dem Laufenden zu bleiben, <a href=\"#signup\">Melden Sie sich f\u00fcr unseren Newsletter an<\/a> oder folgen Sie uns auf <a href=\"http:\/\/linkedin.com\/company\/richard-m.-fairbanks-foundation\/\" target=\"_blank\" rel=\"noopener\">LinkedIn<\/a>.<\/p>                                <\/div>\n                            <\/div>\n                        <\/div>\n                                    <\/div>\n                    <\/div>\n        \t\t\t\t<\/div>\n\t\t\t\t<\/div>\n\t\t\t\t\t<\/div>\n\t\t\t\t<\/div>\n\t\t\t\t<\/div>","protected":false},"excerpt":{"rendered":"<p>About The Foundation Our Mission Advancing the Vitality of Indianapolis The mission of the Fairbanks Foundation is to advance the vitality of Indianapolis and the well-being of its people. We strive to achieve this mission by addressing some of the city\u2019s most significant challenges and opportunities. Our History Establishing a LegacyIn 1986, Richard M. \u201cDick\u201d [&hellip;]<\/p>\n","protected":false},"author":1,"featured_media":0,"parent":16202,"menu_order":0,"comment_status":"closed","ping_status":"closed","template":"","meta":{"_acf_changed":false,"footnotes":""},"class_list":["post-16174","page","type-page","status-publish","hentry"],"acf":[],"_links":{"self":[{"href":"https:\/\/rmff.org\/de\/wp-json\/wp\/v2\/pages\/16174","targetHints":{"allow":["GET"]}}],"collection":[{"href":"https:\/\/rmff.org\/de\/wp-json\/wp\/v2\/pages"}],"about":[{"href":"https:\/\/rmff.org\/de\/wp-json\/wp\/v2\/types\/page"}],"author":[{"embeddable":true,"href":"https:\/\/rmff.org\/de\/wp-json\/wp\/v2\/users\/1"}],"replies":[{"embeddable":true,"href":"https:\/\/rmff.org\/de\/wp-json\/wp\/v2\/comments?post=16174"}],"version-history":[{"count":0,"href":"https:\/\/rmff.org\/de\/wp-json\/wp\/v2\/pages\/16174\/revisions"}],"up":[{"embeddable":true,"href":"https:\/\/rmff.org\/de\/wp-json\/wp\/v2\/pages\/16202"}],"wp:attachment":[{"href":"https:\/\/rmff.org\/de\/wp-json\/wp\/v2\/media?parent=16174"}],"curies":[{"name":"wp","href":"https:\/\/api.w.org\/{rel}","templated":true}]}}