{"id":15886,"date":"2025-10-01T13:10:44","date_gmt":"2025-10-01T13:10:44","guid":{"rendered":"https:\/\/staging.rmff.org\/?page_id=15886"},"modified":"2025-12-15T21:02:03","modified_gmt":"2025-12-15T21:02:03","slug":"all-grants-awarded","status":"publish","type":"page","link":"https:\/\/rmff.org\/es\/grants\/all-grants-awarded\/","title":{"rendered":"Todas las subvenciones concedidas"},"content":{"rendered":"<div data-elementor-type=\"wp-page\" data-elementor-id=\"15886\" class=\"elementor elementor-15886\" data-elementor-post-type=\"page\">\n\t\t\t\t<div class=\"elementor-element elementor-element-1182d84 e-flex e-con-boxed e-con e-parent\" data-id=\"1182d84\" data-element_type=\"container\" data-e-type=\"container\" data-settings=\"{&quot;background_background&quot;:&quot;classic&quot;}\">\n\t\t\t\t\t<div class=\"e-con-inner\">\n\t\t\t\t<div class=\"elementor-element elementor-element-a7b1899 elementor-widget elementor-widget-rmff-hero\" data-id=\"a7b1899\" data-element_type=\"widget\" data-e-type=\"widget\" data-widget_type=\"rmff-hero.default\">\n\t\t\t\t<div class=\"elementor-widget-container\">\n\t\t\t\t\t<div class=\"hero-widget home\"><div class=\"hero-overlay\"><\/div><div class=\"hero-content\"><div class=\"eyebrow-text\">Subvenciones de la Fundaci\u00f3n Fairbanks<\/div><h1><p>Subvenciones concedidas<\/p><\/h1><\/div><div class=\"hero-video-controls\"><button class=\"hero-pause-btn\" id=\"hero-pause-btn\" style=\"display: none;\"><svg class=\"pause-icon\" viewbox=\"0 0 24 24\" fill=\"currentColor\"><path d=\"M6 19h4V5H6v14zm8-14v14h4V5h-4z\"\/><\/svg><svg class=\"play-icon\" viewbox=\"0 0 24 24\" fill=\"currentColor\" style=\"display: none;\"><path d=\"M8 5v14l11-7z\"\/><\/svg><\/button><\/div><\/div>\t\t\t\t<\/div>\n\t\t\t\t<\/div>\n\t\t\t\t\t<\/div>\n\t\t\t\t<\/div>\n\t\t<div class=\"elementor-element elementor-element-8ca9ebf e-flex e-con-boxed e-con e-parent\" data-id=\"8ca9ebf\" data-element_type=\"container\" data-e-type=\"container\">\n\t\t\t\t\t<div class=\"e-con-inner\">\n\t\t\t\t<div class=\"elementor-element elementor-element-66409c6 elementor-widget elementor-widget-text-editor\" data-id=\"66409c6\" data-element_type=\"widget\" data-e-type=\"widget\" data-widget_type=\"text-editor.default\">\n\t\t\t\t\t\t\t\t\t<section class=\"block wordpress-block wordpress-paragraph core-paragraph\"><p>Desde su creaci\u00f3n en 1986, la Fundaci\u00f3n Richard M. Fairbanks ha concedido m\u00e1s de $300 millones en subvenciones. A continuaci\u00f3n se ofrece informaci\u00f3n sobre las subvenciones concedidas desde la creaci\u00f3n de la Fundaci\u00f3n. La informaci\u00f3n sobre las mayores subvenciones concedidas por la Fundaci\u00f3n se encuentra en la p\u00e1gina <a href=\"\/grants\/major-funding\/\">Financiaci\u00f3n principal<\/a>\u00a0p\u00e1gina.<\/p><\/section><section class=\"block wordpress-block wordpress-paragraph core-paragraph\"><p>Puede buscar subvenciones por palabra clave o filtrar por \u00e1rea de inter\u00e9s, categor\u00eda, importe y a\u00f1o de concesi\u00f3n utilizando la siguiente herramienta. Las \u00e1reas de inter\u00e9s actuales de la Fundaci\u00f3n son las siguientes <a href=\"\/funding\/education\">Educaci\u00f3n<\/a>,\u00a0<a href=\"\/funding\/health\">Salud<\/a>, y el <a href=\"\/funding\/vitality-of-indianapolis\">Vitalidad de Indian\u00e1polis<\/a>.<\/p><\/section><section class=\"block wordpress-block wordpress-paragraph core-paragraph\"><p><a href=\"https:\/\/rmff.org\/about\/contact-us\/\">P\u00f3ngase en contacto con nosotros<\/a> para m\u00e1s informaci\u00f3n sobre nuestras subvenciones.<\/p><\/section>\t\t\t\t\t\t\t\t<\/div>\n\t\t\t\t\t<\/div>\n\t\t\t\t<\/div>\n\t\t<div class=\"elementor-element elementor-element-3b2da10 e-flex e-con-boxed e-con e-parent\" data-id=\"3b2da10\" data-element_type=\"container\" data-e-type=\"container\">\n\t\t\t\t\t<div class=\"e-con-inner\">\n\t\t\t\t<div class=\"elementor-element elementor-element-7a8202c elementor-widget elementor-widget-rmff-grants\" data-id=\"7a8202c\" data-element_type=\"widget\" data-e-type=\"widget\" data-widget_type=\"rmff-grants.default\">\n\t\t\t\t<div class=\"elementor-widget-container\">\n\t\t\t\t\t        <div class=\"rmff-grants-widget fade-in-up\" \n             data-posts-per-page=\"12\"\n             data-show-filters=\"yes\"\n             data-show-pagination=\"yes\">\n            \n                            <div class=\"rmff-grants-filters\">\n                    <div class=\"rmff-filters-header\">\n                        <div class=\"rmff-filters-title\">\n                            <svg width=\"21\" height=\"21\" viewbox=\"0 0 21 21\" fill=\"none\" xmlns=\"http:\/\/www.w3.org\/2000\/svg\" class=\"rmff-filters-icon\">\n                                <mask id=\"mask0_grants_filters\" style=\"mask-type:alpha\" maskunits=\"userSpaceOnUse\" x=\"0\" y=\"0\" width=\"21\" height=\"21\">\n                                    <rect width=\"21\" height=\"21\" fill=\"#D9D9D9\"\/>\n                                <\/mask>\n                                <g mask=\"url(#mask0_grants_filters)\">\n                                    <path d=\"M10.4599 10.0626C10.2749 9.22012 9.52244 8.58765 8.62528 8.58765C7.72811 8.58765 6.97564 9.22012 6.79061 10.0626H4.00005V10.8693H6.79086C6.9764 11.7112 7.72962 12.3442 8.62528 12.3442C9.52093 12.3442 10.2744 11.7115 10.4597 10.8693H17V10.0626H10.4599ZM9.69688 10.4649C9.69688 10.4664 9.69688 10.4677 9.69688 10.4692C9.69512 11.0583 9.21439 11.5375 8.62528 11.5375C8.03616 11.5375 7.55644 11.0591 7.55392 10.4702V10.4644C7.55468 9.87428 8.03515 9.39457 8.62528 9.39457C9.2154 9.39457 9.69537 9.87378 9.69688 10.4637V10.4649Z\" fill=\"#1D3448\"\/>\n                                    <path d=\"M14.3108 5.48117C14.1252 4.63896 13.372 4.00623 12.4764 4.00623C11.5807 4.00623 10.8272 4.63896 10.6419 5.48117H4.00005V6.28784H10.6417C10.8267 7.1303 11.5792 7.76278 12.4764 7.76278C13.3735 7.76278 14.126 7.1303 14.311 6.28784H17V5.48117H14.3108ZM12.4764 6.95611C11.8862 6.95611 11.4063 6.47665 11.4047 5.88702V5.88551C11.4047 5.884 11.4047 5.88248 11.4047 5.88122C11.4065 5.2921 11.8872 4.81289 12.4764 4.81289C13.0655 4.81289 13.5452 5.29135 13.5477 5.88022V5.88627C13.547 6.47639 13.0665 6.95611 12.4764 6.95611Z\" fill=\"#1D3448\"\/>\n                                    <path d=\"M14.3108 14.6439C14.1252 13.802 13.372 13.169 12.4764 13.169C11.5807 13.169 10.8272 13.8017 10.6419 14.6439H4.00005V15.4506H10.6417C10.8267 16.2931 11.5792 16.9256 12.4764 16.9256C13.3735 16.9256 14.126 16.2931 14.311 15.4506H17V14.6439H14.3108ZM12.4764 16.1189C11.8862 16.1189 11.4063 15.6394 11.4047 15.0498V15.0483C11.4047 15.0468 11.4047 15.0455 11.4047 15.044C11.4065 14.4549 11.8872 13.9757 12.4764 13.9757C13.0655 13.9757 13.5452 14.4541 13.5477 15.043V15.0488C13.547 15.6389 13.0665 16.1189 12.4764 16.1189Z\" fill=\"#1D3448\"\/>\n                                <\/g>\n                            <\/svg>\n                            <span>Filtros<\/span>\n                        <\/div>\n                        <a href=\"#\" class=\"rmff-reset-link\" style=\"display: none;\">Restablecer<\/a>\n                    <\/div>\n\n                    <div class=\"rmff-filters-container\">\n                    <!-- Keyword Search -->\n                    <div class=\"rmff-filter-group rmff-keyword-group\">\n                        <label class=\"rmff-filter-label\" for=\"rmff-grants-keyword\">\n                            Buscar en\n                        <\/label>\n                        <div class=\"rmff-keyword-input-wrapper\">\n                            <input type=\"text\" \n                                   id=\"rmff-grants-keyword\"\n                                   placeholder=\"Introducir palabra clave...\" \n                                   class=\"rmff-filter-input rmff-keyword-input\"\n                                   data-filter=\"keyword\">\n                            <div class=\"rmff-search-icon\">\n                                <svg width=\"15\" height=\"19\" viewbox=\"0 0 15 19\" fill=\"none\" xmlns=\"http:\/\/www.w3.org\/2000\/svg\">\n                                    <path d=\"M2.79492 2.56244C5.84342 0.0854247 10.3235 0.548398 12.8008 3.59662L13.0244 3.88763C15.1848 6.84027 14.7454 10.9662 12.0049 13.3984L15 17.0839L13.8359 18.0302L10.7822 14.2724C7.81584 15.9552 3.98312 15.3029 1.76074 12.5683C-0.716152 9.51975 -0.253388 5.03963 2.79492 2.56244ZM11.6367 4.54291C9.68188 2.13744 6.14683 1.77276 3.74121 3.72748C1.33596 5.68226 0.970372 9.21644 2.9248 11.622C4.87953 14.0275 8.41466 14.3938 10.8203 12.4394C13.226 10.4846 13.5914 6.94862 11.6367 4.54291Z\" fill=\"#1D3448\"\/>\n                                <\/svg>\n                            <\/div>\n                        <\/div>\n                    <\/div>\n\n                    <!-- Focus Area Filter -->\n                    <div class=\"rmff-filter-group\">\n                        <label class=\"rmff-filter-label\">\u00c1rea de inter\u00e9s<\/label>\n                        <div class=\"rmff-custom-dropdown rmff-filter-dropdown\" data-filter=\"focus_areas\">\n                            <div class=\"rmff-dropdown-trigger\">\n                                <span class=\"rmff-dropdown-label\">\u00c1rea de inter\u00e9s<\/span>\n                                <span class=\"rmff-dropdown-icon\">\u25bc<\/span>\n                            <\/div>\n                            <div class=\"rmff-dropdown-content\">\n                                <div class=\"rmff-dropdown-options\">\n                                    <!-- Options will be populated by JavaScript -->\n                                <\/div>\n                            <\/div>\n                        <\/div>\n                    <\/div>\n\n                    <!-- Category Filter (shown when Focus Area selected) -->\n                    <div class=\"rmff-filter-group\" style=\"display: none;\" data-filter-group=\"grant_categories_group\">\n                        <label class=\"rmff-filter-label\">Categor\u00eda<\/label>\n                        <div class=\"rmff-custom-dropdown rmff-filter-dropdown\" data-filter=\"grant_categories\" style=\"display: none;\">\n                            <div class=\"rmff-dropdown-trigger\">\n                                <span class=\"rmff-dropdown-label\">Categor\u00eda<\/span>\n                                <span class=\"rmff-dropdown-icon\">\u25bc<\/span>\n                            <\/div>\n                            <div class=\"rmff-dropdown-content\">\n                                <div class=\"rmff-dropdown-options\">\n                                    <!-- Options will be populated by JavaScript -->\n                                <\/div>\n                            <\/div>\n                        <\/div>\n                    <\/div>\n\n                    <!-- Amount Filter -->\n                    <div class=\"rmff-filter-group\">\n                        <label class=\"rmff-filter-label\">Importe de la subvenci\u00f3n<\/label>\n                        <div class=\"rmff-custom-dropdown rmff-filter-dropdown\" data-filter=\"amounts\">\n                            <div class=\"rmff-dropdown-trigger\">\n                                <span class=\"rmff-dropdown-label\">Importe<\/span>\n                                <span class=\"rmff-dropdown-icon\">\u25bc<\/span>\n                            <\/div>\n                            <div class=\"rmff-dropdown-content\">\n                                <div class=\"rmff-dropdown-options\">\n                                    <!-- Options will be populated by JavaScript -->\n                                <\/div>\n                            <\/div>\n                        <\/div>\n                    <\/div>\n\n                    <!-- Year Awarded Filter -->\n                    <div class=\"rmff-filter-group\">\n                        <label class=\"rmff-filter-label\">A\u00f1o de concesi\u00f3n<\/label>\n                        <div class=\"rmff-custom-dropdown rmff-filter-dropdown\" data-filter=\"years\">\n                            <div class=\"rmff-dropdown-trigger\">\n                                <span class=\"rmff-dropdown-label\">A\u00f1o de concesi\u00f3n<\/span>\n                                <span class=\"rmff-dropdown-icon\">\u25bc<\/span>\n                            <\/div>\n                            <div class=\"rmff-dropdown-content\">\n                                <div class=\"rmff-dropdown-options\">\n                                    <!-- Options will be populated by JavaScript -->\n                                <\/div>\n                            <\/div>\n                        <\/div>\n                    <\/div>\n\n                    <!-- Active Filters Row (hidden by default) -->\n                    <div class=\"rmff-active-filters\" style=\"display: none;\">\n                        <a class=\"rmff-clear-all-filters-link\" href=\"#\">Borrar todos los filtros<\/a>\n                        <div class=\"rmff-filter-pills\"><\/div>\n                    <\/div>\n                <\/div>\n                        \n            <div class=\"rmff-grants-listing\">\n                <div class=\"rmff-results-counter\">\n                    <h2 class=\"rmff-results-text\"><span class=\"rmff-results-count\">0<\/span> subvenciones encontradas<\/h2>\n                    <a href=\"https:\/\/rmff.org\/wp-content\/themes\/rmff2025\/grants-export.php\" class=\"rmff-export-link\">Exportar subvenciones (CSV)<\/a>\n                <\/div>\n                <div class=\"rmff-grants-grid\">\n                    <!-- Grants will be populated by JavaScript -->\n                <\/div>\n                <div class=\"rmff-loading\" style=\"display: none;\">\n                    <div class=\"rmff-spinner\"><\/div>\n                    <p>Cargando subvenciones...<\/p>\n                <\/div>\n            <\/div>\n            \n                            <div class=\"rmff-grants-pagination\">\n                <a class=\"cta-button rmff-load-more\" style=\"display: none;\">\n                    M\u00e1s informaci\u00f3n\n                <\/a>\n                <\/div>\n                    <\/div>\n        \t\t\t\t<\/div>\n\t\t\t\t<\/div>\n\t\t\t\t\t<\/div>\n\t\t\t\t<\/div>\n\t\t\t\t<\/div>","protected":false},"excerpt":{"rendered":"<p>Fairbanks Foundation Grants Grants Awarded Since its establishment in 1986, the Richard M. Fairbanks Foundation has awarded more than $300 million in grants. Information on grants awarded since the Foundation\u2019s inception can be found below. Information on the Foundation\u2019s largest grants awarded can be found on the Major Funding\u00a0page. You may search grants by keyword [&hellip;]<\/p>\n","protected":false},"author":1,"featured_media":0,"parent":17578,"menu_order":0,"comment_status":"closed","ping_status":"closed","template":"","meta":{"_acf_changed":false,"footnotes":""},"class_list":["post-15886","page","type-page","status-publish","hentry"],"acf":[],"_links":{"self":[{"href":"https:\/\/rmff.org\/es\/wp-json\/wp\/v2\/pages\/15886","targetHints":{"allow":["GET"]}}],"collection":[{"href":"https:\/\/rmff.org\/es\/wp-json\/wp\/v2\/pages"}],"about":[{"href":"https:\/\/rmff.org\/es\/wp-json\/wp\/v2\/types\/page"}],"author":[{"embeddable":true,"href":"https:\/\/rmff.org\/es\/wp-json\/wp\/v2\/users\/1"}],"replies":[{"embeddable":true,"href":"https:\/\/rmff.org\/es\/wp-json\/wp\/v2\/comments?post=15886"}],"version-history":[{"count":0,"href":"https:\/\/rmff.org\/es\/wp-json\/wp\/v2\/pages\/15886\/revisions"}],"up":[{"embeddable":true,"href":"https:\/\/rmff.org\/es\/wp-json\/wp\/v2\/pages\/17578"}],"wp:attachment":[{"href":"https:\/\/rmff.org\/es\/wp-json\/wp\/v2\/media?parent=15886"}],"curies":[{"name":"wp","href":"https:\/\/api.w.org\/{rel}","templated":true}]}}