{"id":24,"date":"2025-08-19T20:12:22","date_gmt":"2025-08-19T20:12:22","guid":{"rendered":"https:\/\/rmff2025.test\/?page_id=24"},"modified":"2026-03-19T20:22:52","modified_gmt":"2026-03-19T20:22:52","slug":"home","status":"publish","type":"page","link":"https:\/\/rmff.org\/es\/","title":{"rendered":"Home"},"content":{"rendered":"<div data-elementor-type=\"wp-page\" data-elementor-id=\"24\" class=\"elementor elementor-24\" data-elementor-post-type=\"page\">\n\t\t\t\t<div class=\"elementor-element elementor-element-814d305 hero-video e-flex e-con-boxed e-con e-parent\" data-id=\"814d305\" data-element_type=\"container\" data-e-type=\"container\" data-settings=\"{&quot;background_background&quot;:&quot;video&quot;,&quot;background_video_link&quot;:&quot;\\\/wp-content\\\/uploads\\\/2025\\\/11\\\/RMFF-Hero-Video.mp4&quot;,&quot;background_play_on_mobile&quot;:&quot;yes&quot;}\">\n\t\t\t\t\t<div class=\"e-con-inner\">\n\t\t<div class=\"elementor-background-video-container\">\n\t\t\t\t\t\t\t<video class=\"elementor-background-video-hosted\" role=\"presentation\" autoplay muted playsinline loop><\/video>\n\t\t\t\t\t<\/div>\t\t<div class=\"elementor-element elementor-element-ac593a4 elementor-widget elementor-widget-rmff-hero\" data-id=\"ac593a4\" data-element_type=\"widget\" data-e-type=\"widget\" data-widget_type=\"rmff-hero.default\">\n\t\t\t\t<div class=\"elementor-widget-container\">\n\t\t\t\t\t<div class=\"hero-widget home\"><div class=\"hero-overlay\"><\/div><div class=\"hero-content\"><h1><p>Determinar las necesidades.<br \/>Potencial de combustible.<\/p><\/h1><\/div><div class=\"hero-video-controls\"><button class=\"hero-pause-btn\" id=\"hero-pause-btn\" style=\"display: none;\"><svg class=\"pause-icon\" viewbox=\"0 0 24 24\" fill=\"currentColor\"><path d=\"M6 19h4V5H6v14zm8-14v14h4V5h-4z\"\/><\/svg><svg class=\"play-icon\" viewbox=\"0 0 24 24\" fill=\"currentColor\" style=\"display: none;\"><path d=\"M8 5v14l11-7z\"\/><\/svg><\/button><\/div><\/div>\t\t\t\t<\/div>\n\t\t\t\t<\/div>\n\t\t\t\t\t<\/div>\n\t\t\t\t<\/div>\n\t\t<div class=\"elementor-element elementor-element-621df99 e-flex e-con-boxed e-con e-parent\" data-id=\"621df99\" data-element_type=\"container\" data-e-type=\"container\">\n\t\t\t\t\t<div class=\"e-con-inner\">\n\t\t\t\t<div class=\"elementor-element elementor-element-c2dcc95 elementor-widget elementor-widget-rmff-image-link-blocks\" data-id=\"c2dcc95\" data-element_type=\"widget\" data-e-type=\"widget\" data-widget_type=\"rmff-image-link-blocks.default\">\n\t\t\t\t<div class=\"elementor-widget-container\">\n\t\t\t\t\t<div class=\"image-link-blocks-widget\"><h2 class=\"image-link-blocks-headline\">Vea nuestro trabajo<\/h2><div class=\"image-link-blocks-grid\"><a href=\"\/funding\/education\" class=\"image-link-block fade-in-up\" data-area=\"education\" style=\"background-image: url(https:\/\/rmff.org\/wp-content\/uploads\/2025\/09\/shutterstock_2492761215-1-1.png);\"><div class=\"image-link-block-overlay\"><img decoding=\"async\" src=\"https:\/\/rmff.org\/wp-content\/themes\/rmff2025\/assets\/images\/icon-education.svg\" alt=\"Education\" class=\"image-link-block-area-icon\"><\/div><div class=\"image-link-block-content\"><div class=\"image-link-block-text\"><h3 class=\"image-link-block-title\">Educaci\u00f3n<\/h3><p class=\"image-link-block-hover-text\">Reforzar los resultados de la educaci\u00f3n y la mano de obra<\/p><\/div><div class=\"image-link-block-arrow\"><svg viewbox=\"0 0 24 24\" fill=\"currentColor\"><path d=\"M8.59 16.59L13.17 12 8.59 7.41 10 6l6 6-6 6-1.41-1.41z\"\/><\/svg><\/div><\/div><\/a><a href=\"\/funding\/health\" class=\"image-link-block fade-in-up\" data-area=\"health\" style=\"background-image: url(https:\/\/rmff.org\/wp-content\/uploads\/2025\/08\/shutterstock_2276001457-1.png);\"><div class=\"image-link-block-overlay\"><img decoding=\"async\" src=\"https:\/\/rmff.org\/wp-content\/themes\/rmff2025\/assets\/images\/icon-health.svg\" alt=\"Health\" class=\"image-link-block-area-icon\"><\/div><div class=\"image-link-block-content\"><div class=\"image-link-block-text\"><h3 class=\"image-link-block-title\">Salud<\/h3><p class=\"image-link-block-hover-text\">Mejorar los resultados sanitarios<\/p><\/div><div class=\"image-link-block-arrow\"><svg viewbox=\"0 0 24 24\" fill=\"currentColor\"><path d=\"M8.59 16.59L13.17 12 8.59 7.41 10 6l6 6-6 6-1.41-1.41z\"\/><\/svg><\/div><\/div><\/a><a href=\"\/funding\/vitality-of-indianapolis\" class=\"image-link-block fade-in-up\" data-area=\"vitality\" style=\"background-image: url(https:\/\/rmff.org\/wp-content\/uploads\/2025\/10\/shutterstock_2503767829-scaled-e1760102864210.jpg);\"><div class=\"image-link-block-overlay\"><img decoding=\"async\" src=\"https:\/\/rmff.org\/wp-content\/themes\/rmff2025\/assets\/images\/icon-vitality.svg\" alt=\"Vitality\" class=\"image-link-block-area-icon\"><\/div><div class=\"image-link-block-content\"><div class=\"image-link-block-text\"><h3 class=\"image-link-block-title\">Vitalidad de Indian\u00e1polis<\/h3><p class=\"image-link-block-hover-text\">Crear una Indian\u00e1polis m\u00e1s vibrante<\/p><\/div><div class=\"image-link-block-arrow\"><svg viewbox=\"0 0 24 24\" fill=\"currentColor\"><path d=\"M8.59 16.59L13.17 12 8.59 7.41 10 6l6 6-6 6-1.41-1.41z\"\/><\/svg><\/div><\/div><\/a><\/div><\/div>\t\t\t\t<\/div>\n\t\t\t\t<\/div>\n\t\t\t\t\t<\/div>\n\t\t\t\t<\/div>\n\t\t<div class=\"elementor-element elementor-element-79da9f2 e-flex e-con-boxed e-con e-parent\" data-id=\"79da9f2\" data-element_type=\"container\" data-e-type=\"container\" data-settings=\"{&quot;background_background&quot;:&quot;classic&quot;}\">\n\t\t\t\t\t<div class=\"e-con-inner\">\n\t\t\t\t<div class=\"elementor-element elementor-element-f6c75b8 elementor-widget elementor-widget-rmff-statement-callout\" data-id=\"f6c75b8\" data-element_type=\"widget\" data-e-type=\"widget\" data-widget_type=\"rmff-statement-callout.default\">\n\t\t\t\t<div class=\"elementor-widget-container\">\n\t\t\t\t\t<div class=\"statement-callout-widget fade-in-up\"><div class=\"eyebrow-text\">Nuestra misi\u00f3n <\/div><h2 class=\"statement-text\">Fomentar la vitalidad de Indian\u00e1polis y el bienestar de sus habitantes<\/h2><\/div>\t\t\t\t<\/div>\n\t\t\t\t<\/div>\n\t\t\t\t\t<\/div>\n\t\t\t\t<\/div>\n\t\t<div class=\"elementor-element elementor-element-079d93e e-flex e-con-boxed e-con e-parent\" data-id=\"079d93e\" data-element_type=\"container\" data-e-type=\"container\" data-settings=\"{&quot;background_background&quot;:&quot;classic&quot;}\">\n\t\t\t\t\t<div class=\"e-con-inner\">\n\t\t\t\t<div class=\"elementor-element elementor-element-43a31a4 elementor-widget elementor-widget-rmff-horizontal-stats\" data-id=\"43a31a4\" data-element_type=\"widget\" data-e-type=\"widget\" data-widget_type=\"rmff-horizontal-stats.default\">\n\t\t\t\t<div class=\"elementor-widget-container\">\n\t\t\t\t\t<div class=\"horizontal-stats-widget\"><h2 class=\"horizontal-stats-headline\">Nuestra misi\u00f3n en acci\u00f3n<\/h2><div class=\"horizontal-stats-grid\"><div class=\"horizontal-stat-item fade-in-up\"><a href=\"\/grants\/all-grants-awarded\/\" class=\"stat-number-link\"><div class=\"stat-number metric-text\"><span class=\"stat-number-prefix\">$<\/span><span class=\"stat-number-value\" data-target=\"326.7\">0<\/span><span class=\"stat-number-suffix\">M<\/span><\/div><\/a><div class=\"stat-bold-descriptor\">en subvenciones totales<\/div><div class=\"stat-light-descriptor\">de 1986 a 2024<\/div><a href=\"\/grants\/all-grants-awarded\/\" class=\"cta-button secondary\">Ver todas las subvenciones concedidas<\/a><\/div><div class=\"horizontal-stat-item fade-in-up\"><a href=\"\/grants\/the-grants-process\/\" class=\"stat-number-link\"><div class=\"stat-number metric-text\"><span class=\"stat-number-value\" data-target=\"160\">0<\/span><\/div><\/a><div class=\"stat-bold-descriptor\">subvenciones<\/div><div class=\"stat-light-descriptor\">de 2020 a 2024<\/div><a href=\"\/grants\/the-grants-process\/\" class=\"cta-button secondary\">Nuestro proceso de financiaci\u00f3n<\/a><\/div><div class=\"horizontal-stat-item fade-in-up\"><a href=\"\/research\/reports\/\" class=\"stat-number-link\"><div class=\"stat-number metric-text\"><span class=\"stat-number-value\" data-target=\"22\">0<\/span><\/div><\/a><div class=\"stat-bold-descriptor\">informa<\/div><div class=\"stat-light-descriptor\">de 2020 a 2024<\/div><a href=\"\/research\/reports\/\" class=\"cta-button secondary\">Ver todos los informes<\/a><\/div><div class=\"horizontal-stat-item fade-in-up\"><a href=\"\/funding\/collaboration-convenings\/%20\" class=\"stat-number-link\"><div class=\"stat-number metric-text\"><span class=\"stat-number-value\" data-target=\"158\">0<\/span><\/div><\/a><div class=\"stat-bold-descriptor\">convocatorias<\/div><div class=\"stat-light-descriptor\">de 2020 a 2024<\/div><a href=\"\/funding\/collaboration-convenings\/%20\" class=\"cta-button secondary\">C\u00f3mo colaboramos<\/a><\/div><\/div><\/div>\t\t\t\t<\/div>\n\t\t\t\t<\/div>\n\t\t\t\t\t<\/div>\n\t\t\t\t<\/div>\n\t\t<div class=\"elementor-element elementor-element-5f15870 e-flex e-con-boxed e-con e-parent\" data-id=\"5f15870\" data-element_type=\"container\" data-e-type=\"container\">\n\t\t\t\t\t<div class=\"e-con-inner\">\n\t\t\t\t<div class=\"elementor-element elementor-element-1d5ddca elementor-widget elementor-widget-stories\" data-id=\"1d5ddca\" data-element_type=\"widget\" data-e-type=\"widget\" data-widget_type=\"stories.default\">\n\t\t\t\t<div class=\"elementor-widget-container\">\n\t\t\t\t\t<div class=\"stories-widget stories-widget--vertical\"><div class=\"stories-header\"><h2 class=\"stories-headline\">Apoyar el progreso significativo<\/h2><a href=\"#signup\" class=\"stories-cta-button cta-button underlined\">Recibir actualizaciones por correo electr\u00f3nico<\/a><\/div><div class=\"stories-grid\"><div class=\"story-item fade-in-up\"><a href=\"https:\/\/rmff.org\/es\/2025\/10\/fairbanks-foundation-cohosts-pathways-convening\/\" class=\"story-image-link\"><div class=\"story-image\" style=\"background-image: url('https:\/\/rmff.org\/wp-content\/uploads\/2025\/10\/Image-2025-09-24T093807.516-600x450-1-e1765211036209.jpg');\"><\/div><\/a><div class=\"story-content\"><a href=\"https:\/\/rmff.org\/es\/2025\/10\/fairbanks-foundation-cohosts-pathways-convening\/\" class=\"story-headline-link\"><h3 class=\"story-headline\">La Fundaci\u00f3n Fairbanks coorganiza la reuni\u00f3n Pathways<\/h3><\/a><div class=\"story-description\">En octubre, la Fundaci\u00f3n Fairbanks y CareerWise USA coorganizaron el primer Instituto Avanzado CEMETS de Estados Unidos, en colaboraci\u00f3n con CEMETS.<\/div><a href=\"https:\/\/rmff.org\/es\/2025\/10\/fairbanks-foundation-cohosts-pathways-convening\/\" class=\"story-cta-button cta-button\">Seguir leyendo<\/a><\/div><\/div><div class=\"story-item fade-in-up\"><a href=\"https:\/\/rmff.org\/es\/2025\/10\/the-impact-of-college-matters-meeting-the-moment\/\" class=\"story-image-link\"><div class=\"story-image\" style=\"background-image: url('https:\/\/rmff.org\/wp-content\/uploads\/2025\/10\/shutterstock_2345710741-2-scaled-e1765823564842.jpg');\"><\/div><\/a><div class=\"story-content\"><a href=\"https:\/\/rmff.org\/es\/2025\/10\/the-impact-of-college-matters-meeting-the-moment\/\" class=\"story-headline-link\"><h3 class=\"story-headline\">El impacto de <i>La universidad importa: Responder al momento<\/i><\/h3><\/a><div class=\"story-description\">En 2023, la Fundaci\u00f3n Richard M. Fairbanks puso en marcha College Matters, una iniciativa de concesi\u00f3n de subvenciones de $14 millones en dos fases para aumentar las tasas de matriculaci\u00f3n en la universidad de los estudiantes de \u00faltimo curso de secundaria del condado de Marion.<\/div><a href=\"https:\/\/rmff.org\/es\/2025\/10\/the-impact-of-college-matters-meeting-the-moment\/\" class=\"story-cta-button cta-button\">Seguir leyendo<\/a><\/div><\/div><div class=\"story-item fade-in-up\"><a href=\"https:\/\/rmff.org\/es\/2025\/11\/fairbanks-foundation-awards-grants-to-support-food-insecurity-efforts\/\" class=\"story-image-link\"><div class=\"story-image\" style=\"background-image: url('https:\/\/rmff.org\/wp-content\/uploads\/2025\/11\/shutterstock_2165751001-2.jpg');\"><\/div><\/a><div class=\"story-content\"><a href=\"https:\/\/rmff.org\/es\/2025\/11\/fairbanks-foundation-awards-grants-to-support-food-insecurity-efforts\/\" class=\"story-headline-link\"><h3 class=\"story-headline\">La Fundaci\u00f3n Fairbanks concede subvenciones para combatir la inseguridad alimentaria<\/h3><\/a><div class=\"story-description\">A principios de este mes, la Fundaci\u00f3n Richard M. Fairbanks concedi\u00f3 subvenciones por valor de $25.000 a siete organizaciones sin \u00e1nimo de lucro que luchan contra la inseguridad alimentaria en Indian\u00e1polis.<\/div><a href=\"https:\/\/rmff.org\/es\/2025\/11\/fairbanks-foundation-awards-grants-to-support-food-insecurity-efforts\/\" class=\"story-cta-button cta-button\">Seguir leyendo<\/a><\/div><\/div><\/div><\/div>\t\t\t\t<\/div>\n\t\t\t\t<\/div>\n\t\t\t\t\t<\/div>\n\t\t\t\t<\/div>\n\t\t<div class=\"elementor-element elementor-element-2ed8cf2 e-flex e-con-boxed e-con e-parent\" data-id=\"2ed8cf2\" data-element_type=\"container\" data-e-type=\"container\" data-settings=\"{&quot;background_background&quot;:&quot;classic&quot;}\">\n\t\t\t\t\t<div class=\"e-con-inner\">\n\t\t\t\t<div class=\"elementor-element elementor-element-c069f71 elementor-widget elementor-widget-rmff_tabs\" data-id=\"c069f71\" data-element_type=\"widget\" data-e-type=\"widget\" data-widget_type=\"rmff_tabs.default\">\n\t\t\t\t<div class=\"elementor-widget-container\">\n\t\t\t\t\t<div class=\"rmff-tabs-widget fade-in-up\"><div class=\"rmff-tabs-header\"><h2 class=\"rmff-tabs-headline\">Compartir datos cr\u00edticos<\/h2><a href=\"\/community-data-snapshot\" class=\"rmff-tabs-cta-button underlined cta-button\">Explorar todos los datos<\/a><\/div><div class=\"rmff-tabs-container\"><div class=\"rmff-tabs-navigation\"><button class=\"rmff-tab-button active\" data-tab=\"0\">Instant\u00e1nea de los datos comunitarios<\/button><button class=\"rmff-tab-button\" data-tab=\"1\">Educaci\u00f3n<\/button><button class=\"rmff-tab-button\" data-tab=\"2\">Salud<\/button><button class=\"rmff-tab-button\" data-tab=\"3\">Vitalidad de Indian\u00e1polis<\/button><button class=\"rmff-tab-button\" data-tab=\"4\">Demograf\u00eda<\/button><\/div><div class=\"rmff-tabs-content\"><div class=\"rmff-tab-content active\" data-tab=\"0\"><div class=\"rmff-tab-text\"><div class=\"rmff-tab-description\"><h3>M\u00e1s de 300 diagramas y gr\u00e1ficos gratuitos de uso p\u00fablico<\/h3><p>Creemos en la toma de decisiones basada en datos, y compartimos lo que hemos recopilado para ayudar a otros a hacer lo mismo. Nuestro Community Data Snapshot consolida datos de m\u00faltiples fuentes para proporcionar informaci\u00f3n sobre <a href=\"\/community-data-snapshot\/?topic=education&amp;subtopic=early-childhood-education&amp;graph=early-childhood-education-providerscenters\">Educaci\u00f3n<\/a>, <a href=\"\/community-data-snapshot\/?topic=health&amp;subtopic=cause-of-death&amp;graph=cause-of-death\">Salud<\/a>, El <a href=\"\/community-data-snapshot\/?topic=vitality-of-indianapolis&amp;subtopic=employment&amp;graph=labor-force\">Vitalidad de Indian\u00e1polis<\/a>, y <a href=\"\/community-data-snapshot\/?topic=demographics&amp;subtopic=demographic-characteristics&amp;graph=total-population\">Demograf\u00eda<\/a>. Con m\u00e1s de 300 tablas y gr\u00e1ficos, esta herramienta est\u00e1 dise\u00f1ada para ayudar a nuestros beneficiarios y socios, junto con las partes interesadas de la comunidad y otros, a tomar decisiones informadas que conduzcan a mejores resultados.<\/p><\/div><a href=\"\/community-data-snapshot\" class=\"rmff-tab-cta-button cta-button\">Ver todos los gr\u00e1ficos interactivos<\/a><\/div><div class=\"rmff-tab-image\"><img decoding=\"async\" src=\"https:\/\/rmff.org\/wp-content\/uploads\/2025\/08\/Graph-2.svg\" alt=\"Community Data Snapshot\"><\/div><\/div><div class=\"rmff-tab-content\" data-tab=\"1\"><div class=\"rmff-tab-text\"><div class=\"rmff-tab-description\"><h3>Datos destacados sobre educaci\u00f3n<\/h3><p><strong>23.1%<\/strong>\u00a0 de los alumnos de octavo curso del condado de Marion aprobaron el <a href=\"https:\/\/rmff.org\/community-data-snapshot\/?topic=education&amp;subtopic=academic-achievement&amp;graph=ilearn\">Evaluaci\u00f3n matem\u00e1tica ILEARN<\/a> en 2025.<\/p><p><strong>89.1%\u00a0 <\/strong>de estudiantes de \u00faltimo curso de secundaria en el condado de Marion <a href=\"https:\/\/rmff.org\/community-data-snapshot\/?topic=education&amp;subtopic=college-and-career-readiness&amp;graph=high-school-graduation\">se gradu\u00f3 a tiempo<\/a> en 2025.<\/p><p><strong>42.5%\u00a0 <\/strong>de los residentes del condado de Marion ten\u00edan <a href=\"https:\/\/rmff.org\/community-data-snapshot\/?topic=education&amp;subtopic=degree-and-credential-attainment&amp;graph=educational-attainment\">un t\u00edtulo de grado medio o superior<\/a> en 2024.<\/p><\/div><a href=\"\/community-data-snapshot\/?topic=education&#038;subtopic=early-childhood-education&#038;graph=early-childhood-education-providerscenters\" class=\"rmff-tab-cta-button cta-button\">Ver todos los gr\u00e1ficos sobre educaci\u00f3n<\/a><\/div><div class=\"rmff-tab-image\"><img decoding=\"async\" src=\"https:\/\/rmff.org\/wp-content\/uploads\/2025\/08\/Education-Graph.svg\" alt=\"Education\"><\/div><\/div><div class=\"rmff-tab-content\" data-tab=\"2\"><div class=\"rmff-tab-text\"><div class=\"rmff-tab-description\"><h3>Datos sanitarios destacados<\/h3><p><strong>70%\u00a0 <\/strong>de los residentes del \u00e1rea metropolitana de Indian\u00e1polis se consideraron <a href=\"https:\/\/rmff.org\/community-data-snapshot\/?topic=health&amp;subtopic=health-status&amp;graph=weight-status\">sobrepeso u obesidad<\/a> en 2023.<\/p><p><strong>14.5%\u00a0 <\/strong>de j\u00f3venes del condado de Marion <a href=\"https:\/\/rmff.org\/community-data-snapshot\/?topic=health&amp;subtopic=mental-health&amp;graph=youth-mental-health\">consider\u00f3 la posibilidad de suicidarse<\/a> en 2024.<\/p><p><strong>422\u00a0 <\/strong><a href=\"https:\/\/rmff.org\/community-data-snapshot\/?topic=health&amp;subtopic=substance-use-disorder&amp;graph=drug-and-alcohol-induced-deaths\">intoxicaciones mortales por drogas<\/a> (overdoses) occurred in Marion County in 2024.<\/p><\/div><a href=\"\/community-data-snapshot\/?topic=health&#038;subtopic=cause-of-death&#038;graph=cause-of-death\" class=\"rmff-tab-cta-button cta-button\">Ver todos los gr\u00e1ficos de salud<\/a><\/div><div class=\"rmff-tab-image\"><img decoding=\"async\" src=\"https:\/\/rmff.org\/wp-content\/uploads\/2025\/09\/Health-Graph.svg\" alt=\"Health\"><\/div><\/div><div class=\"rmff-tab-content\" data-tab=\"3\"><div class=\"rmff-tab-text\"><div class=\"rmff-tab-description\"><h3>Datos destacados de Vitality of Indianapolis<\/h3><p><strong>82.8%\u00a0 <\/strong>de los residentes del condado de Marion eran <a href=\"https:\/\/rmff.org\/community-data-snapshot\/?topic=vitality-of-indianapolis&amp;subtopic=employment&amp;graph=labor-force\">empleado o buscando trabajo<\/a> en 2024.<\/p><p><strong>15.9%\u00a0 <\/strong>de los residentes del condado de Marion viv\u00edan en un <a href=\"https:\/\/rmff.org\/community-data-snapshot\/?topic=vitality-of-indianapolis&amp;subtopic=incomepoverty&amp;graph=food-insecurity\">hogar con inseguridad alimentaria<\/a> en 2023.<\/p><p><strong>25.9%\u00a0 <\/strong>de los inquilinos del condado de Marion gastaron <a href=\"https:\/\/rmff.org\/community-data-snapshot\/?topic=vitality-of-indianapolis&amp;subtopic=housing&amp;graph=rent-burden\">m\u00e1s del 50% de sus ingresos familiares en alquiler<\/a> en 2024.<\/p><\/div><a href=\"\/community-data-snapshot\/?topic=vitality-of-indianapolis&#038;subtopic=employment&#038;graph=labor-force\" class=\"rmff-tab-cta-button cta-button\">Ver todos los gr\u00e1ficos de Vitality of Indianapolis<\/a><\/div><div class=\"rmff-tab-image\"><img decoding=\"async\" src=\"https:\/\/rmff.org\/wp-content\/uploads\/2025\/09\/Vitality-Graph.svg\" alt=\"Vitality of Indianapolis\"><\/div><\/div><div class=\"rmff-tab-content\" data-tab=\"4\"><div class=\"rmff-tab-text\"><div class=\"rmff-tab-description\"><h3>Datos demogr\u00e1ficos destacados<\/h3><p><strong>981,628\u00a0<\/strong> <a href=\"https:\/\/rmff.org\/community-data-snapshot\/?topic=demographics&amp;subtopic=demographic-characteristics&amp;graph=total-population\">viv\u00eda en el condado de Marion<\/a> en 2024.<\/p><p><strong>34.6<\/strong>\u00a0 fue el <a href=\"https:\/\/rmff.org\/community-data-snapshot\/?topic=demographics&amp;subtopic=demographic-characteristics&amp;graph=age\">edad media<\/a> en el condado de Marion en 2023.<\/p><p><strong>5.6%\u00a0<\/strong> de los hogares del condado de Marion ten\u00edan <a href=\"https:\/\/rmff.org\/community-data-snapshot\/?topic=demographics&amp;subtopic=demographic-characteristics&amp;graph=households-with-limited-english-speaking-proficiency\">dominio limitado del ingl\u00e9s<\/a> en 2024.<\/p><\/div><a href=\"\/community-data-snapshot\/?topic=demographics&#038;subtopic=demographic-characteristics&#038;graph=total-population\" class=\"rmff-tab-cta-button cta-button\">Ver todos los gr\u00e1ficos demogr\u00e1ficos<\/a><\/div><div class=\"rmff-tab-image\"><img decoding=\"async\" src=\"https:\/\/rmff.org\/wp-content\/uploads\/2025\/09\/Demographic-Graph.svg\" alt=\"Demographics\"><\/div><\/div><\/div><\/div><\/div>\t\t\t\t<\/div>\n\t\t\t\t<\/div>\n\t\t\t\t\t<\/div>\n\t\t\t\t<\/div>\n\t\t\t\t<\/div>","protected":false},"excerpt":{"rendered":"<p>Pinpointing Needs.Fueling Potential. See Our Work Education Strengthening education and workforce outcomes Health Improving health outcomes Vitality of Indianapolis Creating a more vibrant Indianapolis Our Mission Advancing the Vitality of Indianapolis and the Well-Being of Its People Our Mission In Action $0Min total grantsfrom 1986-2024See All Awarded Grants0grantsfrom 2020-2024Our Funding Process0reportsfrom 2020-2024Browse All Reports0conveningsfrom 2020-2024How [&hellip;]<\/p>\n","protected":false},"author":1,"featured_media":0,"parent":0,"menu_order":0,"comment_status":"closed","ping_status":"closed","template":"","meta":{"_acf_changed":false,"footnotes":""},"class_list":["post-24","page","type-page","status-publish","hentry"],"acf":[],"_links":{"self":[{"href":"https:\/\/rmff.org\/es\/wp-json\/wp\/v2\/pages\/24","targetHints":{"allow":["GET"]}}],"collection":[{"href":"https:\/\/rmff.org\/es\/wp-json\/wp\/v2\/pages"}],"about":[{"href":"https:\/\/rmff.org\/es\/wp-json\/wp\/v2\/types\/page"}],"author":[{"embeddable":true,"href":"https:\/\/rmff.org\/es\/wp-json\/wp\/v2\/users\/1"}],"replies":[{"embeddable":true,"href":"https:\/\/rmff.org\/es\/wp-json\/wp\/v2\/comments?post=24"}],"version-history":[{"count":0,"href":"https:\/\/rmff.org\/es\/wp-json\/wp\/v2\/pages\/24\/revisions"}],"wp:attachment":[{"href":"https:\/\/rmff.org\/es\/wp-json\/wp\/v2\/media?parent=24"}],"curies":[{"name":"wp","href":"https:\/\/api.w.org\/{rel}","templated":true}]}}