{"id":15464,"date":"2025-09-24T12:36:21","date_gmt":"2025-09-24T12:36:21","guid":{"rendered":"https:\/\/staging.rmff.org\/?page_id=15464"},"modified":"2026-02-23T16:46:01","modified_gmt":"2026-02-23T16:46:01","slug":"board-of-directors","status":"publish","type":"page","link":"https:\/\/rmff.org\/fr\/about\/board-of-directors\/","title":{"rendered":"Conseil d'administration"},"content":{"rendered":"<div data-elementor-type=\"wp-page\" data-elementor-id=\"15464\" class=\"elementor elementor-15464\" data-elementor-post-type=\"page\">\n\t\t\t\t<div class=\"elementor-element elementor-element-885a957 e-flex e-con-boxed e-con e-parent\" data-id=\"885a957\" data-element_type=\"container\" data-e-type=\"container\" data-settings=\"{&quot;background_background&quot;:&quot;classic&quot;}\">\n\t\t\t\t\t<div class=\"e-con-inner\">\n\t\t\t\t<div class=\"elementor-element elementor-element-5d4a9ef elementor-widget elementor-widget-rmff-hero\" data-id=\"5d4a9ef\" data-element_type=\"widget\" data-e-type=\"widget\" data-widget_type=\"rmff-hero.default\">\n\t\t\t\t<div class=\"elementor-widget-container\">\n\t\t\t\t\t<div class=\"hero-widget home\"><div class=\"hero-overlay\"><\/div><div class=\"hero-content\"><div class=\"eyebrow-text\">\u00c9quipe de la fondation<\/div><h1><p>Conseil d'administration<\/p><\/h1><\/div><div class=\"hero-video-controls\"><button class=\"hero-pause-btn\" id=\"hero-pause-btn\" style=\"display: none;\"><svg class=\"pause-icon\" viewbox=\"0 0 24 24\" fill=\"currentColor\"><path d=\"M6 19h4V5H6v14zm8-14v14h4V5h-4z\"\/><\/svg><svg class=\"play-icon\" viewbox=\"0 0 24 24\" fill=\"currentColor\" style=\"display: none;\"><path d=\"M8 5v14l11-7z\"\/><\/svg><\/button><\/div><\/div>\t\t\t\t<\/div>\n\t\t\t\t<\/div>\n\t\t\t\t\t<\/div>\n\t\t\t\t<\/div>\n\t\t<div class=\"elementor-element elementor-element-792a928 e-flex e-con-boxed e-con e-parent\" data-id=\"792a928\" data-element_type=\"container\" data-e-type=\"container\">\n\t\t\t\t\t<div class=\"e-con-inner\">\n\t\t\t\t<div class=\"elementor-element elementor-element-1b60caa elementor-widget elementor-widget-text-editor\" data-id=\"1b60caa\" data-element_type=\"widget\" data-e-type=\"widget\" data-widget_type=\"text-editor.default\">\n\t\t\t\t\t\t\t\t\t<p>Le conseil d'administration de la Fairbanks Foundation est compos\u00e9 de neuf membres, dont beaucoup font partie d'au moins un comit\u00e9.<\/p>\t\t\t\t\t\t\t\t<\/div>\n\t\t<div class=\"elementor-element elementor-element-a482966 e-con-full e-flex e-con e-child\" data-id=\"a482966\" data-element_type=\"container\" data-e-type=\"container\">\n\t\t<div class=\"elementor-element elementor-element-b590c65 e-con-full e-flex e-con e-child\" data-id=\"b590c65\" data-element_type=\"container\" data-e-type=\"container\">\n\t\t\t\t<div class=\"elementor-element elementor-element-4f74721 elementor-widget elementor-widget-heading\" data-id=\"4f74721\" data-element_type=\"widget\" data-e-type=\"widget\" data-widget_type=\"heading.default\">\n\t\t\t\t\t<h3 class=\"elementor-heading-title elementor-size-default\">Conseil d'administration<\/h3>\t\t\t\t<\/div>\n\t\t\t\t<div class=\"elementor-element elementor-element-5086b49 elementor-widget elementor-widget-text-editor\" data-id=\"5086b49\" data-element_type=\"widget\" data-e-type=\"widget\" data-widget_type=\"text-editor.default\">\n\t\t\t\t\t\t\t\t\t<ul><li><strong>Daniel C. Appel, pr\u00e9sident<br \/><\/strong>PDG et pr\u00e9sident \u00e0 la retraite, Gregory &amp; Appel Insurance<\/li><li><strong>Amandula N. Anderson<\/strong><br \/>Premier vice-pr\u00e9sident et directeur des services aux organisations \u00e0 but non lucratif, The National Bank of Indianapolis<\/li><li><strong>Zainab Bass<\/strong><br \/>Directeur, Periculum Capital Company<\/li><li><strong>Christopher M. Callahan, MD, FACP<\/strong><br \/>Pettinga Professor of Medicine and Director of the Center for Aging Research, Indiana University School of Medicine and Chief Research and Development Officer, Eskenazi Health<\/li><li><strong>Jonathan B. Fairbanks<\/strong><br \/>Associ\u00e9 et cofondateur, Global Energy Capital<\/li><li><strong>Jeffrey A. Harrison<\/strong><br \/>Pr\u00e9sident-directeur g\u00e9n\u00e9ral, Citizens Energy Group<\/li><li><strong>Chris Lowery<\/strong><br \/>Ancien commissaire \u00e0 l'enseignement sup\u00e9rieur de l'Indiana<\/li><li><strong>Bryan A. Mills<\/strong><br \/>Pr\u00e9sident et directeur g\u00e9n\u00e9ral retrait\u00e9, Community Health Network<\/li><li><strong>Mario Rodriguez<\/strong><br \/>Directeur ex\u00e9cutif, Autorit\u00e9 a\u00e9roportuaire d'Indianapolis<\/li><\/ul>\t\t\t\t\t\t\t\t<\/div>\n\t\t\t\t<\/div>\n\t\t<div class=\"elementor-element elementor-element-20b4b86 e-con-full e-flex e-con e-child\" data-id=\"20b4b86\" data-element_type=\"container\" data-e-type=\"container\">\n\t\t\t\t<div class=\"elementor-element elementor-element-58269cc elementor-widget elementor-widget-heading\" data-id=\"58269cc\" data-element_type=\"widget\" data-e-type=\"widget\" data-widget_type=\"heading.default\">\n\t\t\t\t\t<h3 class=\"elementor-heading-title elementor-size-default\">Comit\u00e9 d'audit<\/h3>\t\t\t\t<\/div>\n\t\t\t\t<div class=\"elementor-element elementor-element-54da323 elementor-widget elementor-widget-text-editor\" data-id=\"54da323\" data-element_type=\"widget\" data-e-type=\"widget\" data-widget_type=\"text-editor.default\">\n\t\t\t\t\t\t\t\t\t<ul><li>Christopher M. Callahan, pr\u00e9sident<\/li><li>Amandula N. Anderson<\/li><li>Chris Lowery<\/li><li>Bryan A. Mills<\/li><\/ul>\t\t\t\t\t\t\t\t<\/div>\n\t\t\t\t<div class=\"elementor-element elementor-element-d23bc1e elementor-widget elementor-widget-heading\" data-id=\"d23bc1e\" data-element_type=\"widget\" data-e-type=\"widget\" data-widget_type=\"heading.default\">\n\t\t\t\t\t<h3 class=\"elementor-heading-title elementor-size-default\">Comit\u00e9 d'investissement<\/h3>\t\t\t\t<\/div>\n\t\t\t\t<div class=\"elementor-element elementor-element-85d97a7 elementor-widget elementor-widget-text-editor\" data-id=\"85d97a7\" data-element_type=\"widget\" data-e-type=\"widget\" data-widget_type=\"text-editor.default\">\n\t\t\t\t\t\t\t\t\t<ul class=\"wp-block-list\"><li>Daniel C. Appel, pr\u00e9sident<\/li><li>Zainab Bass<\/li><li>Jonathan B. Fairbanks<\/li><\/ul>\t\t\t\t\t\t\t\t<\/div>\n\t\t\t\t<div class=\"elementor-element elementor-element-d8ee161 elementor-widget elementor-widget-heading\" data-id=\"d8ee161\" data-element_type=\"widget\" data-e-type=\"widget\" data-widget_type=\"heading.default\">\n\t\t\t\t\t<h3 class=\"elementor-heading-title elementor-size-default\">Comit\u00e9 de r\u00e9mun\u00e9ration<\/h3>\t\t\t\t<\/div>\n\t\t\t\t<div class=\"elementor-element elementor-element-5745a40 elementor-widget elementor-widget-text-editor\" data-id=\"5745a40\" data-element_type=\"widget\" data-e-type=\"widget\" data-widget_type=\"text-editor.default\">\n\t\t\t\t\t\t\t\t\t<ul class=\"wp-block-list\"><li>Jeffrey A. Harrison, pr\u00e9sident<\/li><li>Daniel C. Appel<\/li><li>Bryan A. Mills<\/li><\/ul>\t\t\t\t\t\t\t\t<\/div>\n\t\t\t\t<div class=\"elementor-element elementor-element-1453b00 elementor-widget elementor-widget-heading\" data-id=\"1453b00\" data-element_type=\"widget\" data-e-type=\"widget\" data-widget_type=\"heading.default\">\n\t\t\t\t\t<h3 class=\"elementor-heading-title elementor-size-default\">Agents<\/h3>\t\t\t\t<\/div>\n\t\t\t\t<div class=\"elementor-element elementor-element-c3bc227 elementor-widget elementor-widget-text-editor\" data-id=\"c3bc227\" data-element_type=\"widget\" data-e-type=\"widget\" data-widget_type=\"text-editor.default\">\n\t\t\t\t\t\t\t\t\t<ul class=\"wp-block-list\"><li>Claire Fiddian-Green, pr\u00e9sidente et directrice g\u00e9n\u00e9rale<\/li><li>Andrea Farmer, Secretary<\/li><li>Kevin Kessinger, Tr\u00e9sorier<\/li><\/ul>\t\t\t\t\t\t\t\t<\/div>\n\t\t\t\t<\/div>\n\t\t\t\t<\/div>\n\t\t\t\t\t<\/div>\n\t\t\t\t<\/div>\n\t\t\t\t<\/div>","protected":false},"excerpt":{"rendered":"<p>Foundation Team Board of Directors The Fairbanks Foundation&#8217;s board of directors is made up of nine members, many of whom serve on at least one committee. Board of Directors Daniel C. Appel, ChairRetired CEO and Chairman, Gregory &amp; Appel Insurance Amandula N. AndersonFirst Vice President &amp; Manager, Nonprofit Services, The National Bank of Indianapolis Zainab [&hellip;]<\/p>\n","protected":false},"author":1,"featured_media":0,"parent":16202,"menu_order":0,"comment_status":"closed","ping_status":"closed","template":"","meta":{"_acf_changed":false,"footnotes":""},"class_list":["post-15464","page","type-page","status-publish","hentry"],"acf":[],"_links":{"self":[{"href":"https:\/\/rmff.org\/fr\/wp-json\/wp\/v2\/pages\/15464","targetHints":{"allow":["GET"]}}],"collection":[{"href":"https:\/\/rmff.org\/fr\/wp-json\/wp\/v2\/pages"}],"about":[{"href":"https:\/\/rmff.org\/fr\/wp-json\/wp\/v2\/types\/page"}],"author":[{"embeddable":true,"href":"https:\/\/rmff.org\/fr\/wp-json\/wp\/v2\/users\/1"}],"replies":[{"embeddable":true,"href":"https:\/\/rmff.org\/fr\/wp-json\/wp\/v2\/comments?post=15464"}],"version-history":[{"count":0,"href":"https:\/\/rmff.org\/fr\/wp-json\/wp\/v2\/pages\/15464\/revisions"}],"up":[{"embeddable":true,"href":"https:\/\/rmff.org\/fr\/wp-json\/wp\/v2\/pages\/16202"}],"wp:attachment":[{"href":"https:\/\/rmff.org\/fr\/wp-json\/wp\/v2\/media?parent=15464"}],"curies":[{"name":"wp","href":"https:\/\/api.w.org\/{rel}","templated":true}]}}