{"id":15960,"date":"2025-10-02T11:59:57","date_gmt":"2025-10-02T11:59:57","guid":{"rendered":"https:\/\/staging.rmff.org\/?page_id=15960"},"modified":"2026-02-20T03:30:18","modified_gmt":"2026-02-20T03:30:18","slug":"major-funding","status":"publish","type":"page","link":"https:\/\/rmff.org\/fr\/grants\/major-funding\/","title":{"rendered":"Principaux financements"},"content":{"rendered":"<div data-elementor-type=\"wp-page\" data-elementor-id=\"15960\" class=\"elementor elementor-15960\" data-elementor-post-type=\"page\">\n\t\t\t\t<div class=\"elementor-element elementor-element-885a957 e-flex e-con-boxed e-con e-parent\" data-id=\"885a957\" data-element_type=\"container\" data-e-type=\"container\" data-settings=\"{&quot;background_background&quot;:&quot;classic&quot;}\">\n\t\t\t\t\t<div class=\"e-con-inner\">\n\t\t\t\t<div class=\"elementor-element elementor-element-5d4a9ef elementor-widget elementor-widget-rmff-hero\" data-id=\"5d4a9ef\" data-element_type=\"widget\" data-e-type=\"widget\" data-widget_type=\"rmff-hero.default\">\n\t\t\t\t<div class=\"elementor-widget-container\">\n\t\t\t\t\t<div class=\"hero-widget home\"><div class=\"hero-overlay\"><\/div><div class=\"hero-content\"><div class=\"eyebrow-text\">Subventions de la fondation Fairbanks<\/div><h1><p>Major Funding: 1986\u20132025<\/p><p>\u00a0<\/p><\/h1><\/div><div class=\"hero-video-controls\"><button class=\"hero-pause-btn\" id=\"hero-pause-btn\" style=\"display: none;\"><svg class=\"pause-icon\" viewbox=\"0 0 24 24\" fill=\"currentColor\"><path d=\"M6 19h4V5H6v14zm8-14v14h4V5h-4z\"\/><\/svg><svg class=\"play-icon\" viewbox=\"0 0 24 24\" fill=\"currentColor\" style=\"display: none;\"><path d=\"M8 5v14l11-7z\"\/><\/svg><\/button><\/div><\/div>\t\t\t\t<\/div>\n\t\t\t\t<\/div>\n\t\t\t\t\t<\/div>\n\t\t\t\t<\/div>\n\t\t<div class=\"elementor-element elementor-element-792a928 e-flex e-con-boxed e-con e-parent\" data-id=\"792a928\" data-element_type=\"container\" data-e-type=\"container\">\n\t\t\t\t\t<div class=\"e-con-inner\">\n\t\t\t\t<div class=\"elementor-element elementor-element-1b60caa elementor-widget elementor-widget-text-editor\" data-id=\"1b60caa\" data-element_type=\"widget\" data-e-type=\"widget\" data-widget_type=\"text-editor.default\">\n\t\t\t\t\t\t\t\t\t<section class=\"block wordpress-block wordpress-paragraph core-paragraph\"><h2>Largest Grants Awarded<\/h2><p>Since its establishment in 1986, the Richard M. Fairbanks Foundation has awarded more than $300 million in grants. Below you will find information on our largest single grants, largest cumulative grants, and largest grant initiatives, reflecting historical as well as current funding priorities. Please note our current focus areas are <a href=\"\/funding\/education\">L'\u00e9ducation<\/a>,\u00a0<a href=\"\/funding\/health\">Sant\u00e9<\/a>, et le <a href=\"\/funding\/vitality-of-indianapolis\">Vitalit\u00e9 d'Indianapolis<\/a>.<\/p><\/section><section class=\"block wordpress-block wordpress-paragraph core-paragraph\"><p>You may access the database of all grants awarded by the Fairbanks Foundation since its establishment by visiting the <a href=\"\/grants\/all-grants-awarded\/\">Subventions accord\u00e9es<\/a>\u00a0page.<\/p><\/section><section class=\"block wordpress-block wordpress-paragraph core-paragraph\"><p><a href=\"https:\/\/rmff.org\/about\/contact-us\/\">Contactez nous<\/a>\u00a0for more information about grants we have awarded.<\/p><\/section>\t\t\t\t\t\t\t\t<\/div>\n\t\t\t\t<div class=\"elementor-element elementor-element-a000d23 elementor-widget elementor-widget-rmff-expandable-containers\" data-id=\"a000d23\" data-element_type=\"widget\" data-e-type=\"widget\" data-widget_type=\"rmff-expandable-containers.default\">\n\t\t\t\t<div class=\"elementor-widget-container\">\n\t\t\t\t\t        <div class=\"rmff-expandable-containers-widget fade-in-up light-mode\">\n                        \n                            <div class=\"rmff-expandable-items no-padding\">\n                                                                    \n                        <div class=\"rmff-expandable-item\" data-item-id=\"expandable-item-0\">\n                            <div class=\"rmff-expandable-trigger\" tabindex=\"0\" role=\"button\" aria-expanded=\"false\" aria-controls=\"expandable-item-0\">\n                                <span class=\"rmff-expandable-icon\">\n                                    <svg width=\"24\" height=\"24\" viewbox=\"0 0 24 24\" fill=\"none\" xmlns=\"http:\/\/www.w3.org\/2000\/svg\">\n                                        <path d=\"M12 5V19M5 12H19\" stroke=\"currentColor\" stroke-width=\"2\" stroke-linecap=\"round\" stroke-linejoin=\"round\"\/>\n                                    <\/svg>\n                                <\/span>    \n                                <span class=\"rmff-expandable-title\"><p>Largest Single Grants Awarded 1986 through 2025<\/p><\/span>\n                            <\/div>\n                            \n                            <div class=\"rmff-expandable-content\" id=\"expandable-item-0\" aria-hidden=\"true\">\n                                <div class=\"rmff-expandable-content-inner\">\n                                    <div class=\"rmff-table-wrap\"><table class=\"rmff-table\"><thead><tr><th>Rank<\/th><th>Organisation<\/th><th>Project Description<\/th><th>Montant de la subvention<\/th><th>Ann\u00e9e d'attribution<\/th><\/tr><\/thead><tbody><tr><td>1<\/td><td>Indiana University, The Trustees of<\/td><td>Richard M. Fairbanks School of Public Health at IUPUI<\/td><td>$20,000,000<\/td><td>2009<\/td><\/tr><tr><td>2<\/td><td>Butler University<\/td><td>Expansion of Sciences Capital Project<\/td><td>$13,000,000<\/td><td>2013 &amp; 2019<\/td><\/tr><tr><td>3<\/td><td>Newfields (formerly Indianapolis Museum of Art)<\/td><td>Virginia B. Fairbanks Art &amp; Nature Park Operating Endowment<\/td><td>$11,000,000<\/td><td>2006<\/td><\/tr><tr><td>4<\/td><td>Newfields (formerly Indianapolis Museum of Art)<\/td><td>Art and Infrastructure Improvements for Virginia B. Fairbanks Art &amp; Nature Park<\/td><td>$10,000,000<\/td><td>2018<\/td><\/tr><tr><td>5<\/td><td>The Fairbanks Institute for Healthy Communities<\/td><td>Population Based Longitudinal Health Studies<\/td><td>$9,000,000<\/td><td>2005<\/td><\/tr><tr><td>6<\/td><td>Central Indiana Corporate Partnership Foundation<\/td><td>Ascend Indiana\u2019s Modern Youth Apprenticeship Pilot in Marion County and Statewide Community of Practice<\/td><td>$6,000,000<\/td><td>2022<\/td><\/tr><tr><td>7<\/td><td>Eskenazi Health Foundation<\/td><td>New Eskenazi Hospital<\/td><td>$6,000,000<\/td><td>2009<\/td><\/tr><tr><td>8<\/td><td>\u00c9cole de m\u00e9decine de l'universit\u00e9 de l'Indiana<\/td><td>Fairbanks Hall: IU\/Clarian Education and Resource Center<\/td><td>$6,000,000<\/td><td>2001<\/td><\/tr><tr><td>9<\/td><td>IU Health Foundation (formerly Methodist Health Foundation)<\/td><td>Endowment Funding for the Charles Warren Fairbanks Center for Medical Ethics<\/td><td>$5,400,000<\/td><td>2007<\/td><\/tr><tr><td>10<\/td><td>Butler University<\/td><td>Fairbanks Scientific Infrastructure Fund at the College of Liberal Arts and Sciences<\/td><td>$5,300,000<\/td><td>2007<\/td><\/tr><\/tbody><\/table><\/div>                                <\/div>\n                            <\/div>\n                        <\/div>\n                                                                    \n                        <div class=\"rmff-expandable-item\" data-item-id=\"expandable-item-1\">\n                            <div class=\"rmff-expandable-trigger\" tabindex=\"0\" role=\"button\" aria-expanded=\"false\" aria-controls=\"expandable-item-1\">\n                                <span class=\"rmff-expandable-icon\">\n                                    <svg width=\"24\" height=\"24\" viewbox=\"0 0 24 24\" fill=\"none\" xmlns=\"http:\/\/www.w3.org\/2000\/svg\">\n                                        <path d=\"M12 5V19M5 12H19\" stroke=\"currentColor\" stroke-width=\"2\" stroke-linecap=\"round\" stroke-linejoin=\"round\"\/>\n                                    <\/svg>\n                                <\/span>    \n                                <span class=\"rmff-expandable-title\"><p>Largest Cumulative Grants Awarded 1986 through 2025<\/p><\/span>\n                            <\/div>\n                            \n                            <div class=\"rmff-expandable-content\" id=\"expandable-item-1\" aria-hidden=\"true\">\n                                <div class=\"rmff-expandable-content-inner\">\n                                    <div class=\"rmff-table-wrap\"><table class=\"rmff-table\"><thead><tr><th>Rank<\/th><th>Organisation<\/th><th>Grant Year Span<\/th><th>Cumulative Amount<\/th><\/tr><\/thead><tbody><tr><td>1<\/td><td>Indiana University<\/td><td>1994-2022<\/td><td>$35,403,151<\/td><\/tr><tr><td>2<\/td><td>Central Indiana Corporate Partnership Foundation<\/td><td>2003-2027<\/td><td>$27,243,752<\/td><\/tr><tr><td>3<\/td><td>Newfields (formerly Indianapolis Museum of Art)<\/td><td>2001-2028<\/td><td>$25,000,000<\/td><\/tr><tr><td>4<\/td><td>Butler University<\/td><td>1999-2023<\/td><td>$24,315,000<\/td><\/tr><tr><td>5<\/td><td>Le Mind Trust<\/td><td>2007-2026<\/td><td>$20,969,019<\/td><\/tr><tr><td>6<\/td><td>Eskenazi Health Foundation<\/td><td>2000-2027<\/td><td>$16,466,463<\/td><\/tr><tr><td>7<\/td><td>Marian University<\/td><td>2007-2027<\/td><td>$12,975,965<\/td><\/tr><tr><td>8<\/td><td>Learning Well<\/td><td>2005-2013<\/td><td>$9,372,691<\/td><\/tr><tr><td>9<\/td><td>The Fairbanks Institute for Healthy Communities<\/td><td>2005-2014<\/td><td>$9,000,000<\/td><\/tr><tr><td>10<\/td><td>IU Health Foundation (formerly Methodist Health Foundation)<\/td><td>1993-2022<\/td><td>$8,813,670<\/td><\/tr><\/tbody><\/table><\/div>                                <\/div>\n                            <\/div>\n                        <\/div>\n                                                                    \n                        <div class=\"rmff-expandable-item\" data-item-id=\"expandable-item-2\">\n                            <div class=\"rmff-expandable-trigger\" tabindex=\"0\" role=\"button\" aria-expanded=\"false\" aria-controls=\"expandable-item-2\">\n                                <span class=\"rmff-expandable-icon\">\n                                    <svg width=\"24\" height=\"24\" viewbox=\"0 0 24 24\" fill=\"none\" xmlns=\"http:\/\/www.w3.org\/2000\/svg\">\n                                        <path d=\"M12 5V19M5 12H19\" stroke=\"currentColor\" stroke-width=\"2\" stroke-linecap=\"round\" stroke-linejoin=\"round\"\/>\n                                    <\/svg>\n                                <\/span>    \n                                <span class=\"rmff-expandable-title\"><p>Largest Grant Initiatives Awarded 1986 through 2025<\/p><\/span>\n                            <\/div>\n                            \n                            <div class=\"rmff-expandable-content\" id=\"expandable-item-2\" aria-hidden=\"true\">\n                                <div class=\"rmff-expandable-content-inner\">\n                                    <div class=\"rmff-table-wrap\"><br \/><table class=\"rmff-table\"><thead><tr><th>Rank<\/th><th>Grant Initiative<\/th><th>Total Amount Awarded<\/th><\/tr><\/thead><tbody><tr><td>1<\/td><td>Public Health Infrastructure<\/td><td>$33,846,052<\/td><\/tr><tr><td>2<\/td><td>Education Ecosystem Enablers<\/td><td>$25,425,062<\/td><\/tr><tr><td>3<\/td><td>Healthcare Safety Net System Infrastructure<\/td><td>$22,505,670<\/td><\/tr><tr><td>4<\/td><td>Indiana Career Apprenticeship Pathway<\/td><td>$18,328,376<\/td><\/tr><tr><td>5<\/td><td>School Leader \/ Teacher Talent<\/td><td>$14,452,970<\/td><\/tr><tr><td>6<\/td><td>School Based Health<\/td><td>$13,931,235<\/td><\/tr><tr><td>7<\/td><td>Life Sciences<\/td><td>$13,498,752<\/td><\/tr><tr><td>8<\/td><td><em>L'universit\u00e9, c'est important<\/em><\/td><td>$13,317,474<\/td><\/tr><tr><td>9<\/td><td><em>Prevention Matters<\/em><\/td><td>$13,173,840<\/td><\/tr><tr><td>10<\/td><td>Healthcare Workforce<\/td><td>$11,156,741<\/td><\/tr><\/tbody><\/table><\/div>                                <\/div>\n                            <\/div>\n                        <\/div>\n                                    <\/div>\n                    <\/div>\n        \t\t\t\t<\/div>\n\t\t\t\t<\/div>\n\t\t\t\t\t<\/div>\n\t\t\t\t<\/div>\n\t\t\t\t<\/div>","protected":false},"excerpt":{"rendered":"<p>Fairbanks Foundation Grants Major Funding: 1986\u20132025 \u00a0 Largest Grants Awarded Since its establishment in 1986, the Richard M. Fairbanks Foundation has awarded more than $300 million in grants. Below you will find information on our largest single grants, largest cumulative grants, and largest grant initiatives, reflecting historical as well as current funding priorities. Please note [&hellip;]<\/p>\n","protected":false},"author":1,"featured_media":0,"parent":17578,"menu_order":0,"comment_status":"closed","ping_status":"closed","template":"","meta":{"_acf_changed":false,"footnotes":""},"class_list":["post-15960","page","type-page","status-publish","hentry"],"acf":[],"_links":{"self":[{"href":"https:\/\/rmff.org\/fr\/wp-json\/wp\/v2\/pages\/15960","targetHints":{"allow":["GET"]}}],"collection":[{"href":"https:\/\/rmff.org\/fr\/wp-json\/wp\/v2\/pages"}],"about":[{"href":"https:\/\/rmff.org\/fr\/wp-json\/wp\/v2\/types\/page"}],"author":[{"embeddable":true,"href":"https:\/\/rmff.org\/fr\/wp-json\/wp\/v2\/users\/1"}],"replies":[{"embeddable":true,"href":"https:\/\/rmff.org\/fr\/wp-json\/wp\/v2\/comments?post=15960"}],"version-history":[{"count":0,"href":"https:\/\/rmff.org\/fr\/wp-json\/wp\/v2\/pages\/15960\/revisions"}],"up":[{"embeddable":true,"href":"https:\/\/rmff.org\/fr\/wp-json\/wp\/v2\/pages\/17578"}],"wp:attachment":[{"href":"https:\/\/rmff.org\/fr\/wp-json\/wp\/v2\/media?parent=15960"}],"curies":[{"name":"wp","href":"https:\/\/api.w.org\/{rel}","templated":true}]}}