{"id":16163,"date":"2025-10-07T18:25:02","date_gmt":"2025-10-07T18:25:02","guid":{"rendered":"https:\/\/staging.rmff.org\/?page_id=16163"},"modified":"2026-04-16T18:46:58","modified_gmt":"2026-04-16T18:46:58","slug":"collaboration-convenings","status":"publish","type":"page","link":"https:\/\/rmff.org\/pl\/funding\/collaboration-convenings\/","title":{"rendered":"Wsp\u00f3\u0142praca i spotkania"},"content":{"rendered":"<div data-elementor-type=\"wp-page\" data-elementor-id=\"16163\" class=\"elementor elementor-16163\" data-elementor-post-type=\"page\">\n\t\t\t\t<div class=\"elementor-element elementor-element-7f1dde9 e-flex e-con-boxed e-con e-parent\" data-id=\"7f1dde9\" data-element_type=\"container\" data-e-type=\"container\" data-settings=\"{&quot;background_background&quot;:&quot;classic&quot;}\">\n\t\t\t\t\t<div class=\"e-con-inner\">\n\t\t\t\t<div class=\"elementor-element elementor-element-1c9317f elementor-widget elementor-widget-rmff-hero\" data-id=\"1c9317f\" data-element_type=\"widget\" data-e-type=\"widget\" data-widget_type=\"rmff-hero.default\">\n\t\t\t\t<div class=\"elementor-widget-container\">\n\t\t\t\t\t<div class=\"hero-widget home\"><div class=\"hero-overlay\"><\/div><div class=\"hero-content\"><div class=\"eyebrow-text\">Jak si\u0119 anga\u017cujemy<\/div><h1><p>Wsp\u00f3\u0142praca i spotkania<\/p><\/h1><\/div><div class=\"hero-video-controls\"><button class=\"hero-pause-btn\" id=\"hero-pause-btn\" style=\"display: none;\"><svg class=\"pause-icon\" viewbox=\"0 0 24 24\" fill=\"currentColor\"><path d=\"M6 19h4V5H6v14zm8-14v14h4V5h-4z\"\/><\/svg><svg class=\"play-icon\" viewbox=\"0 0 24 24\" fill=\"currentColor\" style=\"display: none;\"><path d=\"M8 5v14l11-7z\"\/><\/svg><\/button><\/div><\/div>\t\t\t\t<\/div>\n\t\t\t\t<\/div>\n\t\t\t\t\t<\/div>\n\t\t\t\t<\/div>\n\t\t<div class=\"elementor-element elementor-element-403796f e-flex e-con-boxed e-con e-parent\" data-id=\"403796f\" data-element_type=\"container\" data-e-type=\"container\">\n\t\t\t\t\t<div class=\"e-con-inner\">\n\t\t\t\t<div class=\"elementor-element elementor-element-55d10e9 elementor-widget elementor-widget-heading\" data-id=\"55d10e9\" data-element_type=\"widget\" data-e-type=\"widget\" data-widget_type=\"heading.default\">\n\t\t\t\t\t<h2 class=\"elementor-heading-title elementor-size-default\">Partnerstwo dla post\u0119pu: Wspieranie trwa\u0142ych zmian <\/h2>\t\t\t\t<\/div>\n\t\t\t\t<div class=\"elementor-element elementor-element-71bfeb2 elementor-widget elementor-widget-text-editor\" data-id=\"71bfeb2\" data-element_type=\"widget\" data-e-type=\"widget\" data-widget_type=\"text-editor.default\">\n\t\t\t\t\t\t\t\t\t<p>Fundacja Fairbanks regularnie wsp\u00f3\u0142pracuje z lokalnymi i krajowymi interesariuszami przy r\u00f3\u017cnych spotkaniach i projektach. Zdajemy sobie spraw\u0119, \u017ce potencja\u0142 wp\u0142ywu jest najwi\u0119kszy, gdy wykorzystujemy po\u0142\u0105czon\u0105 wiedz\u0119 naszego zespo\u0142u wraz z naszymi grantobiorcami, partnerami, innymi fundatorami i cz\u0142onkami spo\u0142eczno\u015bci. To mi\u0119dzysektorowe zaanga\u017cowanie ma kluczowe znaczenie dla realizacji naszej misji.<\/p>\t\t\t\t\t\t\t\t<\/div>\n\t\t\t\t<div class=\"elementor-element elementor-element-6bf17a9 elementor-widget elementor-widget-heading\" data-id=\"6bf17a9\" data-element_type=\"widget\" data-e-type=\"widget\" data-widget_type=\"heading.default\">\n\t\t\t\t\t<h3 class=\"elementor-heading-title elementor-size-default\">\u0141\u0105czenie ludzi dla wsp\u00f3lnego celu<\/h3>\t\t\t\t<\/div>\n\t\t\t\t<div class=\"elementor-element elementor-element-d1aed2d elementor-widget elementor-widget-text-editor\" data-id=\"d1aed2d\" data-element_type=\"widget\" data-e-type=\"widget\" data-widget_type=\"text-editor.default\">\n\t\t\t\t\t\t\t\t\t<p>Fundacja Fairbanks wierzy we wsp\u00f3\u0142prac\u0119 z innymi organizacjami w celu dzielenia si\u0119 najlepszymi praktykami, radzenia sobie z wyzwaniami i dostosowywania strategii. W tym celu regularnie zwo\u0142ujemy grupy interesariuszy, kt\u00f3re maj\u0105 wsp\u00f3lne interesy lub wdra\u017caj\u0105 podobne inicjatywy. Spotkania te pomagaj\u0105 zapewni\u0107 skuteczno\u015b\u0107 i wydajno\u015b\u0107 r\u00f3\u017cnych inicjatyw, a jednocze\u015bnie pozwalaj\u0105 nam stale ulepsza\u0107 nasz\u0105 w\u0142asn\u0105 prac\u0119.<\/p>\t\t\t\t\t\t\t\t<\/div>\n\t\t\t\t<div class=\"elementor-element elementor-element-ae6e814 elementor-widget elementor-widget-spacer\" data-id=\"ae6e814\" data-element_type=\"widget\" data-e-type=\"widget\" data-widget_type=\"spacer.default\">\n\t\t\t\t\t\t\t<div class=\"elementor-spacer\">\n\t\t\t<div class=\"elementor-spacer-inner\"><\/div>\n\t\t<\/div>\n\t\t\t\t\t\t<\/div>\n\t\t\t\t\t<\/div>\n\t\t\t\t<\/div>\n\t\t<div class=\"elementor-element elementor-element-57e4a1d e-flex e-con-boxed e-con e-parent\" data-id=\"57e4a1d\" data-element_type=\"container\" data-e-type=\"container\" data-settings=\"{&quot;background_background&quot;:&quot;classic&quot;}\">\n\t\t\t\t\t<div class=\"e-con-inner\">\n\t\t\t\t<div class=\"elementor-element elementor-element-aa0c521 elementor-widget elementor-widget-rmff-quote\" data-id=\"aa0c521\" data-element_type=\"widget\" data-e-type=\"widget\" data-widget_type=\"rmff-quote.default\">\n\t\t\t\t<div class=\"elementor-widget-container\">\n\t\t\t\t\t        <div class=\"rmff-quote-widget fade-in-up\">\n                            <blockquote class=\"rmff-quote-text\">\n                    \u201cNasza praca nie istnieje w pr\u00f3\u017cni. Wsp\u00f3\u0142pracujemy z lokalnymi i krajowymi partnerami, aby anga\u017cowa\u0107 si\u0119 w szeroki zakres perspektyw i pomys\u0142\u00f3w\u201d.\u201d                 <\/blockquote>\n                        \n                            <div class=\"rmff-quote-attribution\">\n                                            <cite class=\"rmff-quote-name\">Kami Nielsen<\/cite>\n                                        \n                                            <span class=\"rmff-quote-job-title\">Vice President of Programs <\/span>\n                                    <\/div>\n                    <\/div>\n        \t\t\t\t<\/div>\n\t\t\t\t<\/div>\n\t\t\t\t\t<\/div>\n\t\t\t\t<\/div>\n\t\t<div class=\"elementor-element elementor-element-148b28d e-flex e-con-boxed e-con e-parent\" data-id=\"148b28d\" data-element_type=\"container\" data-e-type=\"container\">\n\t\t\t\t\t<div class=\"e-con-inner\">\n\t\t\t\t<div class=\"elementor-element elementor-element-4a86240 elementor-widget elementor-widget-stories\" data-id=\"4a86240\" data-element_type=\"widget\" data-e-type=\"widget\" data-widget_type=\"stories.default\">\n\t\t\t\t<div class=\"elementor-widget-container\">\n\t\t\t\t\t<div class=\"stories-widget stories-widget--vertical\"><div class=\"stories-header\"><h2 class=\"stories-headline\">Podkre\u015blanie naszych wsp\u00f3lnych wysi\u0142k\u00f3w <\/h2><a href=\"#signup\" class=\"stories-cta-button cta-button underlined\">Aktualizacje e-mail<\/a><div class=\"stories-intro-text\">Fundacja Fairbanks celowo wsp\u00f3\u0142pracuje z partnerami, kt\u00f3rzy s\u0105 zgodni z nasz\u0105 misj\u0105 i obszarami zainteresowania, od zwo\u0142ania zr\u00f3\u017cnicowanej grupy lider\u00f3w Hoosier w celu zaspokojenia potrzeb w zakresie si\u0142y roboczej po zgromadzenie lider\u00f3w szk\u00f3\u0142 i innych fundator\u00f3w. <\/div><\/div><div class=\"stories-grid\"><div class=\"story-item fade-in-up\"><a href=\"https:\/\/rmff.org\/funding\/ilab-indiana\/\" class=\"story-image-link\"><div class=\"story-image\" style=\"background-image: url('https:\/\/rmff.org\/wp-content\/uploads\/2025\/10\/INCAP-Article-Image.jpg');\"><\/div><\/a><div class=\"story-content\"><a href=\"https:\/\/rmff.org\/funding\/ilab-indiana\/\" class=\"story-headline-link\"><h3 class=\"story-headline\"><p>CEMETS iLab Indiana wspiera tworzenie INCAP<\/p><\/h3><\/a><div class=\"story-description\"><p>W grudniu 2023 r. Fundacja Fairbanks uruchomi\u0142a CEMETS iLab Indiana, koalicj\u0119 ponad 300 lider\u00f3w Hoosier reprezentuj\u0105cych r\u00f3\u017cne sektory, w tym biznes, edukacj\u0119 K-12, szkolnictwo wy\u017csze i rz\u0105d. Od 2023 r. grupa koncentruje si\u0119 na budowaniu Indiana Career Apprenticeship Pathway, nowego sposobu dla uczni\u00f3w szk\u00f3\u0142 \u015brednich i doros\u0142ych na przygotowanie si\u0119 do poszukiwanych zawod\u00f3w.<\/p><\/div><a href=\"https:\/\/rmff.org\/funding\/ilab-indiana\/\" class=\"story-cta-button cta-button\">Dowiedz si\u0119 wi\u0119cej<\/a><\/div><\/div><div class=\"story-item fade-in-up\"><a href=\"https:\/\/rmff.org\/funding\/past-initiatives\/\" class=\"story-image-link\"><div class=\"story-image\" style=\"background-image: url('https:\/\/rmff.org\/wp-content\/uploads\/2025\/10\/RMFF_Prevention-Matters-Report_15-1.jpeg');\"><\/div><\/a><div class=\"story-content\"><a href=\"https:\/\/rmff.org\/funding\/past-initiatives\/\" class=\"story-headline-link\"><h3 class=\"story-headline\"><p><em>Zapobieganie ma znaczenie<\/em> Wyci\u0105gni\u0119te wnioski na YES! Summit<\/p><\/h3><\/a><div class=\"story-description\"><p>W 2023 r. Fundacja Fairbanks by\u0142a wsp\u00f3\u0142gospodarzem szczytu Youth Emerging Stronger (YES!) wraz z kilkoma partnerami stanowymi i lokalnymi. Wyniki i wnioski wyci\u0105gni\u0119te z <em>Zapobieganie ma znaczenie<\/em> zosta\u0142y wyr\u00f3\u017cnione. Nasi pracownicy poprowadzili \u015bcie\u017ck\u0119 merytoryczn\u0105 szczytu, kt\u00f3rej celem by\u0142o zapewnienie wskaz\u00f3wek fundatorom chc\u0105cym wspiera\u0107 podobne inicjatywy, a tak\u017ce <em>Zapobieganie ma znaczenie<\/em> Grantobiorcy om\u00f3wili swoje sukcesy i wyzwania.<\/p><\/div><a href=\"https:\/\/rmff.org\/funding\/past-initiatives\/\" class=\"story-cta-button cta-button\">Czytaj wi\u0119cej<\/a><\/div><\/div><\/div><\/div>\t\t\t\t<\/div>\n\t\t\t\t<\/div>\n\t\t\t\t\t<\/div>\n\t\t\t\t<\/div>\n\t\t<div class=\"elementor-element elementor-element-3d9915b e-flex e-con-boxed e-con e-parent\" data-id=\"3d9915b\" data-element_type=\"container\" data-e-type=\"container\" data-settings=\"{&quot;background_background&quot;:&quot;classic&quot;}\">\n\t\t\t\t\t<div class=\"e-con-inner\">\n\t\t\t\t<div class=\"elementor-element elementor-element-9fb1bcf elementor-widget elementor-widget-rmff-expandable-containers\" data-id=\"9fb1bcf\" data-element_type=\"widget\" data-e-type=\"widget\" data-widget_type=\"rmff-expandable-containers.default\">\n\t\t\t\t<div class=\"elementor-widget-container\">\n\t\t\t\t\t        <div class=\"rmff-expandable-containers-widget fade-in-up\">\n                            <h2 class=\"rmff-expandable-headline\">Najcz\u0119\u015bciej zadawane pytania dotycz\u0105ce wsp\u00f3\u0142pracy i spotka\u0144<\/h2>\n                        \n                            <div class=\"rmff-expandable-items\">\n                                                                    \n                        <div class=\"rmff-expandable-item\" data-item-id=\"expandable-item-0\">\n                            <div class=\"rmff-expandable-trigger\" tabindex=\"0\" role=\"button\" aria-expanded=\"false\" aria-controls=\"expandable-item-0\">\n                                <span class=\"rmff-expandable-icon\">\n                                    <svg width=\"24\" height=\"24\" viewbox=\"0 0 24 24\" fill=\"none\" xmlns=\"http:\/\/www.w3.org\/2000\/svg\">\n                                        <path d=\"M12 5V19M5 12H19\" stroke=\"currentColor\" stroke-width=\"2\" stroke-linecap=\"round\" stroke-linejoin=\"round\"\/>\n                                    <\/svg>\n                                <\/span>    \n                                <span class=\"rmff-expandable-title\">Z kim powinienem si\u0119 skontaktowa\u0107, je\u015bli jestem zainteresowany wsp\u00f3\u0142prac\u0105 z Fairbanks Foundation? <\/span>\n                            <\/div>\n                            \n                            <div class=\"rmff-expandable-content\" id=\"expandable-item-0\" aria-hidden=\"true\">\n                                <div class=\"rmff-expandable-content-inner\">\n                                    <p>Aby nawi\u0105za\u0107 kontakt z Fundacj\u0105 Fairbanks, wype\u0142nij formularz <a href=\"https:\/\/rmff.org\/contact-us\/\">formularz kontaktowy<\/a>.<\/p>                                <\/div>\n                            <\/div>\n                        <\/div>\n                                                                    \n                        <div class=\"rmff-expandable-item\" data-item-id=\"expandable-item-1\">\n                            <div class=\"rmff-expandable-trigger\" tabindex=\"0\" role=\"button\" aria-expanded=\"false\" aria-controls=\"expandable-item-1\">\n                                <span class=\"rmff-expandable-icon\">\n                                    <svg width=\"24\" height=\"24\" viewbox=\"0 0 24 24\" fill=\"none\" xmlns=\"http:\/\/www.w3.org\/2000\/svg\">\n                                        <path d=\"M12 5V19M5 12H19\" stroke=\"currentColor\" stroke-width=\"2\" stroke-linecap=\"round\" stroke-linejoin=\"round\"\/>\n                                    <\/svg>\n                                <\/span>    \n                                <span class=\"rmff-expandable-title\">Jak mog\u0119 by\u0107 na bie\u017c\u0105co z dzia\u0142aniami Fundacji?<\/span>\n                            <\/div>\n                            \n                            <div class=\"rmff-expandable-content\" id=\"expandable-item-1\" aria-hidden=\"true\">\n                                <div class=\"rmff-expandable-content-inner\">\n                                    <p>Aby by\u0107 na bie\u017c\u0105co z nasz\u0105 prac\u0105 oraz prac\u0105 naszych grantobiorc\u00f3w i partner\u00f3w, <a href=\"#signup\">Zapisz si\u0119 do naszego newslettera<\/a> lub \u015bled\u017a nas na <a href=\"http:\/\/linkedin.com\/company\/richard-m.-fairbanks-foundation\/\" target=\"_blank\" rel=\"noopener\">LinkedIn<\/a>.<\/p>                                <\/div>\n                            <\/div>\n                        <\/div>\n                                    <\/div>\n                    <\/div>\n        \t\t\t\t<\/div>\n\t\t\t\t<\/div>\n\t\t\t\t\t<\/div>\n\t\t\t\t<\/div>\n\t\t<div class=\"elementor-element elementor-element-ccc9d39 e-flex e-con-boxed e-con e-parent\" data-id=\"ccc9d39\" data-element_type=\"container\" data-e-type=\"container\">\n\t\t\t\t\t<div class=\"e-con-inner\">\n\t\t\t\t<div class=\"elementor-element elementor-element-d06b154 elementor-widget elementor-widget-rmff-text-link-blocks\" data-id=\"d06b154\" data-element_type=\"widget\" data-e-type=\"widget\" data-widget_type=\"rmff-text-link-blocks.default\">\n\t\t\t\t<div class=\"elementor-widget-container\">\n\t\t\t\t\t        <div class=\"rmff-text-link-blocks-widget\">\n                                            \n                <a href=\"\/funding\/research-evaluation\/\" class=\"rmff-text-link-block fade-in-up\">\n                                            <div class=\"rmff-text-link-eyebrow eyebrow-text\">Jak si\u0119 anga\u017cujemy<\/div>\n                                        \n                                            <h3 class=\"rmff-text-link-text\">Badania i ocena<\/h3>\n                    \n                    <div class=\"rmff-text-link-arrow\">\n                        <svg viewbox=\"0 0 24 24\" fill=\"currentColor\">\n                            <path d=\"M8.59 16.59L13.17 12 8.59 7.41 10 6l6 6-6 6-1.41-1.41z\"\/>\n                        <\/svg>\n                    <\/div>\n                <\/a>\n                                            \n                <a href=\"\/grants\" class=\"rmff-text-link-block fade-in-up\">\n                                            <div class=\"rmff-text-link-eyebrow eyebrow-text\">Jak si\u0119 anga\u017cujemy<\/div>\n                                        \n                                            <h3 class=\"rmff-text-link-text\">Strategiczne udzielanie dotacji<\/h3>\n                    \n                    <div class=\"rmff-text-link-arrow\">\n                        <svg viewbox=\"0 0 24 24\" fill=\"currentColor\">\n                            <path d=\"M8.59 16.59L13.17 12 8.59 7.41 10 6l6 6-6 6-1.41-1.41z\"\/>\n                        <\/svg>\n                    <\/div>\n                <\/a>\n                                            \n                <a href=\"\/research\/reports\" class=\"rmff-text-link-block fade-in-up\">\n                                            <div class=\"rmff-text-link-eyebrow eyebrow-text\">Biblioteka raport\u00f3w<\/div>\n                                        \n                                            <h3 class=\"rmff-text-link-text\">Zobacz wszystkie raporty<\/h3>\n                    \n                    <div class=\"rmff-text-link-arrow\">\n                        <svg viewbox=\"0 0 24 24\" fill=\"currentColor\">\n                            <path d=\"M8.59 16.59L13.17 12 8.59 7.41 10 6l6 6-6 6-1.41-1.41z\"\/>\n                        <\/svg>\n                    <\/div>\n                <\/a>\n                    <\/div>\n        \t\t\t\t<\/div>\n\t\t\t\t<\/div>\n\t\t\t\t\t<\/div>\n\t\t\t\t<\/div>\n\t\t\t\t<\/div>","protected":false},"excerpt":{"rendered":"<p>How We Engage Collaboration &amp; Convenings Partnering for Progress: Supporting Lasting Change The Fairbanks Foundation regularly collaborates with local and national stakeholders on a variety of convenings and projects. We recognize that the potential for impact is greatest when we leverage the combined expertise of our team alongside our grantees, partners, fellow funders, and community [&hellip;]<\/p>\n","protected":false},"author":1,"featured_media":0,"parent":16204,"menu_order":0,"comment_status":"closed","ping_status":"closed","template":"","meta":{"_acf_changed":false,"footnotes":""},"class_list":["post-16163","page","type-page","status-publish","hentry"],"acf":[],"_links":{"self":[{"href":"https:\/\/rmff.org\/pl\/wp-json\/wp\/v2\/pages\/16163","targetHints":{"allow":["GET"]}}],"collection":[{"href":"https:\/\/rmff.org\/pl\/wp-json\/wp\/v2\/pages"}],"about":[{"href":"https:\/\/rmff.org\/pl\/wp-json\/wp\/v2\/types\/page"}],"author":[{"embeddable":true,"href":"https:\/\/rmff.org\/pl\/wp-json\/wp\/v2\/users\/1"}],"replies":[{"embeddable":true,"href":"https:\/\/rmff.org\/pl\/wp-json\/wp\/v2\/comments?post=16163"}],"version-history":[{"count":0,"href":"https:\/\/rmff.org\/pl\/wp-json\/wp\/v2\/pages\/16163\/revisions"}],"up":[{"embeddable":true,"href":"https:\/\/rmff.org\/pl\/wp-json\/wp\/v2\/pages\/16204"}],"wp:attachment":[{"href":"https:\/\/rmff.org\/pl\/wp-json\/wp\/v2\/media?parent=16163"}],"curies":[{"name":"wp","href":"https:\/\/api.w.org\/{rel}","templated":true}]}}