{"id":16174,"date":"2025-10-07T18:36:45","date_gmt":"2025-10-07T18:36:45","guid":{"rendered":"https:\/\/staging.rmff.org\/?page_id=16174"},"modified":"2025-12-03T16:52:00","modified_gmt":"2025-12-03T16:52:00","slug":"mission","status":"publish","type":"page","link":"https:\/\/rmff.org\/pt\/about\/mission\/","title":{"rendered":"A nossa miss\u00e3o"},"content":{"rendered":"<div data-elementor-type=\"wp-page\" data-elementor-id=\"16174\" class=\"elementor elementor-16174\" data-elementor-post-type=\"page\">\n\t\t\t\t<div class=\"elementor-element elementor-element-7f1dde9 e-flex e-con-boxed e-con e-parent\" data-id=\"7f1dde9\" data-element_type=\"container\" data-e-type=\"container\" data-settings=\"{&quot;background_background&quot;:&quot;classic&quot;}\">\n\t\t\t\t\t<div class=\"e-con-inner\">\n\t\t\t\t<div class=\"elementor-element elementor-element-1c9317f elementor-widget elementor-widget-rmff-hero\" data-id=\"1c9317f\" data-element_type=\"widget\" data-e-type=\"widget\" data-widget_type=\"rmff-hero.default\">\n\t\t\t\t<div class=\"elementor-widget-container\">\n\t\t\t\t\t<div class=\"hero-widget home\"><div class=\"hero-overlay\"><\/div><div class=\"hero-content\"><div class=\"eyebrow-text\">Sobre a Funda\u00e7\u00e3o<\/div><h1><p>A nossa miss\u00e3o<\/p><\/h1><\/div><div class=\"hero-video-controls\"><button class=\"hero-pause-btn\" id=\"hero-pause-btn\" style=\"display: none;\"><svg class=\"pause-icon\" viewbox=\"0 0 24 24\" fill=\"currentColor\"><path d=\"M6 19h4V5H6v14zm8-14v14h4V5h-4z\"\/><\/svg><svg class=\"play-icon\" viewbox=\"0 0 24 24\" fill=\"currentColor\" style=\"display: none;\"><path d=\"M8 5v14l11-7z\"\/><\/svg><\/button><\/div><\/div>\t\t\t\t<\/div>\n\t\t\t\t<\/div>\n\t\t\t\t\t<\/div>\n\t\t\t\t<\/div>\n\t\t<div class=\"elementor-element elementor-element-403796f e-flex e-con-boxed e-con e-parent\" data-id=\"403796f\" data-element_type=\"container\" data-e-type=\"container\">\n\t\t\t\t\t<div class=\"e-con-inner\">\n\t\t\t\t<div class=\"elementor-element elementor-element-55d10e9 elementor-widget elementor-widget-heading\" data-id=\"55d10e9\" data-element_type=\"widget\" data-e-type=\"widget\" data-widget_type=\"heading.default\">\n\t\t\t\t\t<h2 class=\"elementor-heading-title elementor-size-default\">Promover a vitalidade de Indian\u00e1polis <\/h2>\t\t\t\t<\/div>\n\t\t\t\t<div class=\"elementor-element elementor-element-71bfeb2 elementor-widget elementor-widget-text-editor\" data-id=\"71bfeb2\" data-element_type=\"widget\" data-e-type=\"widget\" data-widget_type=\"text-editor.default\">\n\t\t\t\t\t\t\t\t\t<p>A miss\u00e3o da Fairbanks Foundation \u00e9 promover a vitalidade de Indian\u00e1polis e o bem-estar da sua popula\u00e7\u00e3o. Esfor\u00e7amo-nos por cumprir esta miss\u00e3o abordando alguns dos desafios e oportunidades mais significativos da cidade.<\/p>\t\t\t\t\t\t\t\t<\/div>\n\t\t\t\t<div class=\"elementor-element elementor-element-6bf17a9 elementor-widget elementor-widget-heading\" data-id=\"6bf17a9\" data-element_type=\"widget\" data-e-type=\"widget\" data-widget_type=\"heading.default\">\n\t\t\t\t\t<h3 class=\"elementor-heading-title elementor-size-default\">A nossa hist\u00f3ria <\/h3>\t\t\t\t<\/div>\n\t\t\t\t<div class=\"elementor-element elementor-element-d1aed2d elementor-widget elementor-widget-text-editor\" data-id=\"d1aed2d\" data-element_type=\"widget\" data-e-type=\"widget\" data-widget_type=\"text-editor.default\">\n\t\t\t\t\t\t\t\t\t<p><strong>Estabelecer um legado<br \/><\/strong>Em 1986, Richard M. \u201cDick\u201d Fairbanks, fundador e propriet\u00e1rio da Fairbanks Communications, Inc., criou uma funda\u00e7\u00e3o privada e independente com o seu nome. Criou a Funda\u00e7\u00e3o para fortalecer a cidade de Indian\u00e1polis e perpetuar o legado de Fairbanks na cidade onde a fam\u00edlia prosperou durante mais de um s\u00e9culo. Dick foi o presidente da Funda\u00e7\u00e3o at\u00e9 \u00e0 sua morte, em agosto de 2000.<\/p><p>Hoje, o conselho de administra\u00e7\u00e3o da Fairbanks Foundation, composto por nove membros, continua a concentrar suas doa\u00e7\u00f5es e outras iniciativas estrat\u00e9gicas na cidade de Indian\u00e1polis. At\u00e9 o momento, j\u00e1 concedemos mais de $300 milh\u00f5es em doa\u00e7\u00f5es a organiza\u00e7\u00f5es isentas de impostos que atendem a grande Indian\u00e1polis.<\/p>\t\t\t\t\t\t\t\t<\/div>\n\t\t\t\t<div class=\"elementor-element elementor-element-8c3018d secondary white elementor-widget elementor-widget-button\" data-id=\"8c3018d\" data-element_type=\"widget\" data-e-type=\"widget\" data-widget_type=\"button.default\">\n\t\t\t\t\t\t\t\t\t\t<a class=\"elementor-button elementor-button-link elementor-size-sm\" href=\"\/about\/richard-m-fairbanks\/\">\n\t\t\t\t\t\t<span class=\"elementor-button-content-wrapper\">\n\t\t\t\t\t\t\t\t\t<span class=\"elementor-button-text\">Saiba mais sobre Richard M. Fairbanks e a hist\u00f3ria da Funda\u00e7\u00e3o<\/span>\n\t\t\t\t\t<\/span>\n\t\t\t\t\t<\/a>\n\t\t\t\t\t\t\t\t<\/div>\n\t\t\t\t<div class=\"elementor-element elementor-element-487d582 elementor-widget elementor-widget-spacer\" data-id=\"487d582\" data-element_type=\"widget\" data-e-type=\"widget\" data-widget_type=\"spacer.default\">\n\t\t\t\t\t\t\t<div class=\"elementor-spacer\">\n\t\t\t<div class=\"elementor-spacer-inner\"><\/div>\n\t\t<\/div>\n\t\t\t\t\t\t<\/div>\n\t\t\t\t<div class=\"elementor-element elementor-element-28f0244 elementor-widget elementor-widget-heading\" data-id=\"28f0244\" data-element_type=\"widget\" data-e-type=\"widget\" data-widget_type=\"heading.default\">\n\t\t\t\t\t<h3 class=\"elementor-heading-title elementor-size-default\">Os nossos valores fundamentais <\/h3>\t\t\t\t<\/div>\n\t\t\t\t<div class=\"elementor-element elementor-element-fd447a6 elementor-widget elementor-widget-text-editor\" data-id=\"fd447a6\" data-element_type=\"widget\" data-e-type=\"widget\" data-widget_type=\"text-editor.default\">\n\t\t\t\t\t\t\t\t\t<p><strong>Orientar o nosso trabalho<br \/><\/strong>A Funda\u00e7\u00e3o Fairbanks \u00e9 orientada por tr\u00eas valores fundamentais:<\/p><ul><li>Aderimos \u00e0s cren\u00e7as e inten\u00e7\u00f5es fundamentais do nosso fundador, Richard M. Fairbanks, que criou a Funda\u00e7\u00e3o para benef\u00edcio da popula\u00e7\u00e3o de Indian\u00e1polis.<\/li><li>Conduzimos o nosso trabalho com um esp\u00edrito de empreendedorismo, uma vontade de correr riscos e uma concentra\u00e7\u00e3o nos resultados, mantendo-nos \u00e1geis e oportunistas.<\/li><li>Respeitamos as perspectivas e experi\u00eancias de todos com quem interagimos. <\/li><\/ul>\t\t\t\t\t\t\t\t<\/div>\n\t\t\t\t<div class=\"elementor-element elementor-element-a5eef9f secondary white elementor-widget elementor-widget-button\" data-id=\"a5eef9f\" data-element_type=\"widget\" data-e-type=\"widget\" data-widget_type=\"button.default\">\n\t\t\t\t\t\t\t\t\t\t<a class=\"elementor-button elementor-button-link elementor-size-sm\" href=\"\/about\/impact-report-2020-2024\/\">\n\t\t\t\t\t\t<span class=\"elementor-button-content-wrapper\">\n\t\t\t\t\t\t\t\t\t<span class=\"elementor-button-text\">Ver o nosso \u00faltimo relat\u00f3rio de impacto<\/span>\n\t\t\t\t\t<\/span>\n\t\t\t\t\t<\/a>\n\t\t\t\t\t\t\t\t<\/div>\n\t\t\t\t<div class=\"elementor-element elementor-element-ae6e814 elementor-widget elementor-widget-spacer\" data-id=\"ae6e814\" data-element_type=\"widget\" data-e-type=\"widget\" data-widget_type=\"spacer.default\">\n\t\t\t\t\t\t\t<div class=\"elementor-spacer\">\n\t\t\t<div class=\"elementor-spacer-inner\"><\/div>\n\t\t<\/div>\n\t\t\t\t\t\t<\/div>\n\t\t\t\t<div class=\"elementor-element elementor-element-f2663ed elementor-widget elementor-widget-heading\" data-id=\"f2663ed\" data-element_type=\"widget\" data-e-type=\"widget\" data-widget_type=\"heading.default\">\n\t\t\t\t\t<h3 class=\"elementor-heading-title elementor-size-default\">As nossas \u00e1reas de concentra\u00e7\u00e3o<\/h3>\t\t\t\t<\/div>\n\t\t\t\t<div class=\"elementor-element elementor-element-c2118c6 elementor-widget elementor-widget-text-editor\" data-id=\"c2118c6\" data-element_type=\"widget\" data-e-type=\"widget\" data-widget_type=\"text-editor.default\">\n\t\t\t\t\t\t\t\t\t<p><strong>Responder a necessidades n\u00e3o satisfeitas<br \/><\/strong>A cada cinco anos, o conselho de administra\u00e7\u00e3o da Funda\u00e7\u00e3o Fairbanks reflecte sobre os desafios e oportunidades que Indian\u00e1polis enfrenta para orientar o nosso trabalho no futuro. Em 2025, nosso conselho reafirmou seu compromisso com nossas tr\u00eas \u00e1reas de foco: <a href=\"\/funding\/education\">Educa\u00e7\u00e3o<\/a>, <a href=\"\/funding\/health\">Sa\u00fade<\/a>, e o <a href=\"\/funding\/vitality-of-indianapolis\">Vitalidade de Indian\u00e1polis<\/a>, A defini\u00e7\u00e3o de objectivos e estrat\u00e9gias para cada \u00e1rea.<\/p>\t\t\t\t\t\t\t\t<\/div>\n\t\t\t\t<div class=\"elementor-element elementor-element-9e98da1 secondary white elementor-widget elementor-widget-button\" data-id=\"9e98da1\" data-element_type=\"widget\" data-e-type=\"widget\" data-widget_type=\"button.default\">\n\t\t\t\t\t\t\t\t\t\t<a class=\"elementor-button elementor-button-link elementor-size-sm\" href=\"\/about\/goals-2025-and-beyond\/\">\n\t\t\t\t\t\t<span class=\"elementor-button-content-wrapper\">\n\t\t\t\t\t\t\t\t\t<span class=\"elementor-button-text\">Explorar as nossas \u00e1reas de foco<\/span>\n\t\t\t\t\t<\/span>\n\t\t\t\t\t<\/a>\n\t\t\t\t\t\t\t\t<\/div>\n\t\t\t\t<div class=\"elementor-element elementor-element-05d358a elementor-widget elementor-widget-spacer\" data-id=\"05d358a\" data-element_type=\"widget\" data-e-type=\"widget\" data-widget_type=\"spacer.default\">\n\t\t\t\t\t\t\t<div class=\"elementor-spacer\">\n\t\t\t<div class=\"elementor-spacer-inner\"><\/div>\n\t\t<\/div>\n\t\t\t\t\t\t<\/div>\n\t\t\t\t\t<\/div>\n\t\t\t\t<\/div>\n\t\t<div class=\"elementor-element elementor-element-3d9915b e-flex e-con-boxed e-con e-parent\" data-id=\"3d9915b\" data-element_type=\"container\" data-e-type=\"container\" data-settings=\"{&quot;background_background&quot;:&quot;classic&quot;}\">\n\t\t\t\t\t<div class=\"e-con-inner\">\n\t\t\t\t<div class=\"elementor-element elementor-element-9fb1bcf elementor-widget elementor-widget-rmff-expandable-containers\" data-id=\"9fb1bcf\" data-element_type=\"widget\" data-e-type=\"widget\" data-widget_type=\"rmff-expandable-containers.default\">\n\t\t\t\t<div class=\"elementor-widget-container\">\n\t\t\t\t\t        <div class=\"rmff-expandable-containers-widget fade-in-up\">\n                            <h2 class=\"rmff-expandable-headline\">FAQs sobre a Funda\u00e7\u00e3o Fairbanks  <\/h2>\n                        \n                            <div class=\"rmff-expandable-items\">\n                                                                    \n                        <div class=\"rmff-expandable-item\" data-item-id=\"expandable-item-0\">\n                            <div class=\"rmff-expandable-trigger\" tabindex=\"0\" role=\"button\" aria-expanded=\"false\" aria-controls=\"expandable-item-0\">\n                                <span class=\"rmff-expandable-icon\">\n                                    <svg width=\"24\" height=\"24\" viewbox=\"0 0 24 24\" fill=\"none\" xmlns=\"http:\/\/www.w3.org\/2000\/svg\">\n                                        <path d=\"M12 5V19M5 12H19\" stroke=\"currentColor\" stroke-width=\"2\" stroke-linecap=\"round\" stroke-linejoin=\"round\"\/>\n                                    <\/svg>\n                                <\/span>    \n                                <span class=\"rmff-expandable-title\"><p>O que \u00e9 que a Funda\u00e7\u00e3o Fairbanks faz?<\/p><\/span>\n                            <\/div>\n                            \n                            <div class=\"rmff-expandable-content\" id=\"expandable-item-0\" aria-hidden=\"true\">\n                                <div class=\"rmff-expandable-content-inner\">\n                                    <p>Criada em 1986, a Richard M. Fairbanks Foundation \u00e9 uma funda\u00e7\u00e3o privada e independente cuja miss\u00e3o \u00e9 promover a vitalidade de Indian\u00e1polis e o bem-estar da sua popula\u00e7\u00e3o. Desde a sua cria\u00e7\u00e3o, a Funda\u00e7\u00e3o concedeu mais de $300 milh\u00f5es em subs\u00eddios.<\/p><p>A Funda\u00e7\u00e3o tem tr\u00eas \u00e1reas de atua\u00e7\u00e3o: <a href=\"\/funding\/education\">Educa\u00e7\u00e3o<\/a>, <a href=\"\/funding\/health\">Sa\u00fade<\/a>, e o <a href=\"\/funding\/vitality-of-indianapolis\">Vitalidade de Indian\u00e1polis<\/a>.<\/p>                                <\/div>\n                            <\/div>\n                        <\/div>\n                                                                    \n                        <div class=\"rmff-expandable-item\" data-item-id=\"expandable-item-1\">\n                            <div class=\"rmff-expandable-trigger\" tabindex=\"0\" role=\"button\" aria-expanded=\"false\" aria-controls=\"expandable-item-1\">\n                                <span class=\"rmff-expandable-icon\">\n                                    <svg width=\"24\" height=\"24\" viewbox=\"0 0 24 24\" fill=\"none\" xmlns=\"http:\/\/www.w3.org\/2000\/svg\">\n                                        <path d=\"M12 5V19M5 12H19\" stroke=\"currentColor\" stroke-width=\"2\" stroke-linecap=\"round\" stroke-linejoin=\"round\"\/>\n                                    <\/svg>\n                                <\/span>    \n                                <span class=\"rmff-expandable-title\"><p>A Funda\u00e7\u00e3o pertence e \u00e9 gerida pela fam\u00edlia Fairbanks?<\/p><\/span>\n                            <\/div>\n                            \n                            <div class=\"rmff-expandable-content\" id=\"expandable-item-1\" aria-hidden=\"true\">\n                                <div class=\"rmff-expandable-content-inner\">\n                                    <p>N\u00e3o. A Funda\u00e7\u00e3o Fairbanks \u00e9 gerida pelo nosso conselho de administra\u00e7\u00e3o e pelos seus funcion\u00e1rios. Saiba mais sobre a nossa <a href=\"\/about\/board-of-directors\/\">conselho<\/a>.<\/p>                                <\/div>\n                            <\/div>\n                        <\/div>\n                                                                    \n                        <div class=\"rmff-expandable-item\" data-item-id=\"expandable-item-2\">\n                            <div class=\"rmff-expandable-trigger\" tabindex=\"0\" role=\"button\" aria-expanded=\"false\" aria-controls=\"expandable-item-2\">\n                                <span class=\"rmff-expandable-icon\">\n                                    <svg width=\"24\" height=\"24\" viewbox=\"0 0 24 24\" fill=\"none\" xmlns=\"http:\/\/www.w3.org\/2000\/svg\">\n                                        <path d=\"M12 5V19M5 12H19\" stroke=\"currentColor\" stroke-width=\"2\" stroke-linecap=\"round\" stroke-linejoin=\"round\"\/>\n                                    <\/svg>\n                                <\/span>    \n                                <span class=\"rmff-expandable-title\"><p>Posso apresentar uma proposta de financiamento em nome da minha organiza\u00e7\u00e3o?<\/p><\/span>\n                            <\/div>\n                            \n                            <div class=\"rmff-expandable-content\" id=\"expandable-item-2\" aria-hidden=\"true\">\n                                <div class=\"rmff-expandable-content-inner\">\n                                    <p><strong>A Funda\u00e7\u00e3o n\u00e3o aceita propostas n\u00e3o solicitadas.<\/strong> Em vez disso, agradecemos pedidos de informa\u00e7\u00e3o que incluam informa\u00e7\u00f5es sobre a sua organiza\u00e7\u00e3o, programa ou projeto e que estejam fortemente alinhados com as nossas estrat\u00e9gias de financiamento no \u00e2mbito da nossa \u00e1rea de concentra\u00e7\u00e3o Educa\u00e7\u00e3o neste momento.<\/p><p>Note-se que, de momento, n\u00e3o estamos a convidar \u00e0 apresenta\u00e7\u00e3o de propostas nem a aceitar pedidos de informa\u00e7\u00e3o nas nossas \u00e1reas de concentra\u00e7\u00e3o Sa\u00fade ou Vitalidade de Indian\u00e1polis.<\/p><p>Para mais informa\u00e7\u00f5es, leia sobre a nossa <a href=\"\/grants\/the-grants-process\/\">processo de concess\u00e3o de subven\u00e7\u00f5es<\/a>.<\/p>                                <\/div>\n                            <\/div>\n                        <\/div>\n                                                                    \n                        <div class=\"rmff-expandable-item\" data-item-id=\"expandable-item-3\">\n                            <div class=\"rmff-expandable-trigger\" tabindex=\"0\" role=\"button\" aria-expanded=\"false\" aria-controls=\"expandable-item-3\">\n                                <span class=\"rmff-expandable-icon\">\n                                    <svg width=\"24\" height=\"24\" viewbox=\"0 0 24 24\" fill=\"none\" xmlns=\"http:\/\/www.w3.org\/2000\/svg\">\n                                        <path d=\"M12 5V19M5 12H19\" stroke=\"currentColor\" stroke-width=\"2\" stroke-linecap=\"round\" stroke-linejoin=\"round\"\/>\n                                    <\/svg>\n                                <\/span>    \n                                <span class=\"rmff-expandable-title\"><p>A Funda\u00e7\u00e3o est\u00e1 ligada ao Centro de Recupera\u00e7\u00e3o da Comunidade de Fairbanks?<\/p><\/span>\n                            <\/div>\n                            \n                            <div class=\"rmff-expandable-content\" id=\"expandable-item-3\" aria-hidden=\"true\">\n                                <div class=\"rmff-expandable-content-inner\">\n                                    <p>A Richard M. Fairbanks Foundation \u00e9 uma entidade completamente separada do prestador de tratamento de \u00e1lcool e drogas sem fins lucrativos conhecido como Community Fairbanks Recovery Center.<\/p><p>No entanto, existe uma liga\u00e7\u00e3o familiar entre as duas organiza\u00e7\u00f5es. O centro de tratamento foi batizado em honra de Cornelia Cole Fairbanks, a mulher de Charles Warren Fairbanks. Charles Warren e Cornelia Cole Fairbanks eram os av\u00f3s de Richard M. (\u201cDick\u201d) Fairbanks. Para mais informa\u00e7\u00f5es sobre o Centro de Recupera\u00e7\u00e3o da Comunidade Fairbanks, visite <a href=\"https:\/\/www.ecommunity.com\/locations\/community-fairbanks-recovery-center\" target=\"_blank\" rel=\"noopener\">s\u00edtio Web<\/a>.<\/p>                                <\/div>\n                            <\/div>\n                        <\/div>\n                                                                    \n                        <div class=\"rmff-expandable-item\" data-item-id=\"expandable-item-4\">\n                            <div class=\"rmff-expandable-trigger\" tabindex=\"0\" role=\"button\" aria-expanded=\"false\" aria-controls=\"expandable-item-4\">\n                                <span class=\"rmff-expandable-icon\">\n                                    <svg width=\"24\" height=\"24\" viewbox=\"0 0 24 24\" fill=\"none\" xmlns=\"http:\/\/www.w3.org\/2000\/svg\">\n                                        <path d=\"M12 5V19M5 12H19\" stroke=\"currentColor\" stroke-width=\"2\" stroke-linecap=\"round\" stroke-linejoin=\"round\"\/>\n                                    <\/svg>\n                                <\/span>    \n                                <span class=\"rmff-expandable-title\"><p>Como posso manter-me atualizado sobre o trabalho da Funda\u00e7\u00e3o?<\/p><\/span>\n                            <\/div>\n                            \n                            <div class=\"rmff-expandable-content\" id=\"expandable-item-4\" aria-hidden=\"true\">\n                                <div class=\"rmff-expandable-content-inner\">\n                                    <p>Para se manter atualizado sobre o nosso trabalho e o trabalho dos nossos bolseiros e parceiros, <a href=\"#signup\">subscrever a nossa newsletter<\/a> ou siga-nos em <a href=\"http:\/\/linkedin.com\/company\/richard-m.-fairbanks-foundation\/\" target=\"_blank\" rel=\"noopener\">LinkedIn<\/a>.<\/p>                                <\/div>\n                            <\/div>\n                        <\/div>\n                                    <\/div>\n                    <\/div>\n        \t\t\t\t<\/div>\n\t\t\t\t<\/div>\n\t\t\t\t\t<\/div>\n\t\t\t\t<\/div>\n\t\t\t\t<\/div>","protected":false},"excerpt":{"rendered":"<p>About The Foundation Our Mission Advancing the Vitality of Indianapolis The mission of the Fairbanks Foundation is to advance the vitality of Indianapolis and the well-being of its people. We strive to achieve this mission by addressing some of the city\u2019s most significant challenges and opportunities. Our History Establishing a LegacyIn 1986, Richard M. \u201cDick\u201d [&hellip;]<\/p>\n","protected":false},"author":1,"featured_media":0,"parent":16202,"menu_order":0,"comment_status":"closed","ping_status":"closed","template":"","meta":{"_acf_changed":false,"footnotes":""},"class_list":["post-16174","page","type-page","status-publish","hentry"],"acf":[],"_links":{"self":[{"href":"https:\/\/rmff.org\/pt\/wp-json\/wp\/v2\/pages\/16174","targetHints":{"allow":["GET"]}}],"collection":[{"href":"https:\/\/rmff.org\/pt\/wp-json\/wp\/v2\/pages"}],"about":[{"href":"https:\/\/rmff.org\/pt\/wp-json\/wp\/v2\/types\/page"}],"author":[{"embeddable":true,"href":"https:\/\/rmff.org\/pt\/wp-json\/wp\/v2\/users\/1"}],"replies":[{"embeddable":true,"href":"https:\/\/rmff.org\/pt\/wp-json\/wp\/v2\/comments?post=16174"}],"version-history":[{"count":0,"href":"https:\/\/rmff.org\/pt\/wp-json\/wp\/v2\/pages\/16174\/revisions"}],"up":[{"embeddable":true,"href":"https:\/\/rmff.org\/pt\/wp-json\/wp\/v2\/pages\/16202"}],"wp:attachment":[{"href":"https:\/\/rmff.org\/pt\/wp-json\/wp\/v2\/media?parent=16174"}],"curies":[{"name":"wp","href":"https:\/\/api.w.org\/{rel}","templated":true}]}}