{"id":24,"date":"2025-08-19T20:12:22","date_gmt":"2025-08-19T20:12:22","guid":{"rendered":"https:\/\/rmff2025.test\/?page_id=24"},"modified":"2026-03-19T20:22:52","modified_gmt":"2026-03-19T20:22:52","slug":"home","status":"publish","type":"page","link":"https:\/\/rmff.org\/pt\/","title":{"rendered":"In\u00edcio"},"content":{"rendered":"<div data-elementor-type=\"wp-page\" data-elementor-id=\"24\" class=\"elementor elementor-24\" data-elementor-post-type=\"page\">\n\t\t\t\t<div class=\"elementor-element elementor-element-814d305 hero-video e-flex e-con-boxed e-con e-parent\" data-id=\"814d305\" data-element_type=\"container\" data-e-type=\"container\" data-settings=\"{&quot;background_background&quot;:&quot;video&quot;,&quot;background_video_link&quot;:&quot;\\\/wp-content\\\/uploads\\\/2025\\\/11\\\/RMFF-Hero-Video.mp4&quot;,&quot;background_play_on_mobile&quot;:&quot;yes&quot;}\">\n\t\t\t\t\t<div class=\"e-con-inner\">\n\t\t<div class=\"elementor-background-video-container\">\n\t\t\t\t\t\t\t<video class=\"elementor-background-video-hosted\" role=\"presentation\" autoplay muted playsinline loop><\/video>\n\t\t\t\t\t<\/div>\t\t<div class=\"elementor-element elementor-element-ac593a4 elementor-widget elementor-widget-rmff-hero\" data-id=\"ac593a4\" data-element_type=\"widget\" data-e-type=\"widget\" data-widget_type=\"rmff-hero.default\">\n\t\t\t\t<div class=\"elementor-widget-container\">\n\t\t\t\t\t<div class=\"hero-widget home\"><div class=\"hero-overlay\"><\/div><div class=\"hero-content\"><h1><p>Identificar as necessidades.<br \/>Alimentar o potencial.<\/p><\/h1><\/div><div class=\"hero-video-controls\"><button class=\"hero-pause-btn\" id=\"hero-pause-btn\" style=\"display: none;\"><svg class=\"pause-icon\" viewbox=\"0 0 24 24\" fill=\"currentColor\"><path d=\"M6 19h4V5H6v14zm8-14v14h4V5h-4z\"\/><\/svg><svg class=\"play-icon\" viewbox=\"0 0 24 24\" fill=\"currentColor\" style=\"display: none;\"><path d=\"M8 5v14l11-7z\"\/><\/svg><\/button><\/div><\/div>\t\t\t\t<\/div>\n\t\t\t\t<\/div>\n\t\t\t\t\t<\/div>\n\t\t\t\t<\/div>\n\t\t<div class=\"elementor-element elementor-element-621df99 e-flex e-con-boxed e-con e-parent\" data-id=\"621df99\" data-element_type=\"container\" data-e-type=\"container\">\n\t\t\t\t\t<div class=\"e-con-inner\">\n\t\t\t\t<div class=\"elementor-element elementor-element-c2dcc95 elementor-widget elementor-widget-rmff-image-link-blocks\" data-id=\"c2dcc95\" data-element_type=\"widget\" data-e-type=\"widget\" data-widget_type=\"rmff-image-link-blocks.default\">\n\t\t\t\t<div class=\"elementor-widget-container\">\n\t\t\t\t\t<div class=\"image-link-blocks-widget\"><h2 class=\"image-link-blocks-headline\">Ver o nosso trabalho<\/h2><div class=\"image-link-blocks-grid\"><a href=\"\/funding\/education\" class=\"image-link-block fade-in-up\" data-area=\"education\" style=\"background-image: url(https:\/\/rmff.org\/wp-content\/uploads\/2025\/09\/shutterstock_2492761215-1-1.png);\"><div class=\"image-link-block-overlay\"><img decoding=\"async\" src=\"https:\/\/rmff.org\/wp-content\/themes\/rmff2025\/assets\/images\/icon-education.svg\" alt=\"Education\" class=\"image-link-block-area-icon\"><\/div><div class=\"image-link-block-content\"><div class=\"image-link-block-text\"><h3 class=\"image-link-block-title\">Educa\u00e7\u00e3o<\/h3><p class=\"image-link-block-hover-text\">Refor\u00e7ar os resultados da educa\u00e7\u00e3o e da m\u00e3o de obra<\/p><\/div><div class=\"image-link-block-arrow\"><svg viewbox=\"0 0 24 24\" fill=\"currentColor\"><path d=\"M8.59 16.59L13.17 12 8.59 7.41 10 6l6 6-6 6-1.41-1.41z\"\/><\/svg><\/div><\/div><\/a><a href=\"\/funding\/health\" class=\"image-link-block fade-in-up\" data-area=\"health\" style=\"background-image: url(https:\/\/rmff.org\/wp-content\/uploads\/2025\/08\/shutterstock_2276001457-1.png);\"><div class=\"image-link-block-overlay\"><img decoding=\"async\" src=\"https:\/\/rmff.org\/wp-content\/themes\/rmff2025\/assets\/images\/icon-health.svg\" alt=\"Health\" class=\"image-link-block-area-icon\"><\/div><div class=\"image-link-block-content\"><div class=\"image-link-block-text\"><h3 class=\"image-link-block-title\">Sa\u00fade<\/h3><p class=\"image-link-block-hover-text\">Melhorar os resultados no dom\u00ednio da sa\u00fade<\/p><\/div><div class=\"image-link-block-arrow\"><svg viewbox=\"0 0 24 24\" fill=\"currentColor\"><path d=\"M8.59 16.59L13.17 12 8.59 7.41 10 6l6 6-6 6-1.41-1.41z\"\/><\/svg><\/div><\/div><\/a><a href=\"\/funding\/vitality-of-indianapolis\" class=\"image-link-block fade-in-up\" data-area=\"vitality\" style=\"background-image: url(https:\/\/rmff.org\/wp-content\/uploads\/2025\/10\/shutterstock_2503767829-scaled-e1760102864210.jpg);\"><div class=\"image-link-block-overlay\"><img decoding=\"async\" src=\"https:\/\/rmff.org\/wp-content\/themes\/rmff2025\/assets\/images\/icon-vitality.svg\" alt=\"Vitality\" class=\"image-link-block-area-icon\"><\/div><div class=\"image-link-block-content\"><div class=\"image-link-block-text\"><h3 class=\"image-link-block-title\">Vitalidade de Indian\u00e1polis<\/h3><p class=\"image-link-block-hover-text\">Criar uma Indian\u00e1polis mais vibrante<\/p><\/div><div class=\"image-link-block-arrow\"><svg viewbox=\"0 0 24 24\" fill=\"currentColor\"><path d=\"M8.59 16.59L13.17 12 8.59 7.41 10 6l6 6-6 6-1.41-1.41z\"\/><\/svg><\/div><\/div><\/a><\/div><\/div>\t\t\t\t<\/div>\n\t\t\t\t<\/div>\n\t\t\t\t\t<\/div>\n\t\t\t\t<\/div>\n\t\t<div class=\"elementor-element elementor-element-79da9f2 e-flex e-con-boxed e-con e-parent\" data-id=\"79da9f2\" data-element_type=\"container\" data-e-type=\"container\" data-settings=\"{&quot;background_background&quot;:&quot;classic&quot;}\">\n\t\t\t\t\t<div class=\"e-con-inner\">\n\t\t\t\t<div class=\"elementor-element elementor-element-f6c75b8 elementor-widget elementor-widget-rmff-statement-callout\" data-id=\"f6c75b8\" data-element_type=\"widget\" data-e-type=\"widget\" data-widget_type=\"rmff-statement-callout.default\">\n\t\t\t\t<div class=\"elementor-widget-container\">\n\t\t\t\t\t<div class=\"statement-callout-widget fade-in-up\"><div class=\"eyebrow-text\">A nossa miss\u00e3o <\/div><h2 class=\"statement-text\">Promover a vitalidade de Indian\u00e1polis e o bem-estar da sua popula\u00e7\u00e3o<\/h2><\/div>\t\t\t\t<\/div>\n\t\t\t\t<\/div>\n\t\t\t\t\t<\/div>\n\t\t\t\t<\/div>\n\t\t<div class=\"elementor-element elementor-element-079d93e e-flex e-con-boxed e-con e-parent\" data-id=\"079d93e\" data-element_type=\"container\" data-e-type=\"container\" data-settings=\"{&quot;background_background&quot;:&quot;classic&quot;}\">\n\t\t\t\t\t<div class=\"e-con-inner\">\n\t\t\t\t<div class=\"elementor-element elementor-element-43a31a4 elementor-widget elementor-widget-rmff-horizontal-stats\" data-id=\"43a31a4\" data-element_type=\"widget\" data-e-type=\"widget\" data-widget_type=\"rmff-horizontal-stats.default\">\n\t\t\t\t<div class=\"elementor-widget-container\">\n\t\t\t\t\t<div class=\"horizontal-stats-widget\"><h2 class=\"horizontal-stats-headline\">A nossa miss\u00e3o em a\u00e7\u00e3o<\/h2><div class=\"horizontal-stats-grid\"><div class=\"horizontal-stat-item fade-in-up\"><a href=\"\/grants\/all-grants-awarded\/\" class=\"stat-number-link\"><div class=\"stat-number metric-text\"><span class=\"stat-number-prefix\">$<\/span><span class=\"stat-number-value\" data-target=\"326.7\">0<\/span><span class=\"stat-number-suffix\">M<\/span><\/div><\/a><div class=\"stat-bold-descriptor\">em subven\u00e7\u00f5es totais<\/div><div class=\"stat-light-descriptor\">de 1986 a 2024<\/div><a href=\"\/grants\/all-grants-awarded\/\" class=\"cta-button secondary\">Ver todas as subven\u00e7\u00f5es concedidas<\/a><\/div><div class=\"horizontal-stat-item fade-in-up\"><a href=\"\/grants\/the-grants-process\/\" class=\"stat-number-link\"><div class=\"stat-number metric-text\"><span class=\"stat-number-value\" data-target=\"160\">0<\/span><\/div><\/a><div class=\"stat-bold-descriptor\">subven\u00e7\u00f5es<\/div><div class=\"stat-light-descriptor\">de 2020 a 2024<\/div><a href=\"\/grants\/the-grants-process\/\" class=\"cta-button secondary\">O nosso processo de financiamento<\/a><\/div><div class=\"horizontal-stat-item fade-in-up\"><a href=\"\/research\/reports\/\" class=\"stat-number-link\"><div class=\"stat-number metric-text\"><span class=\"stat-number-value\" data-target=\"22\">0<\/span><\/div><\/a><div class=\"stat-bold-descriptor\">relat\u00f3rios<\/div><div class=\"stat-light-descriptor\">de 2020 a 2024<\/div><a href=\"\/research\/reports\/\" class=\"cta-button secondary\">Procurar em todos os relat\u00f3rios<\/a><\/div><div class=\"horizontal-stat-item fade-in-up\"><a href=\"\/funding\/collaboration-convenings\/%20\" class=\"stat-number-link\"><div class=\"stat-number metric-text\"><span class=\"stat-number-value\" data-target=\"158\">0<\/span><\/div><\/a><div class=\"stat-bold-descriptor\">convocat\u00f3rias<\/div><div class=\"stat-light-descriptor\">de 2020 a 2024<\/div><a href=\"\/funding\/collaboration-convenings\/%20\" class=\"cta-button secondary\">Como colaboramos<\/a><\/div><\/div><\/div>\t\t\t\t<\/div>\n\t\t\t\t<\/div>\n\t\t\t\t\t<\/div>\n\t\t\t\t<\/div>\n\t\t<div class=\"elementor-element elementor-element-5f15870 e-flex e-con-boxed e-con e-parent\" data-id=\"5f15870\" data-element_type=\"container\" data-e-type=\"container\">\n\t\t\t\t\t<div class=\"e-con-inner\">\n\t\t\t\t<div class=\"elementor-element elementor-element-1d5ddca elementor-widget elementor-widget-stories\" data-id=\"1d5ddca\" data-element_type=\"widget\" data-e-type=\"widget\" data-widget_type=\"stories.default\">\n\t\t\t\t<div class=\"elementor-widget-container\">\n\t\t\t\t\t<div class=\"stories-widget stories-widget--vertical\"><div class=\"stories-header\"><h2 class=\"stories-headline\">Apoiar um progresso significativo<\/h2><a href=\"#signup\" class=\"stories-cta-button cta-button underlined\">Receber actualiza\u00e7\u00f5es por e-mail<\/a><\/div><div class=\"stories-grid\"><div class=\"story-item fade-in-up\"><a href=\"https:\/\/rmff.org\/pt\/2025\/10\/fairbanks-foundation-cohosts-pathways-convening\/\" class=\"story-image-link\"><div class=\"story-image\" style=\"background-image: url('https:\/\/rmff.org\/wp-content\/uploads\/2025\/10\/Image-2025-09-24T093807.516-600x450-1-e1765211036209.jpg');\"><\/div><\/a><div class=\"story-content\"><a href=\"https:\/\/rmff.org\/pt\/2025\/10\/fairbanks-foundation-cohosts-pathways-convening\/\" class=\"story-headline-link\"><h3 class=\"story-headline\">A Funda\u00e7\u00e3o Fairbanks \u00e9 co-anfitri\u00e3 da reuni\u00e3o da Pathways<\/h3><\/a><div class=\"story-description\">Em outubro, a Funda\u00e7\u00e3o Fairbanks e a CareerWise USA organizaram o primeiro Instituto Avan\u00e7ado CEMETS dos EUA, em parceria com o CEMETS.<\/div><a href=\"https:\/\/rmff.org\/pt\/2025\/10\/fairbanks-foundation-cohosts-pathways-convening\/\" class=\"story-cta-button cta-button\">Ler mais<\/a><\/div><\/div><div class=\"story-item fade-in-up\"><a href=\"https:\/\/rmff.org\/pt\/2025\/10\/the-impact-of-college-matters-meeting-the-moment\/\" class=\"story-image-link\"><div class=\"story-image\" style=\"background-image: url('https:\/\/rmff.org\/wp-content\/uploads\/2025\/10\/shutterstock_2345710741-2-scaled-e1765823564842.jpg');\"><\/div><\/a><div class=\"story-content\"><a href=\"https:\/\/rmff.org\/pt\/2025\/10\/the-impact-of-college-matters-meeting-the-moment\/\" class=\"story-headline-link\"><h3 class=\"story-headline\">O impacto da <i>A faculdade \u00e9 importante: Conhecer o momento<\/i><\/h3><\/a><div class=\"story-description\">Em 2023, a Funda\u00e7\u00e3o Richard M. Fairbanks lan\u00e7ou o College Matters, uma iniciativa de concess\u00e3o de dois est\u00e1gios e $14 milh\u00f5es para aumentar as taxas de matr\u00edcula na faculdade para alunos do \u00faltimo ano do ensino m\u00e9dio do condado de Marion.<\/div><a href=\"https:\/\/rmff.org\/pt\/2025\/10\/the-impact-of-college-matters-meeting-the-moment\/\" class=\"story-cta-button cta-button\">Ler mais<\/a><\/div><\/div><div class=\"story-item fade-in-up\"><a href=\"https:\/\/rmff.org\/pt\/2025\/11\/fairbanks-foundation-awards-grants-to-support-food-insecurity-efforts\/\" class=\"story-image-link\"><div class=\"story-image\" style=\"background-image: url('https:\/\/rmff.org\/wp-content\/uploads\/2025\/11\/shutterstock_2165751001-2.jpg');\"><\/div><\/a><div class=\"story-content\"><a href=\"https:\/\/rmff.org\/pt\/2025\/11\/fairbanks-foundation-awards-grants-to-support-food-insecurity-efforts\/\" class=\"story-headline-link\"><h3 class=\"story-headline\">A Funda\u00e7\u00e3o Fairbanks concede subs\u00eddios para apoiar os esfor\u00e7os de inseguran\u00e7a alimentar<\/h3><\/a><div class=\"story-description\">No in\u00edcio deste m\u00eas, a Funda\u00e7\u00e3o Richard M. Fairbanks concedeu subs\u00eddios no valor de $25.000 a sete organiza\u00e7\u00f5es sem fins lucrativos que lutam contra a inseguran\u00e7a alimentar em Indian\u00e1polis.<\/div><a href=\"https:\/\/rmff.org\/pt\/2025\/11\/fairbanks-foundation-awards-grants-to-support-food-insecurity-efforts\/\" class=\"story-cta-button cta-button\">Ler mais<\/a><\/div><\/div><\/div><\/div>\t\t\t\t<\/div>\n\t\t\t\t<\/div>\n\t\t\t\t\t<\/div>\n\t\t\t\t<\/div>\n\t\t<div class=\"elementor-element elementor-element-2ed8cf2 e-flex e-con-boxed e-con e-parent\" data-id=\"2ed8cf2\" data-element_type=\"container\" data-e-type=\"container\" data-settings=\"{&quot;background_background&quot;:&quot;classic&quot;}\">\n\t\t\t\t\t<div class=\"e-con-inner\">\n\t\t\t\t<div class=\"elementor-element elementor-element-c069f71 elementor-widget elementor-widget-rmff_tabs\" data-id=\"c069f71\" data-element_type=\"widget\" data-e-type=\"widget\" data-widget_type=\"rmff_tabs.default\">\n\t\t\t\t<div class=\"elementor-widget-container\">\n\t\t\t\t\t<div class=\"rmff-tabs-widget fade-in-up\"><div class=\"rmff-tabs-header\"><h2 class=\"rmff-tabs-headline\">Partilha de dados cr\u00edticos<\/h2><a href=\"\/community-data-snapshot\" class=\"rmff-tabs-cta-button underlined cta-button\">Explorar todos os dados<\/a><\/div><div class=\"rmff-tabs-container\"><div class=\"rmff-tabs-navigation\"><button class=\"rmff-tab-button active\" data-tab=\"0\">Resumo dos dados comunit\u00e1rios<\/button><button class=\"rmff-tab-button\" data-tab=\"1\">Educa\u00e7\u00e3o<\/button><button class=\"rmff-tab-button\" data-tab=\"2\">Sa\u00fade<\/button><button class=\"rmff-tab-button\" data-tab=\"3\">Vitalidade de Indian\u00e1polis<\/button><button class=\"rmff-tab-button\" data-tab=\"4\">Dados demogr\u00e1ficos<\/button><\/div><div class=\"rmff-tabs-content\"><div class=\"rmff-tab-content active\" data-tab=\"0\"><div class=\"rmff-tab-text\"><div class=\"rmff-tab-description\"><h3>Mais de 300 tabelas e gr\u00e1ficos gratuitos para utiliza\u00e7\u00e3o p\u00fablica<\/h3><p>Acreditamos na tomada de decis\u00f5es baseadas em dados e partilhamos o que recolhemos para ajudar outros a fazer o mesmo. O nosso instant\u00e2neo de dados da comunidade consolida dados de v\u00e1rias fontes para fornecer informa\u00e7\u00f5es sobre <a href=\"\/community-data-snapshot\/?topic=education&amp;subtopic=early-childhood-education&amp;graph=early-childhood-education-providerscenters\">Educa\u00e7\u00e3o<\/a>, <a href=\"\/community-data-snapshot\/?topic=health&amp;subtopic=cause-of-death&amp;graph=cause-of-death\">Sa\u00fade<\/a>, o <a href=\"\/community-data-snapshot\/?topic=vitality-of-indianapolis&amp;subtopic=employment&amp;graph=labor-force\">Vitalidade de Indian\u00e1polis<\/a>, e <a href=\"\/community-data-snapshot\/?topic=demographics&amp;subtopic=demographic-characteristics&amp;graph=total-population\">Dados demogr\u00e1ficos<\/a>. Com mais de 300 quadros e gr\u00e1ficos, esta ferramenta foi concebida para ajudar os nossos bolseiros e parceiros, bem como as partes interessadas da comunidade e outros, a tomar decis\u00f5es informadas que conduzam a melhores resultados.<\/p><\/div><a href=\"\/community-data-snapshot\" class=\"rmff-tab-cta-button cta-button\">Ver todos os gr\u00e1ficos interactivos<\/a><\/div><div class=\"rmff-tab-image\"><img decoding=\"async\" src=\"https:\/\/rmff.org\/wp-content\/uploads\/2025\/08\/Graph-2.svg\" alt=\"Community Data Snapshot\"><\/div><\/div><div class=\"rmff-tab-content\" data-tab=\"1\"><div class=\"rmff-tab-text\"><div class=\"rmff-tab-description\"><h3>Dados sobre educa\u00e7\u00e3o em destaque<\/h3><p><strong>23.1%<\/strong>\u00a0 dos alunos do oitavo ano do condado de Marion passaram no <a href=\"https:\/\/rmff.org\/community-data-snapshot\/?topic=education&amp;subtopic=academic-achievement&amp;graph=ilearn\">Avalia\u00e7\u00e3o de matem\u00e1tica ILEARN<\/a> em 2025.<\/p><p><strong>89.1%\u00a0 <\/strong>de finalistas do ensino secund\u00e1rio em Marion County <a href=\"https:\/\/rmff.org\/community-data-snapshot\/?topic=education&amp;subtopic=college-and-career-readiness&amp;graph=high-school-graduation\">terminou o curso a tempo<\/a> em 2025.<\/p><p><strong>42.5%\u00a0 <\/strong>dos residentes do condado de Marion tinham <a href=\"https:\/\/rmff.org\/community-data-snapshot\/?topic=education&amp;subtopic=degree-and-credential-attainment&amp;graph=educational-attainment\">um diploma de associado ou superior<\/a> em 2024.<\/p><\/div><a href=\"\/community-data-snapshot\/?topic=education&#038;subtopic=early-childhood-education&#038;graph=early-childhood-education-providerscenters\" class=\"rmff-tab-cta-button cta-button\">Ver todos os gr\u00e1ficos de educa\u00e7\u00e3o<\/a><\/div><div class=\"rmff-tab-image\"><img decoding=\"async\" src=\"https:\/\/rmff.org\/wp-content\/uploads\/2025\/08\/Education-Graph.svg\" alt=\"Education\"><\/div><\/div><div class=\"rmff-tab-content\" data-tab=\"2\"><div class=\"rmff-tab-text\"><div class=\"rmff-tab-description\"><h3>Destaques dos dados de sa\u00fade<\/h3><p><strong>70%\u00a0 <\/strong>dos residentes da \u00e1rea metropolitana de Indian\u00e1polis foram considerados <a href=\"https:\/\/rmff.org\/community-data-snapshot\/?topic=health&amp;subtopic=health-status&amp;graph=weight-status\">excesso de peso ou obesidade<\/a> em 2023.<\/p><p><strong>14.5%\u00a0 <\/strong>de jovens do condado de Marion <a href=\"https:\/\/rmff.org\/community-data-snapshot\/?topic=health&amp;subtopic=mental-health&amp;graph=youth-mental-health\">considerou tentar o suic\u00eddio<\/a> em 2024.<\/p><p><strong>422\u00a0 <\/strong><a href=\"https:\/\/rmff.org\/community-data-snapshot\/?topic=health&amp;subtopic=substance-use-disorder&amp;graph=drug-and-alcohol-induced-deaths\">intoxica\u00e7\u00f5es fatais por drogas<\/a> (overdoses) occurred in Marion County in 2024.<\/p><\/div><a href=\"\/community-data-snapshot\/?topic=health&#038;subtopic=cause-of-death&#038;graph=cause-of-death\" class=\"rmff-tab-cta-button cta-button\">Ver todos os gr\u00e1ficos de sa\u00fade<\/a><\/div><div class=\"rmff-tab-image\"><img decoding=\"async\" src=\"https:\/\/rmff.org\/wp-content\/uploads\/2025\/09\/Health-Graph.svg\" alt=\"Health\"><\/div><\/div><div class=\"rmff-tab-content\" data-tab=\"3\"><div class=\"rmff-tab-text\"><div class=\"rmff-tab-description\"><h3>Destaques dos dados da Vitalidade de Indian\u00e1polis<\/h3><p><strong>82.8%\u00a0 <\/strong>dos residentes do condado de Marion eram <a href=\"https:\/\/rmff.org\/community-data-snapshot\/?topic=vitality-of-indianapolis&amp;subtopic=employment&amp;graph=labor-force\">empregado ou \u00e0 procura de emprego<\/a> em 2024.<\/p><p><strong>15.9%\u00a0 <\/strong>dos residentes do Condado de Marion viviam numa <a href=\"https:\/\/rmff.org\/community-data-snapshot\/?topic=vitality-of-indianapolis&amp;subtopic=incomepoverty&amp;graph=food-insecurity\">fam\u00edlia com inseguran\u00e7a alimentar<\/a> em 2023.<\/p><p><strong>25.9%\u00a0 <\/strong>dos inquilinos do condado de Marion gastaram <a href=\"https:\/\/rmff.org\/community-data-snapshot\/?topic=vitality-of-indianapolis&amp;subtopic=housing&amp;graph=rent-burden\">mais de 50% do rendimento do seu agregado familiar em rendas<\/a> em 2024.<\/p><\/div><a href=\"\/community-data-snapshot\/?topic=vitality-of-indianapolis&#038;subtopic=employment&#038;graph=labor-force\" class=\"rmff-tab-cta-button cta-button\">Ver todos os gr\u00e1ficos de Vitalidade de Indian\u00e1polis<\/a><\/div><div class=\"rmff-tab-image\"><img decoding=\"async\" src=\"https:\/\/rmff.org\/wp-content\/uploads\/2025\/09\/Vitality-Graph.svg\" alt=\"Vitality of Indianapolis\"><\/div><\/div><div class=\"rmff-tab-content\" data-tab=\"4\"><div class=\"rmff-tab-text\"><div class=\"rmff-tab-description\"><h3>Dados demogr\u00e1ficos em destaque<\/h3><p><strong>981,628\u00a0<\/strong> <a href=\"https:\/\/rmff.org\/community-data-snapshot\/?topic=demographics&amp;subtopic=demographic-characteristics&amp;graph=total-population\">vivia no condado de Marion<\/a> em 2024.<\/p><p><strong>34.6<\/strong>\u00a0 foi o <a href=\"https:\/\/rmff.org\/community-data-snapshot\/?topic=demographics&amp;subtopic=demographic-characteristics&amp;graph=age\">idade m\u00e9dia<\/a> no condado de Marion em 2023.<\/p><p><strong>5.6%\u00a0<\/strong> dos agregados familiares no condado de Marion tinham <a href=\"https:\/\/rmff.org\/community-data-snapshot\/?topic=demographics&amp;subtopic=demographic-characteristics&amp;graph=households-with-limited-english-speaking-proficiency\">dom\u00ednio limitado da l\u00edngua inglesa<\/a> em 2024.<\/p><\/div><a href=\"\/community-data-snapshot\/?topic=demographics&#038;subtopic=demographic-characteristics&#038;graph=total-population\" class=\"rmff-tab-cta-button cta-button\">Ver todos os gr\u00e1ficos demogr\u00e1ficos<\/a><\/div><div class=\"rmff-tab-image\"><img decoding=\"async\" src=\"https:\/\/rmff.org\/wp-content\/uploads\/2025\/09\/Demographic-Graph.svg\" alt=\"Demographics\"><\/div><\/div><\/div><\/div><\/div>\t\t\t\t<\/div>\n\t\t\t\t<\/div>\n\t\t\t\t\t<\/div>\n\t\t\t\t<\/div>\n\t\t\t\t<\/div>","protected":false},"excerpt":{"rendered":"<p>Pinpointing Needs.Fueling Potential. See Our Work Education Strengthening education and workforce outcomes Health Improving health outcomes Vitality of Indianapolis Creating a more vibrant Indianapolis Our Mission Advancing the Vitality of Indianapolis and the Well-Being of Its People Our Mission In Action $0Min total grantsfrom 1986-2024See All Awarded Grants0grantsfrom 2020-2024Our Funding Process0reportsfrom 2020-2024Browse All Reports0conveningsfrom 2020-2024How [&hellip;]<\/p>\n","protected":false},"author":1,"featured_media":0,"parent":0,"menu_order":0,"comment_status":"closed","ping_status":"closed","template":"","meta":{"_acf_changed":false,"footnotes":""},"class_list":["post-24","page","type-page","status-publish","hentry"],"acf":[],"_links":{"self":[{"href":"https:\/\/rmff.org\/pt\/wp-json\/wp\/v2\/pages\/24","targetHints":{"allow":["GET"]}}],"collection":[{"href":"https:\/\/rmff.org\/pt\/wp-json\/wp\/v2\/pages"}],"about":[{"href":"https:\/\/rmff.org\/pt\/wp-json\/wp\/v2\/types\/page"}],"author":[{"embeddable":true,"href":"https:\/\/rmff.org\/pt\/wp-json\/wp\/v2\/users\/1"}],"replies":[{"embeddable":true,"href":"https:\/\/rmff.org\/pt\/wp-json\/wp\/v2\/comments?post=24"}],"version-history":[{"count":0,"href":"https:\/\/rmff.org\/pt\/wp-json\/wp\/v2\/pages\/24\/revisions"}],"wp:attachment":[{"href":"https:\/\/rmff.org\/pt\/wp-json\/wp\/v2\/media?parent=24"}],"curies":[{"name":"wp","href":"https:\/\/api.w.org\/{rel}","templated":true}]}}