{"id":15464,"date":"2025-09-24T12:36:21","date_gmt":"2025-09-24T12:36:21","guid":{"rendered":"https:\/\/staging.rmff.org\/?page_id=15464"},"modified":"2026-02-23T16:46:01","modified_gmt":"2026-02-23T16:46:01","slug":"board-of-directors","status":"publish","type":"page","link":"https:\/\/rmff.org\/vi\/about\/board-of-directors\/","title":{"rendered":"H\u1ed9i \u0111\u1ed3ng qu\u1ea3n tr\u1ecb"},"content":{"rendered":"<div data-elementor-type=\"wp-page\" data-elementor-id=\"15464\" class=\"elementor elementor-15464\" data-elementor-post-type=\"page\">\n\t\t\t\t<div class=\"elementor-element elementor-element-885a957 e-flex e-con-boxed e-con e-parent\" data-id=\"885a957\" data-element_type=\"container\" data-e-type=\"container\" data-settings=\"{&quot;background_background&quot;:&quot;classic&quot;}\">\n\t\t\t\t\t<div class=\"e-con-inner\">\n\t\t\t\t<div class=\"elementor-element elementor-element-5d4a9ef elementor-widget elementor-widget-rmff-hero\" data-id=\"5d4a9ef\" data-element_type=\"widget\" data-e-type=\"widget\" data-widget_type=\"rmff-hero.default\">\n\t\t\t\t<div class=\"elementor-widget-container\">\n\t\t\t\t\t<div class=\"hero-widget home\"><div class=\"hero-overlay\"><\/div><div class=\"hero-content\"><div class=\"eyebrow-text\">\u0110\u1ed9i ng\u0169 N\u1ec1n t\u1ea3ng<\/div><h1><p>H\u1ed9i \u0111\u1ed3ng qu\u1ea3n tr\u1ecb<\/p><\/h1><\/div><div class=\"hero-video-controls\"><button class=\"hero-pause-btn\" id=\"hero-pause-btn\" style=\"display: none;\"><svg class=\"pause-icon\" viewbox=\"0 0 24 24\" fill=\"currentColor\"><path d=\"M6 19h4V5H6v14zm8-14v14h4V5h-4z\"\/><\/svg><svg class=\"play-icon\" viewbox=\"0 0 24 24\" fill=\"currentColor\" style=\"display: none;\"><path d=\"M8 5v14l11-7z\"\/><\/svg><\/button><\/div><\/div>\t\t\t\t<\/div>\n\t\t\t\t<\/div>\n\t\t\t\t\t<\/div>\n\t\t\t\t<\/div>\n\t\t<div class=\"elementor-element elementor-element-792a928 e-flex e-con-boxed e-con e-parent\" data-id=\"792a928\" data-element_type=\"container\" data-e-type=\"container\">\n\t\t\t\t\t<div class=\"e-con-inner\">\n\t\t\t\t<div class=\"elementor-element elementor-element-1b60caa elementor-widget elementor-widget-text-editor\" data-id=\"1b60caa\" data-element_type=\"widget\" data-e-type=\"widget\" data-widget_type=\"text-editor.default\">\n\t\t\t\t\t\t\t\t\t<p>H\u1ed9i \u0111\u1ed3ng qu\u1ea3n tr\u1ecb c\u1ee7a Qu\u1ef9 Fairbanks g\u1ed3m ch\u00edn th\u00e0nh vi\u00ean, nhi\u1ec1u ng\u01b0\u1eddi trong s\u1ed1 h\u1ecd tham gia \u00edt nh\u1ea5t m\u1ed9t \u1ee7y ban.<\/p>\t\t\t\t\t\t\t\t<\/div>\n\t\t<div class=\"elementor-element elementor-element-a482966 e-con-full e-flex e-con e-child\" data-id=\"a482966\" data-element_type=\"container\" data-e-type=\"container\">\n\t\t<div class=\"elementor-element elementor-element-b590c65 e-con-full e-flex e-con e-child\" data-id=\"b590c65\" data-element_type=\"container\" data-e-type=\"container\">\n\t\t\t\t<div class=\"elementor-element elementor-element-4f74721 elementor-widget elementor-widget-heading\" data-id=\"4f74721\" data-element_type=\"widget\" data-e-type=\"widget\" data-widget_type=\"heading.default\">\n\t\t\t\t\t<h3 class=\"elementor-heading-title elementor-size-default\">H\u1ed9i \u0111\u1ed3ng qu\u1ea3n tr\u1ecb<\/h3>\t\t\t\t<\/div>\n\t\t\t\t<div class=\"elementor-element elementor-element-5086b49 elementor-widget elementor-widget-text-editor\" data-id=\"5086b49\" data-element_type=\"widget\" data-e-type=\"widget\" data-widget_type=\"text-editor.default\">\n\t\t\t\t\t\t\t\t\t<ul><li><strong>Daniel C. Appel, Ch\u1ee7 t\u1ecbch<br \/><\/strong>C\u1ef1u Gi\u00e1m \u0111\u1ed1c \u0110i\u1ec1u h\u00e0nh v\u00e0 Ch\u1ee7 t\u1ecbch, C\u00f4ng ty B\u1ea3o hi\u1ec3m Gregory &amp; Appel<\/li><li><strong>Amandula N. Anderson<\/strong><br \/>Ph\u00f3 Ch\u1ee7 t\u1ecbch Th\u1ee9 nh\u1ea5t &amp; Gi\u00e1m \u0111\u1ed1c D\u1ecbch v\u1ee5 Phi l\u1ee3i nhu\u1eadn, Ng\u00e2n h\u00e0ng Qu\u1ed1c gia Indianapolis<\/li><li><strong>Zainab Bass<\/strong><br \/>Gi\u00e1m \u0111\u1ed1c, C\u00f4ng ty Periculum Capital<\/li><li><strong>Christopher M. Callahan, B\u00e1c s\u0129 Y khoa, Th\u00e0nh vi\u00ean Hi\u1ec7p h\u1ed9i B\u00e1c s\u0129 N\u1ed9i khoa Hoa K\u1ef3 (FACP)<\/strong><br \/>Gi\u00e1o s\u01b0 Pettinga v\u1ec1 Y h\u1ecdc v\u00e0 Gi\u00e1m \u0111\u1ed1c Trung t\u00e2m Nghi\u00ean c\u1ee9u L\u00e3o h\u00f3a, Tr\u01b0\u1eddng Y khoa \u0110\u1ea1i h\u1ecdc Indiana, v\u00e0 Gi\u00e1m \u0111\u1ed1c Nghi\u00ean c\u1ee9u v\u00e0 Ph\u00e1t tri\u1ec3n, Eskenazi Health.<\/li><li><strong>Jonathan B. Fairbanks<\/strong><br \/>\u0110\u1ed1i t\u00e1c v\u00e0 \u0110\u1ed3ng s\u00e1ng l\u1eadp, Global Energy Capital<\/li><li><strong>Jeffrey A. Harrison<\/strong><br \/>Ch\u1ee7 t\u1ecbch v\u00e0 Gi\u00e1m \u0111\u1ed1c \u0110i\u1ec1u h\u00e0nh, T\u1eadp \u0111o\u00e0n N\u0103ng l\u01b0\u1ee3ng C\u00f4ng d\u00e2n<\/li><li><strong>Chris Lowery<\/strong><br \/>C\u1ef1u \u1ee6y vi\u00ean Gi\u00e1o d\u1ee5c \u0110\u1ea1i h\u1ecdc bang Indiana<\/li><li><strong>Bryan A. Mills<\/strong><br \/>C\u1ef1u Ch\u1ee7 t\u1ecbch v\u00e0 Gi\u00e1m \u0111\u1ed1c \u0110i\u1ec1u h\u00e0nh, M\u1ea1ng l\u01b0\u1edbi Y t\u1ebf C\u1ed9ng \u0111\u1ed3ng<\/li><li><strong>Mario Rodriguez<\/strong><br \/>Gi\u00e1m \u0111\u1ed1c \u0110i\u1ec1u h\u00e0nh, C\u1ee5c H\u00e0ng kh\u00f4ng S\u00e2n bay Indianapolis<\/li><\/ul>\t\t\t\t\t\t\t\t<\/div>\n\t\t\t\t<\/div>\n\t\t<div class=\"elementor-element elementor-element-20b4b86 e-con-full e-flex e-con e-child\" data-id=\"20b4b86\" data-element_type=\"container\" data-e-type=\"container\">\n\t\t\t\t<div class=\"elementor-element elementor-element-58269cc elementor-widget elementor-widget-heading\" data-id=\"58269cc\" data-element_type=\"widget\" data-e-type=\"widget\" data-widget_type=\"heading.default\">\n\t\t\t\t\t<h3 class=\"elementor-heading-title elementor-size-default\">\u1ee6y ban Ki\u1ec3m to\u00e1n<\/h3>\t\t\t\t<\/div>\n\t\t\t\t<div class=\"elementor-element elementor-element-54da323 elementor-widget elementor-widget-text-editor\" data-id=\"54da323\" data-element_type=\"widget\" data-e-type=\"widget\" data-widget_type=\"text-editor.default\">\n\t\t\t\t\t\t\t\t\t<ul><li>Christopher M. Callahan, Ch\u1ee7 t\u1ecbch<\/li><li>Amandula N. Anderson<\/li><li>Chris Lowery<\/li><li>Bryan A. Mills<\/li><\/ul>\t\t\t\t\t\t\t\t<\/div>\n\t\t\t\t<div class=\"elementor-element elementor-element-d23bc1e elementor-widget elementor-widget-heading\" data-id=\"d23bc1e\" data-element_type=\"widget\" data-e-type=\"widget\" data-widget_type=\"heading.default\">\n\t\t\t\t\t<h3 class=\"elementor-heading-title elementor-size-default\">\u1ee6y ban \u0110\u1ea7u t\u01b0<\/h3>\t\t\t\t<\/div>\n\t\t\t\t<div class=\"elementor-element elementor-element-85d97a7 elementor-widget elementor-widget-text-editor\" data-id=\"85d97a7\" data-element_type=\"widget\" data-e-type=\"widget\" data-widget_type=\"text-editor.default\">\n\t\t\t\t\t\t\t\t\t<ul class=\"wp-block-list\"><li>Daniel C. Appel, Ch\u1ee7 t\u1ecbch<\/li><li>Zainab Bass<\/li><li>Jonathan B. Fairbanks<\/li><\/ul>\t\t\t\t\t\t\t\t<\/div>\n\t\t\t\t<div class=\"elementor-element elementor-element-d8ee161 elementor-widget elementor-widget-heading\" data-id=\"d8ee161\" data-element_type=\"widget\" data-e-type=\"widget\" data-widget_type=\"heading.default\">\n\t\t\t\t\t<h3 class=\"elementor-heading-title elementor-size-default\">\u1ee6y ban B\u1ed3i th\u01b0\u1eddng<\/h3>\t\t\t\t<\/div>\n\t\t\t\t<div class=\"elementor-element elementor-element-5745a40 elementor-widget elementor-widget-text-editor\" data-id=\"5745a40\" data-element_type=\"widget\" data-e-type=\"widget\" data-widget_type=\"text-editor.default\">\n\t\t\t\t\t\t\t\t\t<ul class=\"wp-block-list\"><li>Jeffrey A. Harrison, Ch\u1ee7 t\u1ecbch<\/li><li>Daniel C. Appel<\/li><li>Bryan A. Mills<\/li><\/ul>\t\t\t\t\t\t\t\t<\/div>\n\t\t\t\t<div class=\"elementor-element elementor-element-1453b00 elementor-widget elementor-widget-heading\" data-id=\"1453b00\" data-element_type=\"widget\" data-e-type=\"widget\" data-widget_type=\"heading.default\">\n\t\t\t\t\t<h3 class=\"elementor-heading-title elementor-size-default\">C\u00e1n b\u1ed9<\/h3>\t\t\t\t<\/div>\n\t\t\t\t<div class=\"elementor-element elementor-element-c3bc227 elementor-widget elementor-widget-text-editor\" data-id=\"c3bc227\" data-element_type=\"widget\" data-e-type=\"widget\" data-widget_type=\"text-editor.default\">\n\t\t\t\t\t\t\t\t\t<ul class=\"wp-block-list\"><li>Claire Fiddian-Green, Ch\u1ee7 t\u1ecbch v\u00e0 Gi\u00e1m \u0111\u1ed1c \u0110i\u1ec1u h\u00e0nh<\/li><li>Andrea Farmer, Secretary<\/li><li>Kevin Kessinger, K\u1ebf to\u00e1n tr\u01b0\u1edfng<\/li><\/ul>\t\t\t\t\t\t\t\t<\/div>\n\t\t\t\t<\/div>\n\t\t\t\t<\/div>\n\t\t\t\t\t<\/div>\n\t\t\t\t<\/div>\n\t\t\t\t<\/div>","protected":false},"excerpt":{"rendered":"<p>Foundation Team Board of Directors The Fairbanks Foundation&#8217;s board of directors is made up of nine members, many of whom serve on at least one committee. Board of Directors Daniel C. Appel, ChairRetired CEO and Chairman, Gregory &amp; Appel Insurance Amandula N. AndersonFirst Vice President &amp; Manager, Nonprofit Services, The National Bank of Indianapolis Zainab [&hellip;]<\/p>\n","protected":false},"author":1,"featured_media":0,"parent":16202,"menu_order":0,"comment_status":"closed","ping_status":"closed","template":"","meta":{"_acf_changed":false,"footnotes":""},"class_list":["post-15464","page","type-page","status-publish","hentry"],"acf":[],"_links":{"self":[{"href":"https:\/\/rmff.org\/vi\/wp-json\/wp\/v2\/pages\/15464","targetHints":{"allow":["GET"]}}],"collection":[{"href":"https:\/\/rmff.org\/vi\/wp-json\/wp\/v2\/pages"}],"about":[{"href":"https:\/\/rmff.org\/vi\/wp-json\/wp\/v2\/types\/page"}],"author":[{"embeddable":true,"href":"https:\/\/rmff.org\/vi\/wp-json\/wp\/v2\/users\/1"}],"replies":[{"embeddable":true,"href":"https:\/\/rmff.org\/vi\/wp-json\/wp\/v2\/comments?post=15464"}],"version-history":[{"count":0,"href":"https:\/\/rmff.org\/vi\/wp-json\/wp\/v2\/pages\/15464\/revisions"}],"up":[{"embeddable":true,"href":"https:\/\/rmff.org\/vi\/wp-json\/wp\/v2\/pages\/16202"}],"wp:attachment":[{"href":"https:\/\/rmff.org\/vi\/wp-json\/wp\/v2\/media?parent=15464"}],"curies":[{"name":"wp","href":"https:\/\/api.w.org\/{rel}","templated":true}]}}