{"id":16185,"date":"2025-10-07T18:44:45","date_gmt":"2025-10-07T18:44:45","guid":{"rendered":"https:\/\/staging.rmff.org\/?page_id=16185"},"modified":"2025-12-03T16:56:28","modified_gmt":"2025-12-03T16:56:28","slug":"goals-2025-2029","status":"publish","type":"page","link":"https:\/\/rmff.org\/vi\/about\/goals-2025-2029\/","title":{"rendered":"M\u1ee5c ti\u00eau: 2025-2029"},"content":{"rendered":"<div data-elementor-type=\"wp-page\" data-elementor-id=\"16185\" class=\"elementor elementor-16185\" data-elementor-post-type=\"page\">\n\t\t\t\t<div class=\"elementor-element elementor-element-7f1dde9 e-flex e-con-boxed e-con e-parent\" data-id=\"7f1dde9\" data-element_type=\"container\" data-e-type=\"container\" data-settings=\"{&quot;background_background&quot;:&quot;classic&quot;}\">\n\t\t\t\t\t<div class=\"e-con-inner\">\n\t\t\t\t<div class=\"elementor-element elementor-element-1c9317f elementor-widget elementor-widget-rmff-hero\" data-id=\"1c9317f\" data-element_type=\"widget\" data-e-type=\"widget\" data-widget_type=\"rmff-hero.default\">\n\t\t\t\t<div class=\"elementor-widget-container\">\n\t\t\t\t\t<div class=\"hero-widget home\"><div class=\"hero-overlay\"><\/div><div class=\"hero-content\"><div class=\"eyebrow-text\">V\u1ec1 Qu\u1ef9<\/div><h1><p>Goals: 2025\u20132029<\/p><\/h1><\/div><div class=\"hero-video-controls\"><button class=\"hero-pause-btn\" id=\"hero-pause-btn\" style=\"display: none;\"><svg class=\"pause-icon\" viewbox=\"0 0 24 24\" fill=\"currentColor\"><path d=\"M6 19h4V5H6v14zm8-14v14h4V5h-4z\"\/><\/svg><svg class=\"play-icon\" viewbox=\"0 0 24 24\" fill=\"currentColor\" style=\"display: none;\"><path d=\"M8 5v14l11-7z\"\/><\/svg><\/button><\/div><\/div>\t\t\t\t<\/div>\n\t\t\t\t<\/div>\n\t\t\t\t\t<\/div>\n\t\t\t\t<\/div>\n\t\t<div class=\"elementor-element elementor-element-403796f e-flex e-con-boxed e-con e-parent\" data-id=\"403796f\" data-element_type=\"container\" data-e-type=\"container\">\n\t\t\t\t\t<div class=\"e-con-inner\">\n\t\t\t\t<div class=\"elementor-element elementor-element-55d10e9 elementor-widget elementor-widget-heading\" data-id=\"55d10e9\" data-element_type=\"widget\" data-e-type=\"widget\" data-widget_type=\"heading.default\">\n\t\t\t\t\t<h2 class=\"elementor-heading-title elementor-size-default\">Looking to the Future <\/h2>\t\t\t\t<\/div>\n\t\t\t\t<div class=\"elementor-element elementor-element-71bfeb2 elementor-widget elementor-widget-text-editor\" data-id=\"71bfeb2\" data-element_type=\"widget\" data-e-type=\"widget\" data-widget_type=\"text-editor.default\">\n\t\t\t\t\t\t\t\t\t<p>As we look to the future, the Richard M. Fairbanks Foundation remains dedicated to our three focus areas: <a href=\"\/funding\/education\">Gi\u00e1o d\u1ee5c<\/a>, <a href=\"\/funding\/health\">S\u1ee9c kh\u1ecfe<\/a>, and the <a href=\"\/funding\/vitality-of-indianapolis\">S\u1ef1 s\u00f4i \u0111\u1ed9ng c\u1ee7a Indianapolis<\/a>. In February 2025, the Fairbanks Foundation\u2019s board of directors approved new goals and strategies to guide our work through 2029.<\/p>\t\t\t\t\t\t\t\t<\/div>\n\t\t\t\t<div class=\"elementor-element elementor-element-6bf17a9 elementor-widget elementor-widget-heading\" data-id=\"6bf17a9\" data-element_type=\"widget\" data-e-type=\"widget\" data-widget_type=\"heading.default\">\n\t\t\t\t\t<h3 class=\"elementor-heading-title elementor-size-default\">Gi\u00e1o d\u1ee5c<\/h3>\t\t\t\t<\/div>\n\t\t\t\t<div class=\"elementor-element elementor-element-d1aed2d elementor-widget elementor-widget-text-editor\" data-id=\"d1aed2d\" data-element_type=\"widget\" data-e-type=\"widget\" data-widget_type=\"text-editor.default\">\n\t\t\t\t\t\t\t\t\t<p>M\u1ed9t n\u1ec1n gi\u00e1o d\u1ee5c t\u1ed1t m\u1edf ra nh\u1eefng c\u01a1 h\u1ed9i m\u1edbi. Tuy nhi\u00ean, t\u1ea1i Indianapolis v\u00e0 tr\u00ean to\u00e0n bang, nhi\u1ec1u h\u1ecdc sinh ti\u1ec3u h\u1ecdc v\u00e0 trung h\u1ecdc c\u01a1 s\u1edf kh\u00f4ng \u0111\u1ea1t y\u00eau c\u1ea7u \u1edf c\u00e1c m\u00f4n h\u1ecdc nh\u01b0 to\u00e1n v\u00e0 ti\u1ebfng Anh. H\u1eadu qu\u1ea3 l\u00e0 m\u1ed9t s\u1ed1 h\u1ecdc sinh Indiana t\u1ed1t nghi\u1ec7p trung h\u1ecdc m\u00e0 kh\u00f4ng \u0111\u1ee7 kh\u1ea3 n\u0103ng theo h\u1ecdc \u0111\u1ea1i h\u1ecdc ho\u1eb7c l\u00e0m c\u00e1c c\u00f4ng vi\u1ec7c c\u00f3 nhu c\u1ea7u cao. Trong khi \u0111\u00f3, c\u00e1c nh\u00e0 tuy\u1ec3n d\u1ee5ng g\u1eb7p kh\u00f3 kh\u0103n trong vi\u1ec7c t\u00ecm ki\u1ebfm nh\u00e2n l\u1ef1c c\u00f3 k\u1ef9 n\u0103ng \u0111\u1ec3 l\u1ea5p \u0111\u1ea7y c\u00e1c v\u1ecb tr\u00ed tr\u1ed1ng.<\/p><p><strong>M\u1ee5c ti\u00eau c\u1ee7a ch\u00fang t\u00f4i<\/strong> <br \/>N\u00e2ng cao k\u1ebft qu\u1ea3 h\u1ecdc t\u1eadp c\u1ee7a h\u1ecdc sinh v\u00e0 gi\u1ea3i quy\u1ebft kho\u1ea3ng c\u00e1ch k\u1ef9 n\u0103ng trong l\u1ef1c l\u01b0\u1ee3ng lao \u0111\u1ed9ng.<\/p><p><strong>C\u00e1c chi\u1ebfn l\u01b0\u1ee3c c\u1ee7a ch\u00fang t\u00f4i<\/strong><\/p><ul><li>\u00c1p d\u1ee5ng c\u00e1c ph\u01b0\u01a1ng ph\u00e1p d\u1ef1a tr\u00ean b\u1eb1ng ch\u1ee9ng v\u00e0 c\u00f3 tri\u1ec3n v\u1ecdng \u0111\u1ec3 gi\u00fap h\u1ecdc sinh chu\u1ea9n b\u1ecb th\u00e0nh c\u00f4ng v\u00e0 \u0111\u0103ng k\u00fd v\u00e0o \u0111\u1ea1i h\u1ecdc.<\/li><li>H\u1ed7 tr\u1ee3 thi\u1ebft k\u1ebf v\u00e0 tri\u1ec3n khai th\u00e0nh c\u00f4ng Ch\u01b0\u01a1ng tr\u00ecnh \u0110\u00e0o t\u1ea1o Ngh\u1ec1 nghi\u1ec7p Indiana (Indiana Career Apprenticeship Pathway), con \u0111\u01b0\u1eddng \u0111\u00e0o t\u1ea1o v\u00e0 gi\u00e1o d\u1ee5c ngh\u1ec1 nghi\u1ec7p m\u1edbi c\u1ee7a Indiana.<\/li><\/ul>\t\t\t\t\t\t\t\t<\/div>\n\t\t\t\t<div class=\"elementor-element elementor-element-00918df elementor-widget elementor-widget-spacer\" data-id=\"00918df\" data-element_type=\"widget\" data-e-type=\"widget\" data-widget_type=\"spacer.default\">\n\t\t\t\t\t\t\t<div class=\"elementor-spacer\">\n\t\t\t<div class=\"elementor-spacer-inner\"><\/div>\n\t\t<\/div>\n\t\t\t\t\t\t<\/div>\n\t\t\t\t<div class=\"elementor-element elementor-element-8c3018d secondary white elementor-widget elementor-widget-button\" data-id=\"8c3018d\" data-element_type=\"widget\" data-e-type=\"widget\" data-widget_type=\"button.default\">\n\t\t\t\t\t\t\t\t\t\t<a class=\"elementor-button elementor-button-link elementor-size-sm\" href=\"\/funding\/education\">\n\t\t\t\t\t\t<span class=\"elementor-button-content-wrapper\">\n\t\t\t\t\t\t\t\t\t<span class=\"elementor-button-text\">Learn More About Our Education Focus Area<\/span>\n\t\t\t\t\t<\/span>\n\t\t\t\t\t<\/a>\n\t\t\t\t\t\t\t\t<\/div>\n\t\t\t\t<div class=\"elementor-element elementor-element-487d582 elementor-widget elementor-widget-spacer\" data-id=\"487d582\" data-element_type=\"widget\" data-e-type=\"widget\" data-widget_type=\"spacer.default\">\n\t\t\t\t\t\t\t<div class=\"elementor-spacer\">\n\t\t\t<div class=\"elementor-spacer-inner\"><\/div>\n\t\t<\/div>\n\t\t\t\t\t\t<\/div>\n\t\t\t\t<div class=\"elementor-element elementor-element-28f0244 elementor-widget elementor-widget-heading\" data-id=\"28f0244\" data-element_type=\"widget\" data-e-type=\"widget\" data-widget_type=\"heading.default\">\n\t\t\t\t\t<h3 class=\"elementor-heading-title elementor-size-default\">S\u1ee9c kh\u1ecfe<\/h3>\t\t\t\t<\/div>\n\t\t\t\t<div class=\"elementor-element elementor-element-fd447a6 elementor-widget elementor-widget-text-editor\" data-id=\"fd447a6\" data-element_type=\"widget\" data-e-type=\"widget\" data-widget_type=\"text-editor.default\">\n\t\t\t\t\t\t\t\t\t<p>For both children and adults, good health is essential for success in life. Unfortunately, Indianapolis ranks at or near the bottom of almost every measure of public health and healthy living. Poor health outcomes reduce quality of life, increase healthcare costs, and lower productivity.<\/p><p><strong>M\u1ee5c ti\u00eau c\u1ee7a ch\u00fang t\u00f4i<\/strong><br \/>Improve the health of people in Indianapolis.<\/p><p><strong>Our Strategy<\/strong><\/p><ul><li>Identify transformational approaches that will improve health outcomes.\u00a0<\/li><\/ul>\t\t\t\t\t\t\t\t<\/div>\n\t\t\t\t<div class=\"elementor-element elementor-element-a7eea35 elementor-widget elementor-widget-spacer\" data-id=\"a7eea35\" data-element_type=\"widget\" data-e-type=\"widget\" data-widget_type=\"spacer.default\">\n\t\t\t\t\t\t\t<div class=\"elementor-spacer\">\n\t\t\t<div class=\"elementor-spacer-inner\"><\/div>\n\t\t<\/div>\n\t\t\t\t\t\t<\/div>\n\t\t\t\t<div class=\"elementor-element elementor-element-a5eef9f secondary white elementor-widget elementor-widget-button\" data-id=\"a5eef9f\" data-element_type=\"widget\" data-e-type=\"widget\" data-widget_type=\"button.default\">\n\t\t\t\t\t\t\t\t\t\t<a class=\"elementor-button elementor-button-link elementor-size-sm\" href=\"\/funding\/health\">\n\t\t\t\t\t\t<span class=\"elementor-button-content-wrapper\">\n\t\t\t\t\t\t\t\t\t<span class=\"elementor-button-text\">Learn More About Our Health Focus Area<\/span>\n\t\t\t\t\t<\/span>\n\t\t\t\t\t<\/a>\n\t\t\t\t\t\t\t\t<\/div>\n\t\t\t\t<div class=\"elementor-element elementor-element-ae6e814 elementor-widget elementor-widget-spacer\" data-id=\"ae6e814\" data-element_type=\"widget\" data-e-type=\"widget\" data-widget_type=\"spacer.default\">\n\t\t\t\t\t\t\t<div class=\"elementor-spacer\">\n\t\t\t<div class=\"elementor-spacer-inner\"><\/div>\n\t\t<\/div>\n\t\t\t\t\t\t<\/div>\n\t\t\t\t<div class=\"elementor-element elementor-element-f2663ed elementor-widget elementor-widget-heading\" data-id=\"f2663ed\" data-element_type=\"widget\" data-e-type=\"widget\" data-widget_type=\"heading.default\">\n\t\t\t\t\t<h3 class=\"elementor-heading-title elementor-size-default\">S\u1ef1 s\u00f4i \u0111\u1ed9ng c\u1ee7a Indianapolis <\/h3>\t\t\t\t<\/div>\n\t\t\t\t<div class=\"elementor-element elementor-element-c2118c6 elementor-widget elementor-widget-text-editor\" data-id=\"c2118c6\" data-element_type=\"widget\" data-e-type=\"widget\" data-widget_type=\"text-editor.default\">\n\t\t\t\t\t\t\t\t\t<p>As one of the largest cities in the country, Indianapolis is home to a vibrant community and a wide array of industries, from manufacturing and logistics to healthcare and hospitality. Attracting and retaining talent, fostering innovation, and offering a high quality of life for the people of our city is essential to ensuring the vitality of Indianapolis.<\/p><p><strong>M\u1ee5c ti\u00eau c\u1ee7a ch\u00fang t\u00f4i<\/strong><br \/>Create a more vibrant Indianapolis.<\/p><p><strong>Our Strategy<br \/><\/strong><\/p><ul><li>Identify potentially high-impact grant opportunities consistent with the Foundation\u2019s core values.<\/li><\/ul><p>This focus area also includes two categories of grants, which align with Dick Fairbanks\u2019 wishes when he presided over the Foundation:<\/p><ul><li>Family Legacy grants, which are awarded to select organizations designated by Dick Fairbanks during his lifetime or that support the Fairbanks family\u2019s legacy in Indianapolis.<\/li><li>The Charitable Grants program, one-time $25,000 grants to tax-exempt Indianapolis organizations based on an annual funding theme that reflects pressing needs in our city. Organizations cannot apply for this funding.<\/li><\/ul>\t\t\t\t\t\t\t\t<\/div>\n\t\t\t\t<div class=\"elementor-element elementor-element-86bc104 elementor-widget elementor-widget-spacer\" data-id=\"86bc104\" data-element_type=\"widget\" data-e-type=\"widget\" data-widget_type=\"spacer.default\">\n\t\t\t\t\t\t\t<div class=\"elementor-spacer\">\n\t\t\t<div class=\"elementor-spacer-inner\"><\/div>\n\t\t<\/div>\n\t\t\t\t\t\t<\/div>\n\t\t\t\t<div class=\"elementor-element elementor-element-feee67a secondary white elementor-widget elementor-widget-button\" data-id=\"feee67a\" data-element_type=\"widget\" data-e-type=\"widget\" data-widget_type=\"button.default\">\n\t\t\t\t\t\t\t\t\t\t<a class=\"elementor-button elementor-button-link elementor-size-sm\" href=\"\/funding\/vitality-of-indianapolis\">\n\t\t\t\t\t\t<span class=\"elementor-button-content-wrapper\">\n\t\t\t\t\t\t\t\t\t<span class=\"elementor-button-text\"> Learn More About Our Vitality of Indianapolis Focus Area<\/span>\n\t\t\t\t\t<\/span>\n\t\t\t\t\t<\/a>\n\t\t\t\t\t\t\t\t<\/div>\n\t\t\t\t<div class=\"elementor-element elementor-element-05d358a elementor-widget elementor-widget-spacer\" data-id=\"05d358a\" data-element_type=\"widget\" data-e-type=\"widget\" data-widget_type=\"spacer.default\">\n\t\t\t\t\t\t\t<div class=\"elementor-spacer\">\n\t\t\t<div class=\"elementor-spacer-inner\"><\/div>\n\t\t<\/div>\n\t\t\t\t\t\t<\/div>\n\t\t\t\t\t<\/div>\n\t\t\t\t<\/div>\n\t\t<div class=\"elementor-element elementor-element-3a7f741 e-flex e-con-boxed e-con e-parent\" data-id=\"3a7f741\" data-element_type=\"container\" data-e-type=\"container\" data-settings=\"{&quot;background_background&quot;:&quot;classic&quot;}\">\n\t\t\t\t\t<div class=\"e-con-inner\">\n\t\t\t\t<div class=\"elementor-element elementor-element-1076c52 elementor-widget elementor-widget-rmff-split-promo\" data-id=\"1076c52\" data-element_type=\"widget\" data-e-type=\"widget\" data-widget_type=\"rmff-split-promo.default\">\n\t\t\t\t<div class=\"elementor-widget-container\">\n\t\t\t\t\t        <div class=\"rmff-split-promo-widget rmff-split-promo--equal\">\n            <!-- General Header -->\n            \n            <!-- Panels Container -->\n            <div class=\"rmff-split-promo-panels fade-in-up\">\n                <!-- Left Panel -->\n                <div class=\"rmff-split-promo-panel rmff-split-promo-panel--left rmff-split-promo-panel--no-image\">\n                    <div class=\"rmff-split-promo-content\">\n                                                    <h3 class=\"rmff-split-promo-header\">Our Inquiry Process <\/h3>\n                                                \n                        <div class=\"rmff-split-promo-body-image-container\">\n                                                            <div class=\"rmff-split-promo-body\"><p><strong>The Fairbanks Foundation does not accept unsolicited proposals.<\/strong><\/p><p>For information on how to inquire about a grant, visit our <a href=\"https:\/\/rmff.org\/grants\/the-grants-process\/\" target=\"_blank\" rel=\"noopener\">Grants Process<\/a> page.\u00a0<\/p><\/div>\n                                                        \n                                                    <\/div>\n                        \n                                                \n                        <!-- Mobile Image (hidden on desktop) -->\n                                            <\/div>\n                <\/div>\n\n                <!-- Divider -->\n                <div class=\"rmff-split-promo-divider\"><\/div>\n\n                <!-- Right Panel -->\n                <div class=\"rmff-split-promo-panel rmff-split-promo-panel--right rmff-split-promo-panel--no-image\">\n                    <div class=\"rmff-split-promo-content\">\n                                                    <h3 class=\"rmff-split-promo-header\">Currently Accepting Inquiries <\/h3>\n                                                \n                        <div class=\"rmff-split-promo-body-image-container\">\n                                                            <div class=\"rmff-split-promo-body\">\n                                    <ul class=\"rmff-split-promo-checklist\">\n                                                                                    <li class=\"rmff-split-promo-checklist-item\">\n                                                <span class=\"rmff-split-promo-checklist-icon\">\n                                                                                                            <svg width=\"26\" height=\"25\" viewbox=\"0 0 26 25\" fill=\"none\" xmlns=\"http:\/\/www.w3.org\/2000\/svg\">\n                                                            <mask id=\"mask0_2325_6176\" style=\"mask-type:alpha\" maskunits=\"userSpaceOnUse\" x=\"0\" y=\"0\" width=\"26\" height=\"26\">\n                                                                <rect x=\"0.5\" y=\"0.000366211\" width=\"25\" height=\"25\" fill=\"#D9D9D9\"\/>\n                                                            <\/mask>\n                                                            <g mask=\"url(#mask0_2325_6176)\">\n                                                                <path d=\"M11.1887 20.8055L3.91531 15.5047L5.68221 13.0803L10.5312 16.6141L19.9546 3.68359L22.3791 5.4505L11.1887 20.8055Z\" fill=\"#007967\"\/>\n                                                            <\/g>\n                                                        <\/svg>\n                                                                                                    <\/span>\n                                                <span class=\"rmff-split-promo-checklist-label\">Gi\u00e1o d\u1ee5c<\/span>\n                                            <\/li>\n                                                                                    <li class=\"rmff-split-promo-checklist-item\">\n                                                <span class=\"rmff-split-promo-checklist-icon\">\n                                                                                                            <svg width=\"26\" height=\"25\" viewbox=\"0 0 26 25\" fill=\"none\" xmlns=\"http:\/\/www.w3.org\/2000\/svg\">\n                                                            <mask id=\"mask0_2325_6183\" style=\"mask-type:alpha\" maskunits=\"userSpaceOnUse\" x=\"0\" y=\"0\" width=\"26\" height=\"26\">\n                                                                <rect x=\"0.5\" y=\"0.000366211\" width=\"25\" height=\"25\" fill=\"#D9D9D9\"\/>\n                                                            <\/mask>\n                                                            <g mask=\"url(#mask0_2325_6183)\">\n                                                                <path d=\"M15.6213 11.4354L21.2782 17.0922L19.1569 19.2136L13.5 13.5567L7.84315 19.2136L5.72183 17.0922L11.3787 11.4354L5.72183 5.77854L7.84315 3.65722L13.5 9.31407L19.1569 3.65722L21.2782 5.77854L15.6213 11.4354Z\" fill=\"#B83D41\"\/>\n                                                            <\/g>\n                                                        <\/svg>\n                                                                                                    <\/span>\n                                                <span class=\"rmff-split-promo-checklist-label\">S\u1ee9c kh\u1ecfe<\/span>\n                                            <\/li>\n                                                                                    <li class=\"rmff-split-promo-checklist-item\">\n                                                <span class=\"rmff-split-promo-checklist-icon\">\n                                                                                                            <svg width=\"26\" height=\"25\" viewbox=\"0 0 26 25\" fill=\"none\" xmlns=\"http:\/\/www.w3.org\/2000\/svg\">\n                                                            <mask id=\"mask0_2325_6183\" style=\"mask-type:alpha\" maskunits=\"userSpaceOnUse\" x=\"0\" y=\"0\" width=\"26\" height=\"26\">\n                                                                <rect x=\"0.5\" y=\"0.000366211\" width=\"25\" height=\"25\" fill=\"#D9D9D9\"\/>\n                                                            <\/mask>\n                                                            <g mask=\"url(#mask0_2325_6183)\">\n                                                                <path d=\"M15.6213 11.4354L21.2782 17.0922L19.1569 19.2136L13.5 13.5567L7.84315 19.2136L5.72183 17.0922L11.3787 11.4354L5.72183 5.77854L7.84315 3.65722L13.5 9.31407L19.1569 3.65722L21.2782 5.77854L15.6213 11.4354Z\" fill=\"#B83D41\"\/>\n                                                            <\/g>\n                                                        <\/svg>\n                                                                                                    <\/span>\n                                                <span class=\"rmff-split-promo-checklist-label\">S\u1ef1 s\u00f4i \u0111\u1ed9ng c\u1ee7a Indianapolis<\/span>\n                                            <\/li>\n                                                                            <\/ul>\n                                <\/div>\n                                                        \n                                                    <\/div>\n                        \n                                                \n                        <!-- Mobile Image (hidden on desktop) -->\n                                            <\/div>\n                <\/div>\n            <\/div>\n        <\/div>\n        \t\t\t\t<\/div>\n\t\t\t\t<\/div>\n\t\t\t\t\t<\/div>\n\t\t\t\t<\/div>\n\t\t\t\t<\/div>","protected":false},"excerpt":{"rendered":"<p>About The Foundation Goals: 2025\u20132029 Looking to the Future As we look to the future, the Richard M. Fairbanks Foundation remains dedicated to our three focus areas: Education, Health, and the Vitality of Indianapolis. In February 2025, the Fairbanks Foundation\u2019s board of directors approved new goals and strategies to guide our work through 2029. Education [&hellip;]<\/p>\n","protected":false},"author":1,"featured_media":0,"parent":16202,"menu_order":0,"comment_status":"closed","ping_status":"closed","template":"","meta":{"_acf_changed":false,"footnotes":""},"class_list":["post-16185","page","type-page","status-publish","hentry"],"acf":[],"_links":{"self":[{"href":"https:\/\/rmff.org\/vi\/wp-json\/wp\/v2\/pages\/16185","targetHints":{"allow":["GET"]}}],"collection":[{"href":"https:\/\/rmff.org\/vi\/wp-json\/wp\/v2\/pages"}],"about":[{"href":"https:\/\/rmff.org\/vi\/wp-json\/wp\/v2\/types\/page"}],"author":[{"embeddable":true,"href":"https:\/\/rmff.org\/vi\/wp-json\/wp\/v2\/users\/1"}],"replies":[{"embeddable":true,"href":"https:\/\/rmff.org\/vi\/wp-json\/wp\/v2\/comments?post=16185"}],"version-history":[{"count":0,"href":"https:\/\/rmff.org\/vi\/wp-json\/wp\/v2\/pages\/16185\/revisions"}],"up":[{"embeddable":true,"href":"https:\/\/rmff.org\/vi\/wp-json\/wp\/v2\/pages\/16202"}],"wp:attachment":[{"href":"https:\/\/rmff.org\/vi\/wp-json\/wp\/v2\/media?parent=16185"}],"curies":[{"name":"wp","href":"https:\/\/api.w.org\/{rel}","templated":true}]}}