{"id":24,"date":"2025-08-19T20:12:22","date_gmt":"2025-08-19T20:12:22","guid":{"rendered":"https:\/\/rmff2025.test\/?page_id=24"},"modified":"2026-03-19T20:22:52","modified_gmt":"2026-03-19T20:22:52","slug":"home","status":"publish","type":"page","link":"https:\/\/rmff.org\/vi\/","title":{"rendered":"Trang ch\u1ee7"},"content":{"rendered":"<div data-elementor-type=\"wp-page\" data-elementor-id=\"24\" class=\"elementor elementor-24\" data-elementor-post-type=\"page\">\n\t\t\t\t<div class=\"elementor-element elementor-element-814d305 hero-video e-flex e-con-boxed e-con e-parent\" data-id=\"814d305\" data-element_type=\"container\" data-e-type=\"container\" data-settings=\"{&quot;background_background&quot;:&quot;video&quot;,&quot;background_video_link&quot;:&quot;\\\/wp-content\\\/uploads\\\/2025\\\/11\\\/RMFF-Hero-Video.mp4&quot;,&quot;background_play_on_mobile&quot;:&quot;yes&quot;}\">\n\t\t\t\t\t<div class=\"e-con-inner\">\n\t\t<div class=\"elementor-background-video-container\">\n\t\t\t\t\t\t\t<video class=\"elementor-background-video-hosted\" role=\"presentation\" autoplay muted playsinline loop><\/video>\n\t\t\t\t\t<\/div>\t\t<div class=\"elementor-element elementor-element-ac593a4 elementor-widget elementor-widget-rmff-hero\" data-id=\"ac593a4\" data-element_type=\"widget\" data-e-type=\"widget\" data-widget_type=\"rmff-hero.default\">\n\t\t\t\t<div class=\"elementor-widget-container\">\n\t\t\t\t\t<div class=\"hero-widget home\"><div class=\"hero-overlay\"><\/div><div class=\"hero-content\"><h1><p>X\u00e1c \u0111\u1ecbnh ch\u00ednh x\u00e1c nhu c\u1ea7u.<br \/>Khai th\u00e1c ti\u1ec1m n\u0103ng.<\/p><\/h1><\/div><div class=\"hero-video-controls\"><button class=\"hero-pause-btn\" id=\"hero-pause-btn\" style=\"display: none;\"><svg class=\"pause-icon\" viewbox=\"0 0 24 24\" fill=\"currentColor\"><path d=\"M6 19h4V5H6v14zm8-14v14h4V5h-4z\"\/><\/svg><svg class=\"play-icon\" viewbox=\"0 0 24 24\" fill=\"currentColor\" style=\"display: none;\"><path d=\"M8 5v14l11-7z\"\/><\/svg><\/button><\/div><\/div>\t\t\t\t<\/div>\n\t\t\t\t<\/div>\n\t\t\t\t\t<\/div>\n\t\t\t\t<\/div>\n\t\t<div class=\"elementor-element elementor-element-621df99 e-flex e-con-boxed e-con e-parent\" data-id=\"621df99\" data-element_type=\"container\" data-e-type=\"container\">\n\t\t\t\t\t<div class=\"e-con-inner\">\n\t\t\t\t<div class=\"elementor-element elementor-element-c2dcc95 elementor-widget elementor-widget-rmff-image-link-blocks\" data-id=\"c2dcc95\" data-element_type=\"widget\" data-e-type=\"widget\" data-widget_type=\"rmff-image-link-blocks.default\">\n\t\t\t\t<div class=\"elementor-widget-container\">\n\t\t\t\t\t<div class=\"image-link-blocks-widget\"><h2 class=\"image-link-blocks-headline\">Xem c\u00e1c d\u1ef1 \u00e1n c\u1ee7a ch\u00fang t\u00f4i<\/h2><div class=\"image-link-blocks-grid\"><a href=\"\/funding\/education\" class=\"image-link-block fade-in-up\" data-area=\"education\" style=\"background-image: url(https:\/\/rmff.org\/wp-content\/uploads\/2025\/09\/shutterstock_2492761215-1-1.png);\"><div class=\"image-link-block-overlay\"><img decoding=\"async\" src=\"https:\/\/rmff.org\/wp-content\/themes\/rmff2025\/assets\/images\/icon-education.svg\" alt=\"Education\" class=\"image-link-block-area-icon\"><\/div><div class=\"image-link-block-content\"><div class=\"image-link-block-text\"><h3 class=\"image-link-block-title\">Gi\u00e1o d\u1ee5c<\/h3><p class=\"image-link-block-hover-text\">T\u0103ng c\u01b0\u1eddng ch\u1ea5t l\u01b0\u1ee3ng gi\u00e1o d\u1ee5c v\u00e0 k\u1ebft qu\u1ea3 \u0111\u00e0o t\u1ea1o ngu\u1ed3n nh\u00e2n l\u1ef1c<\/p><\/div><div class=\"image-link-block-arrow\"><svg viewbox=\"0 0 24 24\" fill=\"currentColor\"><path d=\"M8.59 16.59L13.17 12 8.59 7.41 10 6l6 6-6 6-1.41-1.41z\"\/><\/svg><\/div><\/div><\/a><a href=\"\/funding\/health\" class=\"image-link-block fade-in-up\" data-area=\"health\" style=\"background-image: url(https:\/\/rmff.org\/wp-content\/uploads\/2025\/08\/shutterstock_2276001457-1.png);\"><div class=\"image-link-block-overlay\"><img decoding=\"async\" src=\"https:\/\/rmff.org\/wp-content\/themes\/rmff2025\/assets\/images\/icon-health.svg\" alt=\"Health\" class=\"image-link-block-area-icon\"><\/div><div class=\"image-link-block-content\"><div class=\"image-link-block-text\"><h3 class=\"image-link-block-title\">S\u1ee9c kh\u1ecfe<\/h3><p class=\"image-link-block-hover-text\">C\u1ea3i thi\u1ec7n k\u1ebft qu\u1ea3 s\u1ee9c kh\u1ecfe<\/p><\/div><div class=\"image-link-block-arrow\"><svg viewbox=\"0 0 24 24\" fill=\"currentColor\"><path d=\"M8.59 16.59L13.17 12 8.59 7.41 10 6l6 6-6 6-1.41-1.41z\"\/><\/svg><\/div><\/div><\/a><a href=\"\/funding\/vitality-of-indianapolis\" class=\"image-link-block fade-in-up\" data-area=\"vitality\" style=\"background-image: url(https:\/\/rmff.org\/wp-content\/uploads\/2025\/10\/shutterstock_2503767829-scaled-e1760102864210.jpg);\"><div class=\"image-link-block-overlay\"><img decoding=\"async\" src=\"https:\/\/rmff.org\/wp-content\/themes\/rmff2025\/assets\/images\/icon-vitality.svg\" alt=\"Vitality\" class=\"image-link-block-area-icon\"><\/div><div class=\"image-link-block-content\"><div class=\"image-link-block-text\"><h3 class=\"image-link-block-title\">S\u1ef1 s\u00f4i \u0111\u1ed9ng c\u1ee7a Indianapolis<\/h3><p class=\"image-link-block-hover-text\">T\u1ea1o ra m\u1ed9t Indianapolis s\u00f4i \u0111\u1ed9ng h\u01a1n<\/p><\/div><div class=\"image-link-block-arrow\"><svg viewbox=\"0 0 24 24\" fill=\"currentColor\"><path d=\"M8.59 16.59L13.17 12 8.59 7.41 10 6l6 6-6 6-1.41-1.41z\"\/><\/svg><\/div><\/div><\/a><\/div><\/div>\t\t\t\t<\/div>\n\t\t\t\t<\/div>\n\t\t\t\t\t<\/div>\n\t\t\t\t<\/div>\n\t\t<div class=\"elementor-element elementor-element-79da9f2 e-flex e-con-boxed e-con e-parent\" data-id=\"79da9f2\" data-element_type=\"container\" data-e-type=\"container\" data-settings=\"{&quot;background_background&quot;:&quot;classic&quot;}\">\n\t\t\t\t\t<div class=\"e-con-inner\">\n\t\t\t\t<div class=\"elementor-element elementor-element-f6c75b8 elementor-widget elementor-widget-rmff-statement-callout\" data-id=\"f6c75b8\" data-element_type=\"widget\" data-e-type=\"widget\" data-widget_type=\"rmff-statement-callout.default\">\n\t\t\t\t<div class=\"elementor-widget-container\">\n\t\t\t\t\t<div class=\"statement-callout-widget fade-in-up\"><div class=\"eyebrow-text\">S\u1ee9 m\u1ec7nh c\u1ee7a ch\u00fang t\u00f4i <\/div><h2 class=\"statement-text\">N\u00e2ng cao s\u1ee9c s\u1ed1ng c\u1ee7a Indianapolis v\u00e0 n\u00e2ng cao ch\u1ea5t l\u01b0\u1ee3ng cu\u1ed9c s\u1ed1ng c\u1ee7a ng\u01b0\u1eddi d\u00e2n th\u00e0nh ph\u1ed1.<\/h2><\/div>\t\t\t\t<\/div>\n\t\t\t\t<\/div>\n\t\t\t\t\t<\/div>\n\t\t\t\t<\/div>\n\t\t<div class=\"elementor-element elementor-element-079d93e e-flex e-con-boxed e-con e-parent\" data-id=\"079d93e\" data-element_type=\"container\" data-e-type=\"container\" data-settings=\"{&quot;background_background&quot;:&quot;classic&quot;}\">\n\t\t\t\t\t<div class=\"e-con-inner\">\n\t\t\t\t<div class=\"elementor-element elementor-element-43a31a4 elementor-widget elementor-widget-rmff-horizontal-stats\" data-id=\"43a31a4\" data-element_type=\"widget\" data-e-type=\"widget\" data-widget_type=\"rmff-horizontal-stats.default\">\n\t\t\t\t<div class=\"elementor-widget-container\">\n\t\t\t\t\t<div class=\"horizontal-stats-widget\"><h2 class=\"horizontal-stats-headline\">S\u1ee9 m\u1ec7nh c\u1ee7a ch\u00fang t\u00f4i trong h\u00e0nh \u0111\u1ed9ng<\/h2><div class=\"horizontal-stats-grid\"><div class=\"horizontal-stat-item fade-in-up\"><a href=\"\/grants\/all-grants-awarded\/\" class=\"stat-number-link\"><div class=\"stat-number metric-text\"><span class=\"stat-number-prefix\">$<\/span><span class=\"stat-number-value\" data-target=\"326.7\">0<\/span><span class=\"stat-number-suffix\">M<\/span><\/div><\/a><div class=\"stat-bold-descriptor\">T\u1ed5ng s\u1ed1 ti\u1ec1n t\u00e0i tr\u1ee3<\/div><div class=\"stat-light-descriptor\">t\u1eeb n\u0103m 1986 \u0111\u1ebfn n\u0103m 2024<\/div><a href=\"\/grants\/all-grants-awarded\/\" class=\"cta-button secondary\">Xem t\u1ea5t c\u1ea3 c\u00e1c kho\u1ea3n t\u00e0i tr\u1ee3 \u0111\u00e3 \u0111\u01b0\u1ee3c trao<\/a><\/div><div class=\"horizontal-stat-item fade-in-up\"><a href=\"\/grants\/the-grants-process\/\" class=\"stat-number-link\"><div class=\"stat-number metric-text\"><span class=\"stat-number-value\" data-target=\"160\">0<\/span><\/div><\/a><div class=\"stat-bold-descriptor\">c\u00e1c kho\u1ea3n t\u00e0i tr\u1ee3<\/div><div class=\"stat-light-descriptor\">t\u1eeb n\u0103m 2020 \u0111\u1ebfn n\u0103m 2024<\/div><a href=\"\/grants\/the-grants-process\/\" class=\"cta-button secondary\">Quy tr\u00ecnh t\u00e0i tr\u1ee3 c\u1ee7a ch\u00fang t\u00f4i<\/a><\/div><div class=\"horizontal-stat-item fade-in-up\"><a href=\"\/research\/reports\/\" class=\"stat-number-link\"><div class=\"stat-number metric-text\"><span class=\"stat-number-value\" data-target=\"22\">0<\/span><\/div><\/a><div class=\"stat-bold-descriptor\">b\u00e1o c\u00e1o<\/div><div class=\"stat-light-descriptor\">t\u1eeb n\u0103m 2020 \u0111\u1ebfn n\u0103m 2024<\/div><a href=\"\/research\/reports\/\" class=\"cta-button secondary\">Xem t\u1ea5t c\u1ea3 b\u00e1o c\u00e1o<\/a><\/div><div class=\"horizontal-stat-item fade-in-up\"><a href=\"\/funding\/collaboration-convenings\/%20\" class=\"stat-number-link\"><div class=\"stat-number metric-text\"><span class=\"stat-number-value\" data-target=\"158\">0<\/span><\/div><\/a><div class=\"stat-bold-descriptor\">c\u00e1c cu\u1ed9c h\u1ecdp<\/div><div class=\"stat-light-descriptor\">t\u1eeb n\u0103m 2020 \u0111\u1ebfn n\u0103m 2024<\/div><a href=\"\/funding\/collaboration-convenings\/%20\" class=\"cta-button secondary\">C\u00e1ch ch\u00fang t\u00f4i h\u1ee3p t\u00e1c<\/a><\/div><\/div><\/div>\t\t\t\t<\/div>\n\t\t\t\t<\/div>\n\t\t\t\t\t<\/div>\n\t\t\t\t<\/div>\n\t\t<div class=\"elementor-element elementor-element-5f15870 e-flex e-con-boxed e-con e-parent\" data-id=\"5f15870\" data-element_type=\"container\" data-e-type=\"container\">\n\t\t\t\t\t<div class=\"e-con-inner\">\n\t\t\t\t<div class=\"elementor-element elementor-element-1d5ddca elementor-widget elementor-widget-stories\" data-id=\"1d5ddca\" data-element_type=\"widget\" data-e-type=\"widget\" data-widget_type=\"stories.default\">\n\t\t\t\t<div class=\"elementor-widget-container\">\n\t\t\t\t\t<div class=\"stories-widget stories-widget--vertical\"><div class=\"stories-header\"><h2 class=\"stories-headline\">H\u1ed7 tr\u1ee3 s\u1ef1 ti\u1ebfn b\u1ed9 c\u00f3 \u00fd ngh\u0129a<\/h2><a href=\"#signup\" class=\"stories-cta-button cta-button underlined\">Nh\u1eadn th\u00f4ng b\u00e1o qua email<\/a><\/div><div class=\"stories-grid\"><div class=\"story-item fade-in-up\"><a href=\"https:\/\/rmff.org\/vi\/2025\/10\/fairbanks-foundation-cohosts-pathways-convening\/\" class=\"story-image-link\"><div class=\"story-image\" style=\"background-image: url('https:\/\/rmff.org\/wp-content\/uploads\/2025\/10\/Image-2025-09-24T093807.516-600x450-1-e1765211036209.jpg');\"><\/div><\/a><div class=\"story-content\"><a href=\"https:\/\/rmff.org\/vi\/2025\/10\/fairbanks-foundation-cohosts-pathways-convening\/\" class=\"story-headline-link\"><h3 class=\"story-headline\">Qu\u1ef9 Fairbanks \u0111\u1ed3ng t\u1ed5 ch\u1ee9c H\u1ed9i ngh\u1ecb Pathways<\/h3><\/a><div class=\"story-description\">Th\u00e1ng 10, Qu\u1ef9 Fairbanks v\u00e0 CareerWise USA \u0111\u00e3 \u0111\u1ed3ng t\u1ed5 ch\u1ee9c L\u1ec5 khai m\u1ea1c Vi\u1ec7n CEMETS N\u00e2ng cao Hoa K\u1ef3, h\u1ee3p t\u00e1c v\u1edbi CEMETS.<\/div><a href=\"https:\/\/rmff.org\/vi\/2025\/10\/fairbanks-foundation-cohosts-pathways-convening\/\" class=\"story-cta-button cta-button\">\u0110\u1ecdc th\u00eam<\/a><\/div><\/div><div class=\"story-item fade-in-up\"><a href=\"https:\/\/rmff.org\/vi\/2025\/10\/the-impact-of-college-matters-meeting-the-moment\/\" class=\"story-image-link\"><div class=\"story-image\" style=\"background-image: url('https:\/\/rmff.org\/wp-content\/uploads\/2025\/10\/shutterstock_2345710741-2-scaled-e1765823564842.jpg');\"><\/div><\/a><div class=\"story-content\"><a href=\"https:\/\/rmff.org\/vi\/2025\/10\/the-impact-of-college-matters-meeting-the-moment\/\" class=\"story-headline-link\"><h3 class=\"story-headline\">T\u00e1c \u0111\u1ed9ng c\u1ee7a <i>V\u1ea5n \u0111\u1ec1 c\u1ee7a tr\u01b0\u1eddng \u0111\u1ea1i h\u1ecdc: \u0110\u1ed1i m\u1eb7t v\u1edbi th\u00e1ch th\u1ee9c<\/i><\/h3><\/a><div class=\"story-description\">N\u0103m 2023, Qu\u1ef9 Richard M. Fairbanks \u0111\u00e3 kh\u1edfi \u0111\u1ed9ng ch\u01b0\u01a1ng tr\u00ecnh College Matters, m\u1ed9t s\u00e1ng ki\u1ebfn t\u00e0i tr\u1ee3 hai giai \u0111o\u1ea1n v\u1edbi t\u1ed5ng kinh ph\u00ed $14 tri\u1ec7u \u0111\u00f4 la nh\u1eb1m t\u0103ng t\u1ef7 l\u1ec7 nh\u1eadp h\u1ecdc \u0111\u1ea1i h\u1ecdc cho h\u1ecdc sinh l\u1edbp 12 t\u1ea1i H\u1ea1t Marion.<\/div><a href=\"https:\/\/rmff.org\/vi\/2025\/10\/the-impact-of-college-matters-meeting-the-moment\/\" class=\"story-cta-button cta-button\">\u0110\u1ecdc th\u00eam<\/a><\/div><\/div><div class=\"story-item fade-in-up\"><a href=\"https:\/\/rmff.org\/vi\/2025\/11\/fairbanks-foundation-awards-grants-to-support-food-insecurity-efforts\/\" class=\"story-image-link\"><div class=\"story-image\" style=\"background-image: url('https:\/\/rmff.org\/wp-content\/uploads\/2025\/11\/shutterstock_2165751001-2.jpg');\"><\/div><\/a><div class=\"story-content\"><a href=\"https:\/\/rmff.org\/vi\/2025\/11\/fairbanks-foundation-awards-grants-to-support-food-insecurity-efforts\/\" class=\"story-headline-link\"><h3 class=\"story-headline\">Qu\u1ef9 Fairbanks trao gi\u1ea3i th\u01b0\u1edfng \u0111\u1ec3 h\u1ed7 tr\u1ee3 c\u00e1c n\u1ed7 l\u1ef1c gi\u1ea3m thi\u1ec3u t\u00ecnh tr\u1ea1ng thi\u1ebfu an ninh l\u01b0\u01a1ng th\u1ef1c.<\/h3><\/a><div class=\"story-description\">\u0110\u1ea7u th\u00e1ng n\u00e0y, Qu\u1ef9 Richard M. Fairbanks \u0111\u00e3 trao $25.000 USD t\u00e0i tr\u1ee3 cho b\u1ea3y t\u1ed5 ch\u1ee9c phi l\u1ee3i nhu\u1eadn \u0111ang gi\u1ea3i quy\u1ebft v\u1ea5n \u0111\u1ec1 an ninh l\u01b0\u01a1ng th\u1ef1c t\u1ea1i Indianapolis.<\/div><a href=\"https:\/\/rmff.org\/vi\/2025\/11\/fairbanks-foundation-awards-grants-to-support-food-insecurity-efforts\/\" class=\"story-cta-button cta-button\">\u0110\u1ecdc th\u00eam<\/a><\/div><\/div><\/div><\/div>\t\t\t\t<\/div>\n\t\t\t\t<\/div>\n\t\t\t\t\t<\/div>\n\t\t\t\t<\/div>\n\t\t<div class=\"elementor-element elementor-element-2ed8cf2 e-flex e-con-boxed e-con e-parent\" data-id=\"2ed8cf2\" data-element_type=\"container\" data-e-type=\"container\" data-settings=\"{&quot;background_background&quot;:&quot;classic&quot;}\">\n\t\t\t\t\t<div class=\"e-con-inner\">\n\t\t\t\t<div class=\"elementor-element elementor-element-c069f71 elementor-widget elementor-widget-rmff_tabs\" data-id=\"c069f71\" data-element_type=\"widget\" data-e-type=\"widget\" data-widget_type=\"rmff_tabs.default\">\n\t\t\t\t<div class=\"elementor-widget-container\">\n\t\t\t\t\t<div class=\"rmff-tabs-widget fade-in-up\"><div class=\"rmff-tabs-header\"><h2 class=\"rmff-tabs-headline\">Chia s\u1ebb d\u1eef li\u1ec7u quan tr\u1ecdng<\/h2><a href=\"\/community-data-snapshot\" class=\"rmff-tabs-cta-button underlined cta-button\">Kh\u00e1m ph\u00e1 to\u00e0n b\u1ed9 d\u1eef li\u1ec7u<\/a><\/div><div class=\"rmff-tabs-container\"><div class=\"rmff-tabs-navigation\"><button class=\"rmff-tab-button active\" data-tab=\"0\">B\u1ea3n t\u00f3m t\u1eaft d\u1eef li\u1ec7u c\u1ed9ng \u0111\u1ed3ng<\/button><button class=\"rmff-tab-button\" data-tab=\"1\">Gi\u00e1o d\u1ee5c<\/button><button class=\"rmff-tab-button\" data-tab=\"2\">S\u1ee9c kh\u1ecfe<\/button><button class=\"rmff-tab-button\" data-tab=\"3\">S\u1ef1 s\u00f4i \u0111\u1ed9ng c\u1ee7a Indianapolis<\/button><button class=\"rmff-tab-button\" data-tab=\"4\">D\u00e2n s\u1ed1<\/button><\/div><div class=\"rmff-tabs-content\"><div class=\"rmff-tab-content active\" data-tab=\"0\"><div class=\"rmff-tab-text\"><div class=\"rmff-tab-description\"><h3>H\u01a1n 300 bi\u1ec3u \u0111\u1ed3 v\u00e0 \u0111\u1ed3 th\u1ecb mi\u1ec5n ph\u00ed d\u00e0nh cho m\u1ee5c \u0111\u00edch s\u1eed d\u1ee5ng c\u00f4ng c\u1ed9ng.<\/h3><p>Ch\u00fang t\u00f4i tin t\u01b0\u1edfng v\u00e0o vi\u1ec7c \u0111\u01b0a ra quy\u1ebft \u0111\u1ecbnh d\u1ef1a tr\u00ean d\u1eef li\u1ec7u v\u00e0 chia s\u1ebb nh\u1eefng g\u00ec ch\u00fang t\u00f4i \u0111\u00e3 thu th\u1eadp \u0111\u1ec3 gi\u00fap ng\u01b0\u1eddi kh\u00e1c l\u00e0m \u0111i\u1ec1u t\u01b0\u01a1ng t\u1ef1. B\u00e1o c\u00e1o T\u1ed5ng quan D\u1eef li\u1ec7u C\u1ed9ng \u0111\u1ed3ng c\u1ee7a ch\u00fang t\u00f4i t\u1ed5ng h\u1ee3p d\u1eef li\u1ec7u t\u1eeb nhi\u1ec1u ngu\u1ed3n \u0111\u1ec3 cung c\u1ea5p nh\u1eefng th\u00f4ng tin chi ti\u1ebft v\u1ec1 <a href=\"\/community-data-snapshot\/?topic=education&amp;subtopic=early-childhood-education&amp;graph=early-childhood-education-providerscenters\">Gi\u00e1o d\u1ee5c<\/a>, <a href=\"\/community-data-snapshot\/?topic=health&amp;subtopic=cause-of-death&amp;graph=cause-of-death\">S\u1ee9c kh\u1ecfe<\/a>, , <a href=\"\/community-data-snapshot\/?topic=vitality-of-indianapolis&amp;subtopic=employment&amp;graph=labor-force\">S\u1ef1 s\u00f4i \u0111\u1ed9ng c\u1ee7a Indianapolis<\/a>, v\u00e0 <a href=\"\/community-data-snapshot\/?topic=demographics&amp;subtopic=demographic-characteristics&amp;graph=total-population\">D\u00e2n s\u1ed1<\/a>. V\u1edbi h\u01a1n 300 bi\u1ec3u \u0111\u1ed3 v\u00e0 \u0111\u1ed3 th\u1ecb, c\u00f4ng c\u1ee5 n\u00e0y \u0111\u01b0\u1ee3c thi\u1ebft k\u1ebf \u0111\u1ec3 h\u1ed7 tr\u1ee3 c\u00e1c \u0111\u1ed1i t\u00e1c nh\u1eadn t\u00e0i tr\u1ee3, \u0111\u1ed1i t\u00e1c c\u1ee7a ch\u00fang t\u00f4i, c\u00e1c b\u00ean li\u00ean quan trong c\u1ed9ng \u0111\u1ed3ng v\u00e0 c\u00e1c b\u00ean kh\u00e1c \u0111\u01b0a ra quy\u1ebft \u0111\u1ecbnh c\u00f3 c\u0103n c\u1ee9, t\u1eeb \u0111\u00f3 mang l\u1ea1i k\u1ebft qu\u1ea3 t\u1ed1t h\u01a1n.<\/p><\/div><a href=\"\/community-data-snapshot\" class=\"rmff-tab-cta-button cta-button\">Xem t\u1ea5t c\u1ea3 bi\u1ec3u \u0111\u1ed3 t\u01b0\u01a1ng t\u00e1c<\/a><\/div><div class=\"rmff-tab-image\"><img decoding=\"async\" src=\"https:\/\/rmff.org\/wp-content\/uploads\/2025\/08\/Graph-2.svg\" alt=\"Community Data Snapshot\"><\/div><\/div><div class=\"rmff-tab-content\" data-tab=\"1\"><div class=\"rmff-tab-text\"><div class=\"rmff-tab-description\"><h3>Nh\u1eefng \u0111i\u1ec3m n\u1ed5i b\u1eadt v\u1ec1 d\u1eef li\u1ec7u gi\u00e1o d\u1ee5c<\/h3><p><strong>23.1%<\/strong>\u00a0 H\u1ecdc sinh l\u1edbp 8 c\u1ee7a H\u1ea1t Marion \u0111\u00e3 v\u01b0\u1ee3t qua k\u1ef3 thi. <a href=\"https:\/\/rmff.org\/community-data-snapshot\/?topic=education&amp;subtopic=academic-achievement&amp;graph=ilearn\">\u0110\u00e1nh gi\u00e1 to\u00e1n h\u1ecdc ILEARN<\/a> v\u00e0o n\u0103m 2025.<\/p><p><strong>89.1%\u00a0 <\/strong>c\u1ee7a h\u1ecdc sinh l\u1edbp 12 t\u1ea1i H\u1ea1t Marion <a href=\"https:\/\/rmff.org\/community-data-snapshot\/?topic=education&amp;subtopic=college-and-career-readiness&amp;graph=high-school-graduation\">T\u1ed1t nghi\u1ec7p \u0111\u00fang h\u1ea1n<\/a> v\u00e0o n\u0103m 2025.<\/p><p><strong>42.5%\u00a0 <\/strong>C\u1ee7a c\u01b0 d\u00e2n H\u1ea1t Marion \u0111\u00e3 <a href=\"https:\/\/rmff.org\/community-data-snapshot\/?topic=education&amp;subtopic=degree-and-credential-attainment&amp;graph=educational-attainment\">B\u1eb1ng cao \u0111\u1eb3ng ho\u1eb7c cao h\u01a1n<\/a> v\u00e0o n\u0103m 2024.<\/p><\/div><a href=\"\/community-data-snapshot\/?topic=education&#038;subtopic=early-childhood-education&#038;graph=early-childhood-education-providerscenters\" class=\"rmff-tab-cta-button cta-button\">Xem t\u1ea5t c\u1ea3 bi\u1ec3u \u0111\u1ed3 gi\u00e1o d\u1ee5c<\/a><\/div><div class=\"rmff-tab-image\"><img decoding=\"async\" src=\"https:\/\/rmff.org\/wp-content\/uploads\/2025\/08\/Education-Graph.svg\" alt=\"Education\"><\/div><\/div><div class=\"rmff-tab-content\" data-tab=\"2\"><div class=\"rmff-tab-text\"><div class=\"rmff-tab-description\"><h3>Nh\u1eefng \u0111i\u1ec3m n\u1ed5i b\u1eadt v\u1ec1 d\u1eef li\u1ec7u y t\u1ebf<\/h3><p><strong>70%\u00a0 <\/strong>C\u00e1c c\u01b0 d\u00e2n c\u1ee7a khu v\u1ef1c \u0111\u00f4 th\u1ecb Indianapolis \u0111\u00e3 \u0111\u01b0\u1ee3c xem x\u00e9t. <a href=\"https:\/\/rmff.org\/community-data-snapshot\/?topic=health&amp;subtopic=health-status&amp;graph=weight-status\">th\u1eeba c\u00e2n ho\u1eb7c b\u00e9o ph\u00ec<\/a> v\u00e0o n\u0103m 2023.<\/p><p><strong>14.5%\u00a0 <\/strong>c\u1ee7a thanh ni\u00ean H\u1ea1t Marion <a href=\"https:\/\/rmff.org\/community-data-snapshot\/?topic=health&amp;subtopic=mental-health&amp;graph=youth-mental-health\">\u0110\u00e3 t\u1eebng c\u00f3 \u00fd \u0111\u1ecbnh t\u1ef1 t\u1eed.<\/a> v\u00e0o n\u0103m 2024.<\/p><p><strong>422\u00a0 <\/strong><a href=\"https:\/\/rmff.org\/community-data-snapshot\/?topic=health&amp;subtopic=substance-use-disorder&amp;graph=drug-and-alcohol-induced-deaths\">Ng\u1ed9 \u0111\u1ed9c thu\u1ed1c g\u00e2y t\u1eed vong<\/a> (overdoses) occurred in Marion County in 2024.<\/p><\/div><a href=\"\/community-data-snapshot\/?topic=health&#038;subtopic=cause-of-death&#038;graph=cause-of-death\" class=\"rmff-tab-cta-button cta-button\">Xem t\u1ea5t c\u1ea3 bi\u1ec3u \u0111\u1ed3 s\u1ee9c kh\u1ecfe<\/a><\/div><div class=\"rmff-tab-image\"><img decoding=\"async\" src=\"https:\/\/rmff.org\/wp-content\/uploads\/2025\/09\/Health-Graph.svg\" alt=\"Health\"><\/div><\/div><div class=\"rmff-tab-content\" data-tab=\"3\"><div class=\"rmff-tab-text\"><div class=\"rmff-tab-description\"><h3>S\u1ee9c s\u1ed1ng c\u1ee7a Indianapolis: Nh\u1eefng \u0111i\u1ec3m nh\u1ea5n d\u1eef li\u1ec7u<\/h3><p><strong>82.8%\u00a0 <\/strong>C\u1ee7a c\u01b0 d\u00e2n H\u1ea1t Marion l\u00e0 <a href=\"https:\/\/rmff.org\/community-data-snapshot\/?topic=vitality-of-indianapolis&amp;subtopic=employment&amp;graph=labor-force\">\u0111ang l\u00e0m vi\u1ec7c ho\u1eb7c \u0111ang t\u00ecm ki\u1ebfm vi\u1ec7c l\u00e0m<\/a> v\u00e0o n\u0103m 2024.<\/p><p><strong>15.9%\u00a0 <\/strong>C\u01b0 d\u00e2n c\u1ee7a H\u1ea1t Marion s\u1ed1ng trong m\u1ed9t <a href=\"https:\/\/rmff.org\/community-data-snapshot\/?topic=vitality-of-indianapolis&amp;subtopic=incomepoverty&amp;graph=food-insecurity\">H\u1ed9 gia \u0111\u00ecnh thi\u1ebfu an ninh l\u01b0\u01a1ng th\u1ef1c<\/a> v\u00e0o n\u0103m 2023.<\/p><p><strong>25.9%\u00a0 <\/strong>C\u00e1c h\u1ed9 thu\u00ea nh\u00e0 \u1edf H\u1ea1t Marion \u0111\u00e3 chi ti\u00eau <a href=\"https:\/\/rmff.org\/community-data-snapshot\/?topic=vitality-of-indianapolis&amp;subtopic=housing&amp;graph=rent-burden\">H\u01a1n 50% thu nh\u1eadp h\u1ed9 gia \u0111\u00ecnh c\u1ee7a h\u1ecd d\u00e0nh cho ti\u1ec1n thu\u00ea nh\u00e0.<\/a> v\u00e0o n\u0103m 2024.<\/p><\/div><a href=\"\/community-data-snapshot\/?topic=vitality-of-indianapolis&#038;subtopic=employment&#038;graph=labor-force\" class=\"rmff-tab-cta-button cta-button\">Xem t\u1ea5t c\u1ea3 bi\u1ec3u \u0111\u1ed3 v\u1ec1 s\u1ee9c s\u1ed1ng c\u1ee7a Indianapolis<\/a><\/div><div class=\"rmff-tab-image\"><img decoding=\"async\" src=\"https:\/\/rmff.org\/wp-content\/uploads\/2025\/09\/Vitality-Graph.svg\" alt=\"Vitality of Indianapolis\"><\/div><\/div><div class=\"rmff-tab-content\" data-tab=\"4\"><div class=\"rmff-tab-text\"><div class=\"rmff-tab-description\"><h3>Nh\u1eefng \u0111i\u1ec3m n\u1ed5i b\u1eadt v\u1ec1 d\u1eef li\u1ec7u d\u00e2n s\u1ed1<\/h3><p><strong>981,628\u00a0<\/strong> <a href=\"https:\/\/rmff.org\/community-data-snapshot\/?topic=demographics&amp;subtopic=demographic-characteristics&amp;graph=total-population\">S\u1ed1ng t\u1ea1i H\u1ea1t Marion<\/a> v\u00e0o n\u0103m 2024.<\/p><p><strong>34.6<\/strong>\u00a0 l\u00e0 <a href=\"https:\/\/rmff.org\/community-data-snapshot\/?topic=demographics&amp;subtopic=demographic-characteristics&amp;graph=age\">tu\u1ed5i trung b\u00ecnh<\/a> t\u1ea1i H\u1ea1t Marion v\u00e0o n\u0103m 2023.<\/p><p><strong>5.6%\u00a0<\/strong> C\u00e1c h\u1ed9 gia \u0111\u00ecnh \u1edf H\u1ea1t Marion c\u00f3 <a href=\"https:\/\/rmff.org\/community-data-snapshot\/?topic=demographics&amp;subtopic=demographic-characteristics&amp;graph=households-with-limited-english-speaking-proficiency\">Kh\u1ea3 n\u0103ng s\u1eed d\u1ee5ng ti\u1ebfng Anh h\u1ea1n ch\u1ebf<\/a> v\u00e0o n\u0103m 2024.<\/p><\/div><a href=\"\/community-data-snapshot\/?topic=demographics&#038;subtopic=demographic-characteristics&#038;graph=total-population\" class=\"rmff-tab-cta-button cta-button\">Xem t\u1ea5t c\u1ea3 bi\u1ec3u \u0111\u1ed3 d\u00e2n s\u1ed1<\/a><\/div><div class=\"rmff-tab-image\"><img decoding=\"async\" src=\"https:\/\/rmff.org\/wp-content\/uploads\/2025\/09\/Demographic-Graph.svg\" alt=\"Demographics\"><\/div><\/div><\/div><\/div><\/div>\t\t\t\t<\/div>\n\t\t\t\t<\/div>\n\t\t\t\t\t<\/div>\n\t\t\t\t<\/div>\n\t\t\t\t<\/div>","protected":false},"excerpt":{"rendered":"<p>Pinpointing Needs.Fueling Potential. See Our Work Education Strengthening education and workforce outcomes Health Improving health outcomes Vitality of Indianapolis Creating a more vibrant Indianapolis Our Mission Advancing the Vitality of Indianapolis and the Well-Being of Its People Our Mission In Action $0Min total grantsfrom 1986-2024See All Awarded Grants0grantsfrom 2020-2024Our Funding Process0reportsfrom 2020-2024Browse All Reports0conveningsfrom 2020-2024How [&hellip;]<\/p>\n","protected":false},"author":1,"featured_media":0,"parent":0,"menu_order":0,"comment_status":"closed","ping_status":"closed","template":"","meta":{"_acf_changed":false,"footnotes":""},"class_list":["post-24","page","type-page","status-publish","hentry"],"acf":[],"_links":{"self":[{"href":"https:\/\/rmff.org\/vi\/wp-json\/wp\/v2\/pages\/24","targetHints":{"allow":["GET"]}}],"collection":[{"href":"https:\/\/rmff.org\/vi\/wp-json\/wp\/v2\/pages"}],"about":[{"href":"https:\/\/rmff.org\/vi\/wp-json\/wp\/v2\/types\/page"}],"author":[{"embeddable":true,"href":"https:\/\/rmff.org\/vi\/wp-json\/wp\/v2\/users\/1"}],"replies":[{"embeddable":true,"href":"https:\/\/rmff.org\/vi\/wp-json\/wp\/v2\/comments?post=24"}],"version-history":[{"count":0,"href":"https:\/\/rmff.org\/vi\/wp-json\/wp\/v2\/pages\/24\/revisions"}],"wp:attachment":[{"href":"https:\/\/rmff.org\/vi\/wp-json\/wp\/v2\/media?parent=24"}],"curies":[{"name":"wp","href":"https:\/\/api.w.org\/{rel}","templated":true}]}}